{"id":79542,"date":"2021-02-21T20:04:57","date_gmt":"2021-02-21T20:04:57","guid":{"rendered":"https:\/\/www.autonvaraosahaku.fi\/?product=autofren-seinsa-d7108c-jarrusatula-korjaussarja"},"modified":"2021-02-21T20:05:01","modified_gmt":"2021-02-21T20:05:01","slug":"autofren-seinsa-d7108c-jarrusatula-korjaussarja","status":"publish","type":"product","link":"https:\/\/www.autonvaraosahaku.fi\/?product=autofren-seinsa-d7108c-jarrusatula-korjaussarja","title":{"rendered":"AUTOFREN SEINSA D7108C Jarrusatula korjaussarja"},"content":{"rendered":"<p>Erittely: WITH GUIDE PINS; T\u00e4yssarja: ; Jarruj\u00e4rjestelm\u00e4: Akebono.; L\u00e4pimitta 1\/l\u00e4pimitta 2 [mm]: 11\/11; Korvaava tuote\/korvaava tiedote 2: Ruuveilla; Asennuspuoli: Vorderachse; OPEL: FRONTERA B 6B_,FRONTERA A Sport 5_SUD2,FRONTERA A 5_MWL4,MONTEREY A UBS_,MONTEREY B; CITRO\u00cbN: C-CROSSER EP_,C-CROSSER ENTERPRISE; PEUGEOT: 4007 GP_; MITSUBISHI: OUTLANDER XL II CW_W,OUTLANDER III GG_W, GF_W, ZJ,GRANDIS NA_W,OUTLANDER I CU_W,LANCER SPORTBACK CX_A,GALANT VI Station Wagon EA_,GALANT VI EA_,SPACE WAGON N9_W, N8_W,L 200 K7_T, K6_T,PAJERO II V3_W, V2_W, V4_W,LANCER Stufenheck CS_A, CT0,PAJERO SPORT K90,ECLIPSE I D2_A,SPACE RUNNER N6_W,L 400 \/ SPACE GEAR Bus PD_W, PC_W, PA_V, PB_V,SIGMA F2_A, F1_A,GALANT IV E3_A,GALANT IV Stufenheck E3_A,PAJERO I Canvas Top L04_G,GALANT V Stufenheck E5_A, E7_A, E8_A,SIGMA Station Wagon F0_W,GALANT V E5_A, E7_A, E8_A,PAJERO II Canvas Top V2_W, V4_W,L 400 Kasten PD_W, PC_W, PB_V, PA_W, PA_V; ISUZU: TROOPER UB,TROOPER Soft Top UB; Ohjainhylsysarja, Jarrusatula<\/p>\n","protected":false},"excerpt":{"rendered":"<p>AUTOFREN SEINSA Ohjaustappi D7108C Ohjainhylsysarja, Jarrusatula OPEL,CITRO\u00cbN,PEUGEOT,FRONTERA B 6B_,FRONTERA A Sport 5_SUD2,FRONTERA A 5_MWL4<\/p>\n","protected":false},"featured_media":0,"template":"","meta":{"site-sidebar-layout":"default","site-content-layout":"default","ast-global-header-display":"","ast-main-header-display":"","ast-hfb-above-header-display":"","ast-hfb-below-header-display":"","ast-hfb-mobile-header-display":"","site-post-title":"","ast-breadcrumbs-content":"","ast-featured-img":"","footer-sml-layout":"","theme-transparent-header-meta":"","adv-header-id-meta":"","stick-header-meta":"","header-above-stick-meta":"","header-main-stick-meta":"","header-below-stick-meta":""},"pwb-brand":[243],"product_cat":[57],"product_tag":[],"class_list":{"0":"post-79542","1":"product","2":"type-product","3":"status-publish","5":"pwb-brand-autofren-seinsa","6":"product_cat-jarrusatula-korjaussarja","7":"desktop-align-left","8":"tablet-align-left","9":"mobile-align-left","11":"first","12":"instock","13":"product-type-external"},"brands":[{"id":243,"name":"AUTOFREN SEINSA","slug":"autofren-seinsa"}],"_links":{"self":[{"href":"https:\/\/www.autonvaraosahaku.fi\/index.php?rest_route=\/wp\/v2\/product\/79542","targetHints":{"allow":["GET"]}}],"collection":[{"href":"https:\/\/www.autonvaraosahaku.fi\/index.php?rest_route=\/wp\/v2\/product"}],"about":[{"href":"https:\/\/www.autonvaraosahaku.fi\/index.php?rest_route=\/wp\/v2\/types\/product"}],"wp:attachment":[{"href":"https:\/\/www.autonvaraosahaku.fi\/index.php?rest_route=%2Fwp%2Fv2%2Fmedia&parent=79542"}],"wp:term":[{"taxonomy":"pwb-brand","embeddable":true,"href":"https:\/\/www.autonvaraosahaku.fi\/index.php?rest_route=%2Fwp%2Fv2%2Fpwb-brand&post=79542"},{"taxonomy":"product_cat","embeddable":true,"href":"https:\/\/www.autonvaraosahaku.fi\/index.php?rest_route=%2Fwp%2Fv2%2Fproduct_cat&post=79542"},{"taxonomy":"product_tag","embeddable":true,"href":"https:\/\/www.autonvaraosahaku.fi\/index.php?rest_route=%2Fwp%2Fv2%2Fproduct_tag&post=79542"}],"curies":[{"name":"wp","href":"https:\/\/api.w.org\/{rel}","templated":true}]}}