{"id":79548,"date":"2021-02-21T20:04:57","date_gmt":"2021-02-21T20:04:57","guid":{"rendered":"https:\/\/www.autonvaraosahaku.fi\/?product=payen-nj336-kampiakselin-tiiviste"},"modified":"2021-02-21T20:05:03","modified_gmt":"2021-02-21T20:05:03","slug":"payen-nj336-kampiakselin-tiiviste","status":"publish","type":"product","link":"https:\/\/www.autonvaraosahaku.fi\/?product=payen-nj336-kampiakselin-tiiviste","title":{"rendered":"PAYEN NJ336 Kampiakselin tiiviste"},"content":{"rendered":"<p>Korkeus (mm): 8,00; Materiaali: NBR (nitriili-butadi-kumi); Sis\u00e4l\u00e4pimitta [mm]: 32,00; Ulkol\u00e4pimitta [mm]: 47,00; Akselitiivisteen malli: 827S RD; Py\u00f6rimissuunta: Py\u00f6rimissuunta my\u00f6t\u00e4p\u00e4iv\u00e4\u00e4n; Asennuspuoli: stirnseitig; DAEWOO: MATIZ KLYA,TICO KLY3; SUZUKI: JIMNY FJ,GRAND VITARA II JT,SAMURAI SJ,GRAND VITARA I FT,WAGON R+ MM,SWIFT II Schr\u00e4gheck EA, MA,VITARA ET, TA,VITARA Cabrio ET, TA,SJ 413,WAGON R+ EM,LJ 80,BALENO Kombi EG,BALENO EG,BALENO Schr\u00e4gheck EG,SJ 410 Cabrio,ALTO HA12, HA23,SJ 410,JIMNY SJ, JA, JB,ALTO HA11,X-90 EL,SWIFT I AA,WAGON R,SWIFT Cabriolet SF413,SWIFT II Stufenheck AH, AJ,CARRY Kasten FD,SUPER CARRY Bus ED,ALTO,ALTO SS80,CARRY Kasten SK410,CARRY Kasten ST90V,GRAND VITARA I Cabriolet GT,CARRY Pick-up,JIMNY Gel\u00e4ndewagen offen SN,SAMURAI Gel\u00e4ndewagen offen SJ,CARRY Pick-up FD,ALTO CM11, CL11, CP11, CN11, CP21, CN21, CM21, CL21, CS22,,CARRY Kasten,SUPER CARRY Kasten ED; SUBARU: JUSTY II JMA, MS; SANTANA: SAMURAI; 91120283, 91120284, 0928332003, 0928332016, 0928332022, 0928332025; Akselitiiviste, Kampiakseli<\/p>\n","protected":false},"excerpt":{"rendered":"<p>PAYEN Kampiakselin Tiiviste NJ336 Akselitiiviste, Kampiakseli DAEWOO,SUZUKI,SUBARU,MATIZ KLYA,TICO KLY3,JIMNY FJ,GRAND VITARA II JT,SAMURAI SJ<\/p>\n","protected":false},"featured_media":0,"template":"","meta":{"site-sidebar-layout":"default","site-content-layout":"default","ast-global-header-display":"","ast-main-header-display":"","ast-hfb-above-header-display":"","ast-hfb-below-header-display":"","ast-hfb-mobile-header-display":"","site-post-title":"","ast-breadcrumbs-content":"","ast-featured-img":"","footer-sml-layout":"","theme-transparent-header-meta":"","adv-header-id-meta":"","stick-header-meta":"","header-above-stick-meta":"","header-main-stick-meta":"","header-below-stick-meta":""},"pwb-brand":[329],"product_cat":[88],"product_tag":[],"class_list":{"0":"post-79548","1":"product","2":"type-product","3":"status-publish","5":"pwb-brand-payen","6":"product_cat-kampiakselin-tiiviste","7":"desktop-align-left","8":"tablet-align-left","9":"mobile-align-left","11":"first","12":"instock","13":"product-type-external"},"brands":[{"id":329,"name":"PAYEN","slug":"payen"}],"_links":{"self":[{"href":"https:\/\/www.autonvaraosahaku.fi\/index.php?rest_route=\/wp\/v2\/product\/79548","targetHints":{"allow":["GET"]}}],"collection":[{"href":"https:\/\/www.autonvaraosahaku.fi\/index.php?rest_route=\/wp\/v2\/product"}],"about":[{"href":"https:\/\/www.autonvaraosahaku.fi\/index.php?rest_route=\/wp\/v2\/types\/product"}],"wp:attachment":[{"href":"https:\/\/www.autonvaraosahaku.fi\/index.php?rest_route=%2Fwp%2Fv2%2Fmedia&parent=79548"}],"wp:term":[{"taxonomy":"pwb-brand","embeddable":true,"href":"https:\/\/www.autonvaraosahaku.fi\/index.php?rest_route=%2Fwp%2Fv2%2Fpwb-brand&post=79548"},{"taxonomy":"product_cat","embeddable":true,"href":"https:\/\/www.autonvaraosahaku.fi\/index.php?rest_route=%2Fwp%2Fv2%2Fproduct_cat&post=79548"},{"taxonomy":"product_tag","embeddable":true,"href":"https:\/\/www.autonvaraosahaku.fi\/index.php?rest_route=%2Fwp%2Fv2%2Fproduct_tag&post=79548"}],"curies":[{"name":"wp","href":"https:\/\/api.w.org\/{rel}","templated":true}]}}