{"id":79554,"date":"2021-02-21T20:05:04","date_gmt":"2021-02-21T20:05:04","guid":{"rendered":"https:\/\/www.autonvaraosahaku.fi\/?product=trw-jte572-raidetangon-paa"},"modified":"2021-02-21T20:05:06","modified_gmt":"2021-02-21T20:05:06","slug":"trw-jte572-raidetangon-paa","status":"publish","type":"product","link":"https:\/\/www.autonvaraosahaku.fi\/?product=trw-jte572-raidetangon-paa","title":{"rendered":"TRW JTE572 Raidetangon p\u00e4\u00e4"},"content":{"rendered":"<p>Kartiomitta (mm): 12,9; Pituus (mm): 115,2; Ulkokierre [mm]: M12x1,25; Sis\u00e4kierre (mm): M14x1,5; Kierremalli: Oikealla kierteell\u00e4; Lis\u00e4tarvike\/lis\u00e4tieto: Tarvikkeilla; Asennuspuoli: Vorderachse beidseitig; NISSAN: ALMERA TINO V10,ALMERA II Hatchback N16,ALMERA Mk II N16,200 SX S14,MAXIMA QX A33,MAXIMA QX A32,SUNNY III N14,PULSAR V Schr\u00e4gheck N14,ALTIMA,MAXIMA Station Wagon,BLUEBIRD SYLPHY N16; 485200C025, 485200M085, 4852015U25, 4852015U26, 4852060Y25, 4852071L25, 485208J025, D852015U26<\/p>\n","protected":false},"excerpt":{"rendered":"<p>TRW Raidetangon P\u00e4\u00e4 JTE572  NISSAN,ALMERA TINO V10,ALMERA II Hatchback N16,ALMERA Mk II N16,200 SX S14,MAXIMA QX A33,MAXIMA QX A32,SUNNY III N14<\/p>\n","protected":false},"featured_media":0,"template":"","meta":{"site-sidebar-layout":"default","site-content-layout":"default","ast-global-header-display":"","ast-main-header-display":"","ast-hfb-above-header-display":"","ast-hfb-below-header-display":"","ast-hfb-mobile-header-display":"","site-post-title":"","ast-breadcrumbs-content":"","ast-featured-img":"","footer-sml-layout":"","theme-transparent-header-meta":"","adv-header-id-meta":"","stick-header-meta":"","header-above-stick-meta":"","header-main-stick-meta":"","header-below-stick-meta":""},"pwb-brand":[332],"product_cat":[96],"product_tag":[],"class_list":{"0":"post-79554","1":"product","2":"type-product","3":"status-publish","5":"pwb-brand-trw","6":"product_cat-raidetangon-paa","7":"desktop-align-left","8":"tablet-align-left","9":"mobile-align-left","11":"first","12":"instock","13":"product-type-external"},"brands":[{"id":332,"name":"TRW","slug":"trw"}],"_links":{"self":[{"href":"https:\/\/www.autonvaraosahaku.fi\/index.php?rest_route=\/wp\/v2\/product\/79554","targetHints":{"allow":["GET"]}}],"collection":[{"href":"https:\/\/www.autonvaraosahaku.fi\/index.php?rest_route=\/wp\/v2\/product"}],"about":[{"href":"https:\/\/www.autonvaraosahaku.fi\/index.php?rest_route=\/wp\/v2\/types\/product"}],"wp:attachment":[{"href":"https:\/\/www.autonvaraosahaku.fi\/index.php?rest_route=%2Fwp%2Fv2%2Fmedia&parent=79554"}],"wp:term":[{"taxonomy":"pwb-brand","embeddable":true,"href":"https:\/\/www.autonvaraosahaku.fi\/index.php?rest_route=%2Fwp%2Fv2%2Fpwb-brand&post=79554"},{"taxonomy":"product_cat","embeddable":true,"href":"https:\/\/www.autonvaraosahaku.fi\/index.php?rest_route=%2Fwp%2Fv2%2Fproduct_cat&post=79554"},{"taxonomy":"product_tag","embeddable":true,"href":"https:\/\/www.autonvaraosahaku.fi\/index.php?rest_route=%2Fwp%2Fv2%2Fproduct_tag&post=79554"}],"curies":[{"name":"wp","href":"https:\/\/api.w.org\/{rel}","templated":true}]}}