{"id":79565,"date":"2021-02-21T20:05:04","date_gmt":"2021-02-21T20:05:04","guid":{"rendered":"https:\/\/www.autonvaraosahaku.fi\/?product=ferodo-ddf1696c-1-jarrulevyt"},"modified":"2021-02-21T20:05:09","modified_gmt":"2021-02-21T20:05:09","slug":"ferodo-ddf1696c-1-jarrulevyt","status":"publish","type":"product","link":"https:\/\/www.autonvaraosahaku.fi\/?product=ferodo-ddf1696c-1-jarrulevyt","title":{"rendered":"FERODO DDF1696C-1 Jarrulevyt"},"content":{"rendered":"<p>Korkeus (mm): 73; Paino [kg]: 5,4; Jarrulevytyyppi: Vakiomalli; Jarrulevyn paksuus (mm): 9; V\u00e4himm\u00e4ispaksuus (mm): 7; Ulkol\u00e4pimitta [mm]: 249; Reikien m\u00e4\u00e4r\u00e4: 4; keskitt\u00e4misl\u00e4pimitta [mm]: 55,9; Pinta: pinnoitettu; M\u00e4\u00e4r\u00e4yksikk\u00f6: Kappale; Korvaava tuote\/korvaava tiedote 2: ilman ABS-sensorirengasta, ilman py\u00f6r\u00e4nlaakeria; Pakkauspituus [cm]: 25,2; Pakkausleveys [cm]: 25,2; Pakkauskorkeus [mm]: 7,5; lis\u00e4tieto: PREMIER; Asennuspuoli: Hinterachse; CITRO\u00cbN: C4 II B7,DS4; PEUGEOT: 308 SW,308 4A_, 4C_,308 CC; 1609249980, 1609249980, 424965, 424966; Jarrulevy<\/p>\n","protected":false},"excerpt":{"rendered":"<p>FERODO Jarrulevyt DDF1696C-1 Jarrulevy CITRO\u00cbN,PEUGEOT,C4 II B7,DS4,308 SW,308 4A_, 4C_,308 CC<\/p>\n","protected":false},"featured_media":0,"template":"","meta":{"site-sidebar-layout":"default","site-content-layout":"default","ast-global-header-display":"","ast-main-header-display":"","ast-hfb-above-header-display":"","ast-hfb-below-header-display":"","ast-hfb-mobile-header-display":"","site-post-title":"","ast-breadcrumbs-content":"","ast-featured-img":"","footer-sml-layout":"","theme-transparent-header-meta":"","adv-header-id-meta":"","stick-header-meta":"","header-above-stick-meta":"","header-main-stick-meta":"","header-below-stick-meta":""},"pwb-brand":[298],"product_cat":[66],"product_tag":[],"class_list":{"0":"post-79565","1":"product","2":"type-product","3":"status-publish","5":"pwb-brand-ferodo","6":"product_cat-jarrulevyt","7":"desktop-align-left","8":"tablet-align-left","9":"mobile-align-left","11":"first","12":"instock","13":"product-type-external"},"brands":[{"id":298,"name":"FERODO","slug":"ferodo"}],"_links":{"self":[{"href":"https:\/\/www.autonvaraosahaku.fi\/index.php?rest_route=\/wp\/v2\/product\/79565","targetHints":{"allow":["GET"]}}],"collection":[{"href":"https:\/\/www.autonvaraosahaku.fi\/index.php?rest_route=\/wp\/v2\/product"}],"about":[{"href":"https:\/\/www.autonvaraosahaku.fi\/index.php?rest_route=\/wp\/v2\/types\/product"}],"wp:attachment":[{"href":"https:\/\/www.autonvaraosahaku.fi\/index.php?rest_route=%2Fwp%2Fv2%2Fmedia&parent=79565"}],"wp:term":[{"taxonomy":"pwb-brand","embeddable":true,"href":"https:\/\/www.autonvaraosahaku.fi\/index.php?rest_route=%2Fwp%2Fv2%2Fpwb-brand&post=79565"},{"taxonomy":"product_cat","embeddable":true,"href":"https:\/\/www.autonvaraosahaku.fi\/index.php?rest_route=%2Fwp%2Fv2%2Fproduct_cat&post=79565"},{"taxonomy":"product_tag","embeddable":true,"href":"https:\/\/www.autonvaraosahaku.fi\/index.php?rest_route=%2Fwp%2Fv2%2Fproduct_tag&post=79565"}],"curies":[{"name":"wp","href":"https:\/\/api.w.org\/{rel}","templated":true}]}}