{"id":79569,"date":"2021-02-21T20:05:04","date_gmt":"2021-02-21T20:05:04","guid":{"rendered":"https:\/\/www.autonvaraosahaku.fi\/?product=ferodo-ddf1369c-1-jarrulevyt"},"modified":"2021-02-21T20:05:11","modified_gmt":"2021-02-21T20:05:11","slug":"ferodo-ddf1369c-1-jarrulevyt","status":"publish","type":"product","link":"https:\/\/www.autonvaraosahaku.fi\/?product=ferodo-ddf1369c-1-jarrulevyt","title":{"rendered":"FERODO DDF1369C-1 Jarrulevyt"},"content":{"rendered":"<p>Korkeus (mm): 80; Paino [kg]: 9,89; Jarrulevytyyppi: Vakiomalli; Jarrulevyn paksuus (mm): 8; V\u00e4himm\u00e4ispaksuus (mm): 7; Ulkol\u00e4pimitta [mm]: 240; Reikien m\u00e4\u00e4r\u00e4: 4; keskitt\u00e4misl\u00e4pimitta [mm]: 52,3; Pinta: pinnoitettu; M\u00e4\u00e4r\u00e4yksikk\u00f6: Kappale; Korvaava tuote\/korvaava tiedote 2: ilman py\u00f6r\u00e4nlaakerisarjaa, ilman ABS-sensorirengasta; Pakkauspituus [cm]: 24; Pakkausleveys [cm]: 24; Pakkauskorkeus [mm]: 6; lis\u00e4tieto: PREMIER; Asennuspuoli: Hinterachse; RENAULT: CLIO III BR0\/1, CR0\/1,TWINGO II CN0_,MODUS \/ GRAND MODUS F\/JP0_,MEGANE II Coup\u00e9-Cabriolet EM0\/1_,MEGANE II BM0\/1_, CM0\/1_,CLIO Grandtour KR0\/1_,CLIO I B\/C57_, 5\/357_,MEGANE II Stufenheck LM0\/1_,WIND E4M_,CLIO III Kasten SB_, SR_; 432005338R, 432005347R, 7701209503, 8200038305, 8660001811, 8671018106; Jarrulevy<\/p>\n","protected":false},"excerpt":{"rendered":"<p>FERODO Jarrulevyt DDF1369C-1 Jarrulevy RENAULT,CLIO III BR0\/1, CR0\/1,TWINGO II CN0_,MODUS \/ GRAND MODUS F\/JP0_,MEGANE II Coup\u00e9-Cabriolet EM0\/1_<\/p>\n","protected":false},"featured_media":0,"template":"","meta":{"site-sidebar-layout":"default","site-content-layout":"default","ast-global-header-display":"","ast-main-header-display":"","ast-hfb-above-header-display":"","ast-hfb-below-header-display":"","ast-hfb-mobile-header-display":"","site-post-title":"","ast-breadcrumbs-content":"","ast-featured-img":"","footer-sml-layout":"","theme-transparent-header-meta":"","adv-header-id-meta":"","stick-header-meta":"","header-above-stick-meta":"","header-main-stick-meta":"","header-below-stick-meta":""},"pwb-brand":[298],"product_cat":[66],"product_tag":[],"class_list":{"0":"post-79569","1":"product","2":"type-product","3":"status-publish","5":"pwb-brand-ferodo","6":"product_cat-jarrulevyt","7":"desktop-align-left","8":"tablet-align-left","9":"mobile-align-left","11":"first","12":"instock","13":"product-type-external"},"brands":[{"id":298,"name":"FERODO","slug":"ferodo"}],"_links":{"self":[{"href":"https:\/\/www.autonvaraosahaku.fi\/index.php?rest_route=\/wp\/v2\/product\/79569","targetHints":{"allow":["GET"]}}],"collection":[{"href":"https:\/\/www.autonvaraosahaku.fi\/index.php?rest_route=\/wp\/v2\/product"}],"about":[{"href":"https:\/\/www.autonvaraosahaku.fi\/index.php?rest_route=\/wp\/v2\/types\/product"}],"wp:attachment":[{"href":"https:\/\/www.autonvaraosahaku.fi\/index.php?rest_route=%2Fwp%2Fv2%2Fmedia&parent=79569"}],"wp:term":[{"taxonomy":"pwb-brand","embeddable":true,"href":"https:\/\/www.autonvaraosahaku.fi\/index.php?rest_route=%2Fwp%2Fv2%2Fpwb-brand&post=79569"},{"taxonomy":"product_cat","embeddable":true,"href":"https:\/\/www.autonvaraosahaku.fi\/index.php?rest_route=%2Fwp%2Fv2%2Fproduct_cat&post=79569"},{"taxonomy":"product_tag","embeddable":true,"href":"https:\/\/www.autonvaraosahaku.fi\/index.php?rest_route=%2Fwp%2Fv2%2Fproduct_tag&post=79569"}],"curies":[{"name":"wp","href":"https:\/\/api.w.org\/{rel}","templated":true}]}}