{"id":79588,"date":"2021-02-21T20:05:12","date_gmt":"2021-02-21T20:05:12","guid":{"rendered":"https:\/\/www.autonvaraosahaku.fi\/?product=ridex-83b0322-jarruletku"},"modified":"2021-02-21T20:05:18","modified_gmt":"2021-02-21T20:05:18","slug":"ridex-83b0322-jarruletku","status":"publish","type":"product","link":"https:\/\/www.autonvaraosahaku.fi\/?product=ridex-83b0322-jarruletku","title":{"rendered":"RIDEX 83B0322 Jarruletku"},"content":{"rendered":"<p>Pituus (mm): 185; Sis\u00e4kierre (mm): M10x1; Sis\u00e4kierre 2 [mm]: M10x1; Asennuspuoli: Hinterachse rechts; NISSAN: KUBISTAR Kasten X80; RENAULT: SC\u00c9NIC II JM0\/1_,KANGOO KC0\/1_,ESPACE IV JK0\/1_,LAGUNA II Grandtour KG0\/1_,MEGANE II Kombi KM0\/1_,MEGANE II Coup\u00e9-Cabriolet EM0\/1_,LAGUNA III Grandtour KT0\/1,LAGUNA II BG0\/1_,MEGANE II BM0\/1_, CM0\/1_,KANGOO Express FC0\/1_,GRAND SC\u00c9NIC II JM0\/1_,LAGUNA III BT0\/1,MEGANE II Stufenheck LM0\/1_,LAGUNA Coupe DT0\/1,MEGANE II Kasten\/Kombi KM_; 4621100QAB, 7701050073, 8200256166<\/p>\n","protected":false},"excerpt":{"rendered":"<p>RIDEX Jarruletku 83B0322  NISSAN,RENAULT,KUBISTAR Kasten X80,SC\u00c9NIC II JM0\/1_,KANGOO KC0\/1_,ESPACE IV JK0\/1_,LAGUNA II Grandtour KG0\/1_<\/p>\n","protected":false},"featured_media":0,"template":"","meta":{"site-sidebar-layout":"default","site-content-layout":"default","ast-global-header-display":"","ast-main-header-display":"","ast-hfb-above-header-display":"","ast-hfb-below-header-display":"","ast-hfb-mobile-header-display":"","site-post-title":"","ast-breadcrumbs-content":"","ast-featured-img":"","footer-sml-layout":"","theme-transparent-header-meta":"","adv-header-id-meta":"","stick-header-meta":"","header-above-stick-meta":"","header-main-stick-meta":"","header-below-stick-meta":""},"pwb-brand":[157],"product_cat":[70],"product_tag":[],"class_list":{"0":"post-79588","1":"product","2":"type-product","3":"status-publish","5":"pwb-brand-ridex","6":"product_cat-jarruletku","7":"desktop-align-left","8":"tablet-align-left","9":"mobile-align-left","11":"first","12":"instock","13":"product-type-external"},"brands":[{"id":157,"name":"RIDEX","slug":"ridex"}],"_links":{"self":[{"href":"https:\/\/www.autonvaraosahaku.fi\/index.php?rest_route=\/wp\/v2\/product\/79588","targetHints":{"allow":["GET"]}}],"collection":[{"href":"https:\/\/www.autonvaraosahaku.fi\/index.php?rest_route=\/wp\/v2\/product"}],"about":[{"href":"https:\/\/www.autonvaraosahaku.fi\/index.php?rest_route=\/wp\/v2\/types\/product"}],"wp:attachment":[{"href":"https:\/\/www.autonvaraosahaku.fi\/index.php?rest_route=%2Fwp%2Fv2%2Fmedia&parent=79588"}],"wp:term":[{"taxonomy":"pwb-brand","embeddable":true,"href":"https:\/\/www.autonvaraosahaku.fi\/index.php?rest_route=%2Fwp%2Fv2%2Fpwb-brand&post=79588"},{"taxonomy":"product_cat","embeddable":true,"href":"https:\/\/www.autonvaraosahaku.fi\/index.php?rest_route=%2Fwp%2Fv2%2Fproduct_cat&post=79588"},{"taxonomy":"product_tag","embeddable":true,"href":"https:\/\/www.autonvaraosahaku.fi\/index.php?rest_route=%2Fwp%2Fv2%2Fproduct_tag&post=79588"}],"curies":[{"name":"wp","href":"https:\/\/api.w.org\/{rel}","templated":true}]}}