{"id":7959,"date":"2021-02-21T14:01:42","date_gmt":"2021-02-21T14:01:42","guid":{"rendered":"https:\/\/www.autonvaraosahaku.fi\/?product=master-sport-24011701061-pcs-ms-jarrulevyt"},"modified":"2021-02-21T14:01:42","modified_gmt":"2021-02-21T14:01:42","slug":"master-sport-24011701061-pcs-ms-jarrulevyt","status":"publish","type":"product","link":"https:\/\/www.autonvaraosahaku.fi\/?product=master-sport-24011701061-pcs-ms-jarrulevyt","title":{"rendered":"MASTER-SPORT 24011701061-PCS-MS Jarrulevyt"},"content":{"rendered":"<p>L\u00e4pimitta [mm]: 253,0; Jarrulevytyyppi: Tuuletettu; Jarrulevyn paksuus (mm): 17,0; Korkeus (mm): 49,0; Reik\u00e4-\u00d8 [mm]: 12,5; V\u00e4himm\u00e4ispaksuus (mm): 15,0; Sis\u00e4l\u00e4pimitta [mm]: 153,0; Reikien m\u00e4\u00e4r\u00e4: 4; keskitt\u00e4misl\u00e4pimitta [mm]: 60,0; Reik\u00e4ympyr\u00e4-\u00d8 [mm]: 100,0; Nettopaino [kg]: 4,05; Bruttopaino [kg]: 4,21; Asennuspuoli: Vorderachse; SUZUKI: WAGON R+ MM,IGNIS II,WAGON R; OPEL: AGILA A H00; SUBARU: JUSTY III G3X; VAUXHALL: AGILA Mk I A; 4706749, 4707288, 93176389, 93179462, 5531184E01, 5531186G02, 5531184E01, 5531184E01000, 5531186G02, 5531186G02000, 93176389, 93179462; Jarrulevy<\/p>\n","protected":false},"excerpt":{"rendered":"<p>MASTER-SPORT Jarrulevyt 24011701061-PCS-MS Jarrulevy SUZUKI,OPEL,SUBARU,WAGON R+ MM,IGNIS II,WAGON R,AGILA A H00,JUSTY III G3X,AGILA Mk I A<\/p>\n","protected":false},"featured_media":0,"template":"","meta":{"site-sidebar-layout":"default","site-content-layout":"default","ast-global-header-display":"","ast-main-header-display":"","ast-hfb-above-header-display":"","ast-hfb-below-header-display":"","ast-hfb-mobile-header-display":"","site-post-title":"","ast-breadcrumbs-content":"","ast-featured-img":"","footer-sml-layout":"","theme-transparent-header-meta":"","adv-header-id-meta":"","stick-header-meta":"","header-above-stick-meta":"","header-main-stick-meta":"","header-below-stick-meta":""},"pwb-brand":[61],"product_cat":[66],"product_tag":[],"class_list":{"0":"post-7959","1":"product","2":"type-product","3":"status-publish","5":"pwb-brand-master-sport","6":"product_cat-jarrulevyt","7":"desktop-align-left","8":"tablet-align-left","9":"mobile-align-left","11":"first","12":"instock","13":"product-type-external"},"brands":[{"id":61,"name":"MASTER-SPORT","slug":"master-sport"}],"_links":{"self":[{"href":"https:\/\/www.autonvaraosahaku.fi\/index.php?rest_route=\/wp\/v2\/product\/7959","targetHints":{"allow":["GET"]}}],"collection":[{"href":"https:\/\/www.autonvaraosahaku.fi\/index.php?rest_route=\/wp\/v2\/product"}],"about":[{"href":"https:\/\/www.autonvaraosahaku.fi\/index.php?rest_route=\/wp\/v2\/types\/product"}],"wp:attachment":[{"href":"https:\/\/www.autonvaraosahaku.fi\/index.php?rest_route=%2Fwp%2Fv2%2Fmedia&parent=7959"}],"wp:term":[{"taxonomy":"pwb-brand","embeddable":true,"href":"https:\/\/www.autonvaraosahaku.fi\/index.php?rest_route=%2Fwp%2Fv2%2Fpwb-brand&post=7959"},{"taxonomy":"product_cat","embeddable":true,"href":"https:\/\/www.autonvaraosahaku.fi\/index.php?rest_route=%2Fwp%2Fv2%2Fproduct_cat&post=7959"},{"taxonomy":"product_tag","embeddable":true,"href":"https:\/\/www.autonvaraosahaku.fi\/index.php?rest_route=%2Fwp%2Fv2%2Fproduct_tag&post=7959"}],"curies":[{"name":"wp","href":"https:\/\/api.w.org\/{rel}","templated":true}]}}