{"id":79593,"date":"2021-02-21T20:05:19","date_gmt":"2021-02-21T20:05:19","guid":{"rendered":"https:\/\/www.autonvaraosahaku.fi\/?product=ashika-gom-513-muut-luokat"},"modified":"2021-02-21T20:05:21","modified_gmt":"2021-02-21T20:05:21","slug":"ashika-gom-513-muut-luokat","status":"publish","type":"product","link":"https:\/\/www.autonvaraosahaku.fi\/?product=ashika-gom-513-muut-luokat","title":{"rendered":"ASHIKA GOM-513 Muut luokat"},"content":{"rendered":"<p>Pituus (mm): 27; Sis\u00e4l\u00e4pimitta [mm]: 24; Ulkol\u00e4pimitta [mm]: 59,5; Asennuspuoli: Taka-akseli, molemminpuolinen, Edess\u00e4, Alla; MITSUBISHI: PAJERO PININ H6_W, H7_W,PAJERO III V7_W, V6_W,PAJERO II V3_W, V2_W, V4_W,PAJERO SPORT K90,PAJERO III Gel\u00e4ndewagen offen V6_W, V7_W,PAJERO II Canvas Top V2_W, V4_W; MB809388<\/p>\n","protected":false},"excerpt":{"rendered":"<p>ASHIKA Laakerin Holkki, Lehtijousi GOM-513  MITSUBISHI,PAJERO PININ H6_W, H7_W,PAJERO III V7_W, V6_W,PAJERO II V3_W, V2_W, V4_W,PAJERO SPORT K90<\/p>\n","protected":false},"featured_media":0,"template":"","meta":{"site-sidebar-layout":"default","site-content-layout":"default","ast-global-header-display":"","ast-main-header-display":"","ast-hfb-above-header-display":"","ast-hfb-below-header-display":"","ast-hfb-mobile-header-display":"","site-post-title":"","ast-breadcrumbs-content":"","ast-featured-img":"","footer-sml-layout":"","theme-transparent-header-meta":"","adv-header-id-meta":"","stick-header-meta":"","header-above-stick-meta":"","header-main-stick-meta":"","header-below-stick-meta":""},"pwb-brand":[102],"product_cat":[37],"product_tag":[],"class_list":{"0":"post-79593","1":"product","2":"type-product","3":"status-publish","5":"pwb-brand-ashika","6":"product_cat-muut-luokat","7":"desktop-align-left","8":"tablet-align-left","9":"mobile-align-left","11":"first","12":"instock","13":"product-type-external"},"brands":[{"id":102,"name":"ASHIKA","slug":"ashika"}],"_links":{"self":[{"href":"https:\/\/www.autonvaraosahaku.fi\/index.php?rest_route=\/wp\/v2\/product\/79593","targetHints":{"allow":["GET"]}}],"collection":[{"href":"https:\/\/www.autonvaraosahaku.fi\/index.php?rest_route=\/wp\/v2\/product"}],"about":[{"href":"https:\/\/www.autonvaraosahaku.fi\/index.php?rest_route=\/wp\/v2\/types\/product"}],"wp:attachment":[{"href":"https:\/\/www.autonvaraosahaku.fi\/index.php?rest_route=%2Fwp%2Fv2%2Fmedia&parent=79593"}],"wp:term":[{"taxonomy":"pwb-brand","embeddable":true,"href":"https:\/\/www.autonvaraosahaku.fi\/index.php?rest_route=%2Fwp%2Fv2%2Fpwb-brand&post=79593"},{"taxonomy":"product_cat","embeddable":true,"href":"https:\/\/www.autonvaraosahaku.fi\/index.php?rest_route=%2Fwp%2Fv2%2Fproduct_cat&post=79593"},{"taxonomy":"product_tag","embeddable":true,"href":"https:\/\/www.autonvaraosahaku.fi\/index.php?rest_route=%2Fwp%2Fv2%2Fproduct_tag&post=79593"}],"curies":[{"name":"wp","href":"https:\/\/api.w.org\/{rel}","templated":true}]}}