{"id":79598,"date":"2021-02-21T20:05:19","date_gmt":"2021-02-21T20:05:19","guid":{"rendered":"https:\/\/www.autonvaraosahaku.fi\/?product=nural-87-437400-00-manta"},"modified":"2021-02-21T20:05:22","modified_gmt":"2021-02-21T20:05:22","slug":"nural-87-437400-00-manta","status":"publish","type":"product","link":"https:\/\/www.autonvaraosahaku.fi\/?product=nural-87-437400-00-manta","title":{"rendered":"N\u00dcRAL 87-437400-00 M\u00e4nt\u00e4"},"content":{"rendered":"<p>Pituus (mm): 44,180; Sylinterin halkaisija [mm]: 72,50; Ruuvi-\u00d8 [mm]: 18; Korvaava tuote\/korvaava tiedote 2: Kiertok. vino yl\u00e4p\u00e4\u00e4; Komponenttinumero: 08-437400-00; Tuotantonumero: 07279-212; Puristuskorkeus [mm]: 25,870; Syvennysl\u00e4pimitta [mm]: 54,780; Pultinpituus [mm]: 47,5; Syvennys 1 [mm]: 2,904; Venttiilitilasyvyys 1 [mm]: 2,100; Venttiilitilasyvyys 2 [mm]: 1,870; Vakiomitta (STD): ; M\u00e4nn\u00e4n v\u00e4lys [mm]: 0,025; TECDOC-moottorinumero: 28264; OPEL: CORSA D,ASTRA J Sports Tourer,INSIGNIA Caravan,ASTRA J,MERIVA B,ZAFIRA TOURER C P12,MOKKA,INSIGNIA,INSIGNIA Stufenheck,ASTRA GTC J,ASTRA J Stufenheck,CORSA D Van,CASCADA W13; VAUXHALL: CORSA Mk III D L_8,INSIGNIA Mk I A,INSIGNIA Mk I A Estate,ZAFIRA Mk III P12,ASTRA Mk VI J CC,INSIGNIA Mk I A Sedan,ASTRA Mk VI J,MERIVA Mk II B,ASTRA Mk VI J Sedan,ASTRA Mk VI J Estate,MOKKA,CORSA Mk IV E; M\u00e4nn\u00e4t<\/p>\n","protected":false},"excerpt":{"rendered":"<p>N\u00dcRAL M\u00e4nt\u00e4 87-437400-00 M\u00e4nn\u00e4t OPEL,VAUXHALL,CORSA D,ASTRA J Sports Tourer,INSIGNIA Caravan,ASTRA J,MERIVA B,ZAFIRA TOURER C P12,MOKKA,INSIGNIA<\/p>\n","protected":false},"featured_media":0,"template":"","meta":{"site-sidebar-layout":"default","site-content-layout":"default","ast-global-header-display":"","ast-main-header-display":"","ast-hfb-above-header-display":"","ast-hfb-below-header-display":"","ast-hfb-mobile-header-display":"","site-post-title":"","ast-breadcrumbs-content":"","ast-featured-img":"","footer-sml-layout":"","theme-transparent-header-meta":"","adv-header-id-meta":"","stick-header-meta":"","header-above-stick-meta":"","header-main-stick-meta":"","header-below-stick-meta":""},"pwb-brand":[579],"product_cat":[434],"product_tag":[],"class_list":{"0":"post-79598","1":"product","2":"type-product","3":"status-publish","5":"pwb-brand-nural","6":"product_cat-manta","7":"desktop-align-left","8":"tablet-align-left","9":"mobile-align-left","11":"first","12":"instock","13":"product-type-external"},"brands":[{"id":579,"name":"N\u00dcRAL","slug":"nural"}],"_links":{"self":[{"href":"https:\/\/www.autonvaraosahaku.fi\/index.php?rest_route=\/wp\/v2\/product\/79598","targetHints":{"allow":["GET"]}}],"collection":[{"href":"https:\/\/www.autonvaraosahaku.fi\/index.php?rest_route=\/wp\/v2\/product"}],"about":[{"href":"https:\/\/www.autonvaraosahaku.fi\/index.php?rest_route=\/wp\/v2\/types\/product"}],"wp:attachment":[{"href":"https:\/\/www.autonvaraosahaku.fi\/index.php?rest_route=%2Fwp%2Fv2%2Fmedia&parent=79598"}],"wp:term":[{"taxonomy":"pwb-brand","embeddable":true,"href":"https:\/\/www.autonvaraosahaku.fi\/index.php?rest_route=%2Fwp%2Fv2%2Fpwb-brand&post=79598"},{"taxonomy":"product_cat","embeddable":true,"href":"https:\/\/www.autonvaraosahaku.fi\/index.php?rest_route=%2Fwp%2Fv2%2Fproduct_cat&post=79598"},{"taxonomy":"product_tag","embeddable":true,"href":"https:\/\/www.autonvaraosahaku.fi\/index.php?rest_route=%2Fwp%2Fv2%2Fproduct_tag&post=79598"}],"curies":[{"name":"wp","href":"https:\/\/api.w.org\/{rel}","templated":true}]}}