{"id":79624,"date":"2021-02-21T20:05:27","date_gmt":"2021-02-21T20:05:27","guid":{"rendered":"https:\/\/www.autonvaraosahaku.fi\/?product=autofren-seinsa-d4969c-jarrusatula-korjaussarja"},"modified":"2021-02-21T20:05:32","modified_gmt":"2021-02-21T20:05:32","slug":"autofren-seinsa-d4969c-jarrusatula-korjaussarja","status":"publish","type":"product","link":"https:\/\/www.autonvaraosahaku.fi\/?product=autofren-seinsa-d4969c-jarrusatula-korjaussarja","title":{"rendered":"AUTOFREN SEINSA D4969C Jarrusatula korjaussarja"},"content":{"rendered":"<p>Asennuspuoli: Etuakseli; L\u00e4pimitta [mm]: 48; Jarruj\u00e4rjestelm\u00e4: BENDIX; T\u00e4yssarja: ; OE-numerolle: 4400K1; ALFA ROMEO: 33 905; RENAULT: SUPER 5 B\/C40_,RAPID Kasten F40_, G40_,9 L42_,11 B\/C37_,21 Stufenheck L48_,18 134_,11 Kasten S37_,21 Kombi K48_,FUEGO 136_,21 B48_,21 Kasten S48_,SUPER 5 Kasten S40_; CITRO\u00cbN: SAXO S0, S1,AX ZA-_,ZX N2,ZX Break N2,C15 VD-_; PEUGEOT: 106 II 1,306 Schr\u00e4gheck 7A, 7C, N3, N5,306 Cabriolet 7D, N3, N5,106 I 1A, 1C,205 II 20A\/C,306 7B, N3, N5,205 I Cabriolet 741B, 20D,309 II 3C, 3A,205 I 741A\/C,405 I 15B,405 II 4B,106 Van 1_,309 I 10C, 10A,306 Van N_, 7_,405 II Break 4E,405 I Break 15E,305 II 581M,305 II Break 581E,305 I 581A,205 Kasten,305 I Break 581D,306 Kasten\/Schr\u00e4gheck; 4400K1, 4400K2, 441004, 96015069, 96015070, 440068, 440069, 440075, 440076, 440089, 440090, 440093, 440094, 4400C8, 4400C9, 4400F4, 4400F5, 4400K1, 4400K2, 7701202013, 7701202014; Korjaussarja, Jarrusatula<\/p>\n","protected":false},"excerpt":{"rendered":"<p>AUTOFREN SEINSA Jarrusatula Korjaussarja D4969C Korjaussarja, Jarrusatula ALFA ROMEO,RENAULT,CITRO\u00cbN,33 905,SUPER 5 B\/C40_,RAPID Kasten F40_, G40_<\/p>\n","protected":false},"featured_media":0,"template":"","meta":{"site-sidebar-layout":"default","site-content-layout":"default","ast-global-header-display":"","ast-main-header-display":"","ast-hfb-above-header-display":"","ast-hfb-below-header-display":"","ast-hfb-mobile-header-display":"","site-post-title":"","ast-breadcrumbs-content":"","ast-featured-img":"","footer-sml-layout":"","theme-transparent-header-meta":"","adv-header-id-meta":"","stick-header-meta":"","header-above-stick-meta":"","header-main-stick-meta":"","header-below-stick-meta":""},"pwb-brand":[243],"product_cat":[57],"product_tag":[],"class_list":{"0":"post-79624","1":"product","2":"type-product","3":"status-publish","5":"pwb-brand-autofren-seinsa","6":"product_cat-jarrusatula-korjaussarja","7":"desktop-align-left","8":"tablet-align-left","9":"mobile-align-left","11":"first","12":"instock","13":"product-type-external"},"brands":[{"id":243,"name":"AUTOFREN SEINSA","slug":"autofren-seinsa"}],"_links":{"self":[{"href":"https:\/\/www.autonvaraosahaku.fi\/index.php?rest_route=\/wp\/v2\/product\/79624","targetHints":{"allow":["GET"]}}],"collection":[{"href":"https:\/\/www.autonvaraosahaku.fi\/index.php?rest_route=\/wp\/v2\/product"}],"about":[{"href":"https:\/\/www.autonvaraosahaku.fi\/index.php?rest_route=\/wp\/v2\/types\/product"}],"wp:attachment":[{"href":"https:\/\/www.autonvaraosahaku.fi\/index.php?rest_route=%2Fwp%2Fv2%2Fmedia&parent=79624"}],"wp:term":[{"taxonomy":"pwb-brand","embeddable":true,"href":"https:\/\/www.autonvaraosahaku.fi\/index.php?rest_route=%2Fwp%2Fv2%2Fpwb-brand&post=79624"},{"taxonomy":"product_cat","embeddable":true,"href":"https:\/\/www.autonvaraosahaku.fi\/index.php?rest_route=%2Fwp%2Fv2%2Fproduct_cat&post=79624"},{"taxonomy":"product_tag","embeddable":true,"href":"https:\/\/www.autonvaraosahaku.fi\/index.php?rest_route=%2Fwp%2Fv2%2Fproduct_tag&post=79624"}],"curies":[{"name":"wp","href":"https:\/\/api.w.org\/{rel}","templated":true}]}}