{"id":79678,"date":"2021-02-21T20:05:49","date_gmt":"2021-02-21T20:05:49","guid":{"rendered":"https:\/\/www.autonvaraosahaku.fi\/?product=luk-415-0315-10-vauhtipyora"},"modified":"2021-02-21T20:05:52","modified_gmt":"2021-02-21T20:05:52","slug":"luk-415-0315-10-vauhtipyora","status":"publish","type":"product","link":"https:\/\/www.autonvaraosahaku.fi\/?product=luk-415-0315-10-vauhtipyora","title":{"rendered":"LuK 415 0315 10 Vauhtipy\u00f6r\u00e4"},"content":{"rendered":"<p>Vaihteistomalli: K\u00e4sivaihteisto; Kiinnitysreikien lukum\u00e4\u00e4r\u00e4: 10, 10; Korvaava tuote\/korvaava tiedote 2: ilman ruuvisarjaa, Kaksoismassavauhtipy\u00f6r\u00e4 kitka-ohjauslevyll\u00e4; suurin p\u00e4\u00e4st\u00f6kulma [Grad]: 15; Hammaslukum\u00e4\u00e4r\u00e4 (suurimman p\u00e4\u00e4st\u00f6kulman ilmoitus): 6; suurin heitto [mm]: 2,9; Lis\u00e4tarvike\/lis\u00e4tieto: ilman ohjauslaakeria; Moottorinumero: D5244T5; VOLVO: V70 II SW,V50 MW,XC60,XC90 I,S60 I,V70 III BW,C30,S40 II MS,XC70 CROSS COUNTRY,C70 II Cabriolet,XC70 II,S80 II AS; 30735771, 30759472, 31259450, 31259451<\/p>\n","protected":false},"excerpt":{"rendered":"<p>LuK Vauhtipy\u00f6r\u00e4 415 0315 10  VOLVO,V70 II SW,V50 MW,XC60,XC90 I,S60 I,V70 III BW,C30,S40 II MS,XC70 CROSS COUNTRY,C70 II Cabriolet,XC70 II,S80 II AS<\/p>\n","protected":false},"featured_media":0,"template":"","meta":{"site-sidebar-layout":"default","site-content-layout":"default","ast-global-header-display":"","ast-main-header-display":"","ast-hfb-above-header-display":"","ast-hfb-below-header-display":"","ast-hfb-mobile-header-display":"","site-post-title":"","ast-breadcrumbs-content":"","ast-featured-img":"","footer-sml-layout":"","theme-transparent-header-meta":"","adv-header-id-meta":"","stick-header-meta":"","header-above-stick-meta":"","header-main-stick-meta":"","header-below-stick-meta":""},"pwb-brand":[20],"product_cat":[68],"product_tag":[],"class_list":{"0":"post-79678","1":"product","2":"type-product","3":"status-publish","5":"pwb-brand-luk","6":"product_cat-vauhtipyora","7":"desktop-align-left","8":"tablet-align-left","9":"mobile-align-left","11":"first","12":"instock","13":"product-type-external"},"brands":[{"id":20,"name":"LuK","slug":"luk"}],"_links":{"self":[{"href":"https:\/\/www.autonvaraosahaku.fi\/index.php?rest_route=\/wp\/v2\/product\/79678","targetHints":{"allow":["GET"]}}],"collection":[{"href":"https:\/\/www.autonvaraosahaku.fi\/index.php?rest_route=\/wp\/v2\/product"}],"about":[{"href":"https:\/\/www.autonvaraosahaku.fi\/index.php?rest_route=\/wp\/v2\/types\/product"}],"wp:attachment":[{"href":"https:\/\/www.autonvaraosahaku.fi\/index.php?rest_route=%2Fwp%2Fv2%2Fmedia&parent=79678"}],"wp:term":[{"taxonomy":"pwb-brand","embeddable":true,"href":"https:\/\/www.autonvaraosahaku.fi\/index.php?rest_route=%2Fwp%2Fv2%2Fpwb-brand&post=79678"},{"taxonomy":"product_cat","embeddable":true,"href":"https:\/\/www.autonvaraosahaku.fi\/index.php?rest_route=%2Fwp%2Fv2%2Fproduct_cat&post=79678"},{"taxonomy":"product_tag","embeddable":true,"href":"https:\/\/www.autonvaraosahaku.fi\/index.php?rest_route=%2Fwp%2Fv2%2Fproduct_tag&post=79678"}],"curies":[{"name":"wp","href":"https:\/\/api.w.org\/{rel}","templated":true}]}}