{"id":79697,"date":"2021-02-21T20:05:56","date_gmt":"2021-02-21T20:05:56","guid":{"rendered":"https:\/\/www.autonvaraosahaku.fi\/?product=ate-83-6151-0411-3-jarruletku"},"modified":"2021-02-21T20:05:59","modified_gmt":"2021-02-21T20:05:59","slug":"ate-83-6151-0411-3-jarruletku","status":"publish","type":"product","link":"https:\/\/www.autonvaraosahaku.fi\/?product=ate-83-6151-0411-3-jarruletku","title":{"rendered":"ATE 83.6151-0411.3 Jarruletku"},"content":{"rendered":"<p>Pituus (mm): 410; Ulkokierre [mm]: M10x1; Sis\u00e4kierre (mm): M10x1; MAPP-koodi saatavilla: ; Avainv\u00e4li 1 [mm]: 14; Avainv\u00e4li 2 [mm]: 17; Valmistusvuosi alkaen: 03\/1996; BMW: 5 E39,5 Touring E39; 34301165249, 34321164002<\/p>\n","protected":false},"excerpt":{"rendered":"<p>ATE Jarruletku 83.6151-0411.3  BMW,5 E39,5 Touring E39<\/p>\n","protected":false},"featured_media":0,"template":"","meta":{"site-sidebar-layout":"default","site-content-layout":"default","ast-global-header-display":"","ast-main-header-display":"","ast-hfb-above-header-display":"","ast-hfb-below-header-display":"","ast-hfb-mobile-header-display":"","site-post-title":"","ast-breadcrumbs-content":"","ast-featured-img":"","footer-sml-layout":"","theme-transparent-header-meta":"","adv-header-id-meta":"","stick-header-meta":"","header-above-stick-meta":"","header-main-stick-meta":"","header-below-stick-meta":""},"pwb-brand":[108],"product_cat":[70],"product_tag":[],"class_list":{"0":"post-79697","1":"product","2":"type-product","3":"status-publish","5":"pwb-brand-ate","6":"product_cat-jarruletku","7":"desktop-align-left","8":"tablet-align-left","9":"mobile-align-left","11":"first","12":"instock","13":"product-type-external"},"brands":[{"id":108,"name":"ATE","slug":"ate"}],"_links":{"self":[{"href":"https:\/\/www.autonvaraosahaku.fi\/index.php?rest_route=\/wp\/v2\/product\/79697","targetHints":{"allow":["GET"]}}],"collection":[{"href":"https:\/\/www.autonvaraosahaku.fi\/index.php?rest_route=\/wp\/v2\/product"}],"about":[{"href":"https:\/\/www.autonvaraosahaku.fi\/index.php?rest_route=\/wp\/v2\/types\/product"}],"wp:attachment":[{"href":"https:\/\/www.autonvaraosahaku.fi\/index.php?rest_route=%2Fwp%2Fv2%2Fmedia&parent=79697"}],"wp:term":[{"taxonomy":"pwb-brand","embeddable":true,"href":"https:\/\/www.autonvaraosahaku.fi\/index.php?rest_route=%2Fwp%2Fv2%2Fpwb-brand&post=79697"},{"taxonomy":"product_cat","embeddable":true,"href":"https:\/\/www.autonvaraosahaku.fi\/index.php?rest_route=%2Fwp%2Fv2%2Fproduct_cat&post=79697"},{"taxonomy":"product_tag","embeddable":true,"href":"https:\/\/www.autonvaraosahaku.fi\/index.php?rest_route=%2Fwp%2Fv2%2Fproduct_tag&post=79697"}],"curies":[{"name":"wp","href":"https:\/\/api.w.org\/{rel}","templated":true}]}}