{"id":79704,"date":"2021-02-21T20:05:56","date_gmt":"2021-02-21T20:05:56","guid":{"rendered":"https:\/\/www.autonvaraosahaku.fi\/?product=beru-st004-lampotila-anturi"},"modified":"2021-02-21T20:06:01","modified_gmt":"2021-02-21T20:06:01","slug":"beru-st004-lampotila-anturi","status":"publish","type":"product","link":"https:\/\/www.autonvaraosahaku.fi\/?product=beru-st004-lampotila-anturi","title":{"rendered":"BERU ST004 L\u00e4mp\u00f6tila-anturi"},"content":{"rendered":"<p>Kierremitta: M 14&#215;1,5; Avainv\u00e4li: 22 mm; Kiristysmomentti: 35; Liittimi\u00e4: 2; Asennussyvyys (mm): 37; MERCEDES-BENZ: MK,SK; 0041530328, A0041530328<\/p>\n","protected":false},"excerpt":{"rendered":"<p>BERU Tunnistin Imuilman L\u00e4mp\u00f6tila ST004  MERCEDES-BENZ,MK,SK<\/p>\n","protected":false},"featured_media":0,"template":"","meta":{"site-sidebar-layout":"default","site-content-layout":"default","ast-global-header-display":"","ast-main-header-display":"","ast-hfb-above-header-display":"","ast-hfb-below-header-display":"","ast-hfb-mobile-header-display":"","site-post-title":"","ast-breadcrumbs-content":"","ast-featured-img":"","footer-sml-layout":"","theme-transparent-header-meta":"","adv-header-id-meta":"","stick-header-meta":"","header-above-stick-meta":"","header-main-stick-meta":"","header-below-stick-meta":""},"pwb-brand":[327],"product_cat":[47],"product_tag":[],"class_list":{"0":"post-79704","1":"product","2":"type-product","3":"status-publish","5":"pwb-brand-beru","6":"product_cat-lampotila-anturi","7":"desktop-align-left","8":"tablet-align-left","9":"mobile-align-left","11":"first","12":"instock","13":"product-type-external"},"brands":[{"id":327,"name":"BERU","slug":"beru"}],"_links":{"self":[{"href":"https:\/\/www.autonvaraosahaku.fi\/index.php?rest_route=\/wp\/v2\/product\/79704","targetHints":{"allow":["GET"]}}],"collection":[{"href":"https:\/\/www.autonvaraosahaku.fi\/index.php?rest_route=\/wp\/v2\/product"}],"about":[{"href":"https:\/\/www.autonvaraosahaku.fi\/index.php?rest_route=\/wp\/v2\/types\/product"}],"wp:attachment":[{"href":"https:\/\/www.autonvaraosahaku.fi\/index.php?rest_route=%2Fwp%2Fv2%2Fmedia&parent=79704"}],"wp:term":[{"taxonomy":"pwb-brand","embeddable":true,"href":"https:\/\/www.autonvaraosahaku.fi\/index.php?rest_route=%2Fwp%2Fv2%2Fpwb-brand&post=79704"},{"taxonomy":"product_cat","embeddable":true,"href":"https:\/\/www.autonvaraosahaku.fi\/index.php?rest_route=%2Fwp%2Fv2%2Fproduct_cat&post=79704"},{"taxonomy":"product_tag","embeddable":true,"href":"https:\/\/www.autonvaraosahaku.fi\/index.php?rest_route=%2Fwp%2Fv2%2Fproduct_tag&post=79704"}],"curies":[{"name":"wp","href":"https:\/\/api.w.org\/{rel}","templated":true}]}}