{"id":79708,"date":"2021-02-21T20:05:56","date_gmt":"2021-02-21T20:05:56","guid":{"rendered":"https:\/\/www.autonvaraosahaku.fi\/?product=beru-gd382-hehkutulppa"},"modified":"2021-02-21T20:06:02","modified_gmt":"2021-02-21T20:06:02","slug":"beru-gd382-hehkutulppa","status":"publish","type":"product","link":"https:\/\/www.autonvaraosahaku.fi\/?product=beru-gd382-hehkutulppa","title":{"rendered":"BERU GD382 Hehkutulppa"},"content":{"rendered":"<p>J\u00e4nnite (V): 1; Liittimet: M5 \/ 3 Nm; Kokonaispituus (mm): 88; Asennussyvyys (mm): 28; Kierremitta: M18x1,5; Avainv\u00e4li: 21 mm; Virta (A): 63; Kartionousu: 60; Kiristysmomentti > [Nm]: 35; Kiristysmomentti enint\u00e4\u00e4n [Nm]: 40; Tarvittava kappalem\u00e4\u00e4r\u00e4: 4; MERCEDES-BENZ: Stufenheck W123,G-CLASS W460,KOMBI Kombi S123,T1 Bus 601,T1 Pritsche\/Fahrgestell 602,T2\/L Kasten\/Kombi,T1 Pritsche\/Fahrgestell 601,T1 Kasten 601,T2\/L Pritsche\/Fahrgestell,170 W170; PUCH: G-MODELL W 460; 1102, B40, 0001596001, 0001596101, 000159250167, 0001593801, 0001595301, 0001595401, 0001596001, 0001596101, A000159250167, A0001593801, A0001595301, A0001595401, A0001596001, A0001596101, 5614217, 0001596101, 1596101<\/p>\n","protected":false},"excerpt":{"rendered":"<p>BERU Hehkutulppa GD382  MERCEDES-BENZ,PUCH,Stufenheck W123,G-CLASS W460,KOMBI Kombi S123,T1 Bus 601,T1 Pritsche\/Fahrgestell 602,T2\/L Kasten\/Kombi<\/p>\n","protected":false},"featured_media":0,"template":"","meta":{"site-sidebar-layout":"default","site-content-layout":"default","ast-global-header-display":"","ast-main-header-display":"","ast-hfb-above-header-display":"","ast-hfb-below-header-display":"","ast-hfb-mobile-header-display":"","site-post-title":"","ast-breadcrumbs-content":"","ast-featured-img":"","footer-sml-layout":"","theme-transparent-header-meta":"","adv-header-id-meta":"","stick-header-meta":"","header-above-stick-meta":"","header-main-stick-meta":"","header-below-stick-meta":""},"pwb-brand":[327],"product_cat":[52],"product_tag":[],"class_list":{"0":"post-79708","1":"product","2":"type-product","3":"status-publish","5":"pwb-brand-beru","6":"product_cat-hehkutulppa","7":"desktop-align-left","8":"tablet-align-left","9":"mobile-align-left","11":"first","12":"instock","13":"product-type-external"},"brands":[{"id":327,"name":"BERU","slug":"beru"}],"_links":{"self":[{"href":"https:\/\/www.autonvaraosahaku.fi\/index.php?rest_route=\/wp\/v2\/product\/79708","targetHints":{"allow":["GET"]}}],"collection":[{"href":"https:\/\/www.autonvaraosahaku.fi\/index.php?rest_route=\/wp\/v2\/product"}],"about":[{"href":"https:\/\/www.autonvaraosahaku.fi\/index.php?rest_route=\/wp\/v2\/types\/product"}],"wp:attachment":[{"href":"https:\/\/www.autonvaraosahaku.fi\/index.php?rest_route=%2Fwp%2Fv2%2Fmedia&parent=79708"}],"wp:term":[{"taxonomy":"pwb-brand","embeddable":true,"href":"https:\/\/www.autonvaraosahaku.fi\/index.php?rest_route=%2Fwp%2Fv2%2Fpwb-brand&post=79708"},{"taxonomy":"product_cat","embeddable":true,"href":"https:\/\/www.autonvaraosahaku.fi\/index.php?rest_route=%2Fwp%2Fv2%2Fproduct_cat&post=79708"},{"taxonomy":"product_tag","embeddable":true,"href":"https:\/\/www.autonvaraosahaku.fi\/index.php?rest_route=%2Fwp%2Fv2%2Fproduct_tag&post=79708"}],"curies":[{"name":"wp","href":"https:\/\/api.w.org\/{rel}","templated":true}]}}