{"id":79720,"date":"2021-02-21T20:06:03","date_gmt":"2021-02-21T20:06:03","guid":{"rendered":"https:\/\/www.autonvaraosahaku.fi\/?product=elring-423-010-pakosarjan-tiivisteet"},"modified":"2021-02-21T20:06:07","modified_gmt":"2021-02-21T20:06:07","slug":"elring-423-010-pakosarjan-tiivisteet","status":"publish","type":"product","link":"https:\/\/www.autonvaraosahaku.fi\/?product=elring-423-010-pakosarjan-tiivisteet","title":{"rendered":"ELRING 423.010 Pakosarjan tiivisteet"},"content":{"rendered":"<p>Kiinnitysreikien lukum\u00e4\u00e4r\u00e4: 3; Sis\u00e4l\u00e4pimitta [mm]: 62; Asennuspuoli: Pakoputkesta ahtimeen; Tarvittava kappalem\u00e4\u00e4r\u00e4: 2; VW: PASSAT Variant 3B6,PASSAT Variant 3B5,TOUAREG 7LA, 7L6, 7L7,PASSAT 3B2,PASSAT 3B3,PHAETON 3D_,TOUAREG 7P5; AUDI: A6 Avant 4F5, C6,A4 8D2, B5,A4 Avant 8ED, B7,A6 Avant 4B5, C5,A4 Avant 8D5, B5,A4 8K2, B8,A6 4F2, C6,A6 4B2, C5,A4 Cabriolet 8H7, B6, 8HE, B7,A4 8EC, B7,Q7 4L,A8 4E_,A8 4D2, 4D8,A6 Allroad 4FH, C6; 4D0253115A, 4D0253115A, 4D0253115A, 4D0253115A; Tiiviste, Pakoputki<\/p>\n","protected":false},"excerpt":{"rendered":"<p>ELRING Pakoputken Tiiviste 423.010 Tiiviste, Pakoputki VW,AUDI,PASSAT Variant 3B6,PASSAT Variant 3B5,TOUAREG 7LA, 7L6, 7L7,PASSAT 3B2,PASSAT 3B3<\/p>\n","protected":false},"featured_media":0,"template":"","meta":{"site-sidebar-layout":"default","site-content-layout":"default","ast-global-header-display":"","ast-main-header-display":"","ast-hfb-above-header-display":"","ast-hfb-below-header-display":"","ast-hfb-mobile-header-display":"","site-post-title":"","ast-breadcrumbs-content":"","ast-featured-img":"","footer-sml-layout":"","theme-transparent-header-meta":"","adv-header-id-meta":"","stick-header-meta":"","header-above-stick-meta":"","header-main-stick-meta":"","header-below-stick-meta":""},"pwb-brand":[26],"product_cat":[123],"product_tag":[],"class_list":{"0":"post-79720","1":"product","2":"type-product","3":"status-publish","5":"pwb-brand-elring","6":"product_cat-pakosarjan-tiivisteet","7":"desktop-align-left","8":"tablet-align-left","9":"mobile-align-left","11":"first","12":"instock","13":"product-type-external"},"brands":[{"id":26,"name":"ELRING","slug":"elring"}],"_links":{"self":[{"href":"https:\/\/www.autonvaraosahaku.fi\/index.php?rest_route=\/wp\/v2\/product\/79720","targetHints":{"allow":["GET"]}}],"collection":[{"href":"https:\/\/www.autonvaraosahaku.fi\/index.php?rest_route=\/wp\/v2\/product"}],"about":[{"href":"https:\/\/www.autonvaraosahaku.fi\/index.php?rest_route=\/wp\/v2\/types\/product"}],"wp:attachment":[{"href":"https:\/\/www.autonvaraosahaku.fi\/index.php?rest_route=%2Fwp%2Fv2%2Fmedia&parent=79720"}],"wp:term":[{"taxonomy":"pwb-brand","embeddable":true,"href":"https:\/\/www.autonvaraosahaku.fi\/index.php?rest_route=%2Fwp%2Fv2%2Fpwb-brand&post=79720"},{"taxonomy":"product_cat","embeddable":true,"href":"https:\/\/www.autonvaraosahaku.fi\/index.php?rest_route=%2Fwp%2Fv2%2Fproduct_cat&post=79720"},{"taxonomy":"product_tag","embeddable":true,"href":"https:\/\/www.autonvaraosahaku.fi\/index.php?rest_route=%2Fwp%2Fv2%2Fproduct_tag&post=79720"}],"curies":[{"name":"wp","href":"https:\/\/api.w.org\/{rel}","templated":true}]}}