{"id":79736,"date":"2021-02-21T20:06:11","date_gmt":"2021-02-21T20:06:11","guid":{"rendered":"https:\/\/www.autonvaraosahaku.fi\/?product=eberspacher-12-344-911-pakoputken-asennussarja"},"modified":"2021-02-21T20:06:13","modified_gmt":"2021-02-21T20:06:13","slug":"eberspacher-12-344-911-pakoputken-asennussarja","status":"publish","type":"product","link":"https:\/\/www.autonvaraosahaku.fi\/?product=eberspacher-12-344-911-pakoputken-asennussarja","title":{"rendered":"EBERSP\u00c4CHER 12.344.911 Pakoputken asennussarja"},"content":{"rendered":"<p>L\u00e4pimitta [mm]: 59,5; Putkiliitokset: Kiristin; Tarvittava kappalem\u00e4\u00e4r\u00e4: 3; VW: TRANSPORTER IV Bus 70XB, 70XC, 7DB, 7DW,GOLF III 1H1,SHARAN 7M8, 7M9, 7M6,GOLF II 19E, 1G1,GOLF V Variant 1K5,PASSAT Variant 3A5, 35I,GOLF I Cabriolet 155,GOLF III Cabriolet 1E7,TRANSPORTER IV Kasten 70XA,GOLF Mk III Cabriolet 1E7,GOLF III Variant 1H5,PASSAT 3A2, 35I,CORRADO 53I,TRANSPORTER IV Pritsche\/Fahrgestell 70XD,VENTO 1H2,JETTA II 19E, 1G2, 165; MERCEDES-BENZ: E-CLASS W210,E-CLASS Kombi S210; OPEL: ZAFIRA B A05,VECTRA C Caravan,SIGNUM,VECTRA C,VECTRA C GTS,VIVARO Kasten F7,VIVARO Combi J7; FORD: GALAXY WGR; RENAULT: TRAFIC II Bus JL,TRAFIC II Kasten FL,SAFRANE II B54_,SAFRANE I B54_,TRAFIC II Pritsche\/Fahrgestell EL; FIAT: BARCHETTA 183,DOBLO Cargo 223,DOBLO 119,ULYSSE 220,SCUDO Kasten 220L,SCUDO Combinato 220P; PEUGEOT: 806 221,EXPERT Kasten 222,EXPERT 224,EXPERT Pritsche\/Fahrgestell 223; SEAT: ALHAMBRA 7V8, 7V9,IBIZA II 6K1,CORDOBA 6K1, 6K2; CITRO\u00cbN: EVASION 22, U6,JUMPY U6U,JUMPY Kasten BS_, BT_, BY_, BZ_; LANCIA: ZETA 220; 191253139C, 191253139D, 1H0253139D, 357253139, 357253139A, 357253139B, 7688642, 7196815, 7381821, 2024900941, 2104900341, 1H0253139D, 191253139C, 191253139D, 1H0253139D, 357253139, 357253139A, 357253139B; Putkenliitin, Pakoputkisto<\/p>\n","protected":false},"excerpt":{"rendered":"<p>EBERSP\u00c4CHER Pakoputken Kiristin 12.344.911 Putkenliitin, Pakoputkisto VW,MERCEDES-BENZ,OPEL,TRANSPORTER IV Bus 70XB, 70XC, 7DB, 7DW,GOLF III 1H1<\/p>\n","protected":false},"featured_media":0,"template":"","meta":{"site-sidebar-layout":"default","site-content-layout":"default","ast-global-header-display":"","ast-main-header-display":"","ast-hfb-above-header-display":"","ast-hfb-below-header-display":"","ast-hfb-mobile-header-display":"","site-post-title":"","ast-breadcrumbs-content":"","ast-featured-img":"","footer-sml-layout":"","theme-transparent-header-meta":"","adv-header-id-meta":"","stick-header-meta":"","header-above-stick-meta":"","header-main-stick-meta":"","header-below-stick-meta":""},"pwb-brand":[487],"product_cat":[101],"product_tag":[],"class_list":{"0":"post-79736","1":"product","2":"type-product","3":"status-publish","5":"pwb-brand-eberspacher","6":"product_cat-pakoputken-asennussarja","7":"desktop-align-left","8":"tablet-align-left","9":"mobile-align-left","11":"first","12":"instock","13":"product-type-external"},"brands":[{"id":487,"name":"EBERSP\u00c4CHER","slug":"eberspacher"}],"_links":{"self":[{"href":"https:\/\/www.autonvaraosahaku.fi\/index.php?rest_route=\/wp\/v2\/product\/79736","targetHints":{"allow":["GET"]}}],"collection":[{"href":"https:\/\/www.autonvaraosahaku.fi\/index.php?rest_route=\/wp\/v2\/product"}],"about":[{"href":"https:\/\/www.autonvaraosahaku.fi\/index.php?rest_route=\/wp\/v2\/types\/product"}],"wp:attachment":[{"href":"https:\/\/www.autonvaraosahaku.fi\/index.php?rest_route=%2Fwp%2Fv2%2Fmedia&parent=79736"}],"wp:term":[{"taxonomy":"pwb-brand","embeddable":true,"href":"https:\/\/www.autonvaraosahaku.fi\/index.php?rest_route=%2Fwp%2Fv2%2Fpwb-brand&post=79736"},{"taxonomy":"product_cat","embeddable":true,"href":"https:\/\/www.autonvaraosahaku.fi\/index.php?rest_route=%2Fwp%2Fv2%2Fproduct_cat&post=79736"},{"taxonomy":"product_tag","embeddable":true,"href":"https:\/\/www.autonvaraosahaku.fi\/index.php?rest_route=%2Fwp%2Fv2%2Fproduct_tag&post=79736"}],"curies":[{"name":"wp","href":"https:\/\/api.w.org\/{rel}","templated":true}]}}