{"id":79760,"date":"2021-02-21T20:06:18","date_gmt":"2021-02-21T20:06:18","guid":{"rendered":"https:\/\/www.autonvaraosahaku.fi\/?product=mapco-63237-polttoainesuodatin"},"modified":"2021-02-21T20:06:22","modified_gmt":"2021-02-21T20:06:22","slug":"mapco-63237-polttoainesuodatin","status":"publish","type":"product","link":"https:\/\/www.autonvaraosahaku.fi\/?product=mapco-63237-polttoainesuodatin","title":{"rendered":"MAPCO 63237 Polttoainesuodatin"},"content":{"rendered":"<p>Suodatintyyppi: Ruuvattava suodatin; Ulkol\u00e4pimitta [mm]: 84; Ulkol\u00e4pimitta 2 [mm]: 68; Sis\u00e4l\u00e4pimitta 2 [mm]: 60; Kierre ulostulo: M16 x1.5; Korkeus (mm): 157; Valmistusvuoteen: 12\/2002; KIA: CARENS II FJ,CARENS III UN; LANCIA: THESIS 841AX,LYBRA SW 839BX,LYBRA 839AX; FIAT: STILO 192,DUCATO Pritsche\/Fahrgestell 230,DUCATO Bus 230,DUCATO Kasten 244,DOBLO Cargo 223,DOBLO 119,DUCATO Pritsche\/Fahrgestell 244,DUCATO Kasten 230L,DUCATO Bus 244, Z_,STRADA Pick-up 178E,BRAVO I 182,BRAVA 182,MAREA Weekend 185,PALIO Weekend 178DX,MAREA 185; CITRO\u00cbN: JUMPER Kasten 244,JUMPER Kasten 230L,JUMPER Bus 244, Z_,JUMPER Bus 230P,JUMPER Pritsche\/Fahrgestell 244,JUMPER Pritsche\/Fahrgestell 230; ALFA ROMEO: 147 937,156 Sportwagon 932,156 932,166 936; PEUGEOT: BOXER Kasten 230L,BOXER Kasten 244,BOXER Bus 230P,BOXER Bus 244, Z_,BOXER Pritsche\/Fahrgestell ZCT_,BOXER Pritsche\/Fahrgestell 244; 46797378, 60816460, 190663, 190667, 1906C3, 46797378, 190662, 190666<\/p>\n","protected":false},"excerpt":{"rendered":"<p>MAPCO Polttoainesuodatin 63237  KIA,LANCIA,FIAT,CARENS II FJ,CARENS III UN,THESIS 841AX,LYBRA SW 839BX,LYBRA 839AX,STILO 192<\/p>\n","protected":false},"featured_media":0,"template":"","meta":{"site-sidebar-layout":"default","site-content-layout":"default","ast-global-header-display":"","ast-main-header-display":"","ast-hfb-above-header-display":"","ast-hfb-below-header-display":"","ast-hfb-mobile-header-display":"","site-post-title":"","ast-breadcrumbs-content":"","ast-featured-img":"","footer-sml-layout":"","theme-transparent-header-meta":"","adv-header-id-meta":"","stick-header-meta":"","header-above-stick-meta":"","header-main-stick-meta":"","header-below-stick-meta":""},"pwb-brand":[36],"product_cat":[29],"product_tag":[],"class_list":{"0":"post-79760","1":"product","2":"type-product","3":"status-publish","5":"pwb-brand-mapco","6":"product_cat-polttoainesuodatin","7":"desktop-align-left","8":"tablet-align-left","9":"mobile-align-left","11":"first","12":"instock","13":"product-type-external"},"brands":[{"id":36,"name":"MAPCO","slug":"mapco"}],"_links":{"self":[{"href":"https:\/\/www.autonvaraosahaku.fi\/index.php?rest_route=\/wp\/v2\/product\/79760","targetHints":{"allow":["GET"]}}],"collection":[{"href":"https:\/\/www.autonvaraosahaku.fi\/index.php?rest_route=\/wp\/v2\/product"}],"about":[{"href":"https:\/\/www.autonvaraosahaku.fi\/index.php?rest_route=\/wp\/v2\/types\/product"}],"wp:attachment":[{"href":"https:\/\/www.autonvaraosahaku.fi\/index.php?rest_route=%2Fwp%2Fv2%2Fmedia&parent=79760"}],"wp:term":[{"taxonomy":"pwb-brand","embeddable":true,"href":"https:\/\/www.autonvaraosahaku.fi\/index.php?rest_route=%2Fwp%2Fv2%2Fpwb-brand&post=79760"},{"taxonomy":"product_cat","embeddable":true,"href":"https:\/\/www.autonvaraosahaku.fi\/index.php?rest_route=%2Fwp%2Fv2%2Fproduct_cat&post=79760"},{"taxonomy":"product_tag","embeddable":true,"href":"https:\/\/www.autonvaraosahaku.fi\/index.php?rest_route=%2Fwp%2Fv2%2Fproduct_tag&post=79760"}],"curies":[{"name":"wp","href":"https:\/\/api.w.org\/{rel}","templated":true}]}}