{"id":79807,"date":"2021-02-21T20:06:33","date_gmt":"2021-02-21T20:06:33","guid":{"rendered":"https:\/\/www.autonvaraosahaku.fi\/?product=nk-9036121-kasijarruvaijeri"},"modified":"2021-02-21T20:06:39","modified_gmt":"2021-02-21T20:06:39","slug":"nk-9036121-kasijarruvaijeri","status":"publish","type":"product","link":"https:\/\/www.autonvaraosahaku.fi\/?product=nk-9036121-kasijarruvaijeri","title":{"rendered":"NK 9036121 K\u00e4sijarruvaijeri"},"content":{"rendered":"<p>Pituus 1 \/ pituus 2: 1735\/1550+1760\/1580; Jarrutyyppi: Levyjarru; Tarvittava kappalem\u00e4\u00e4r\u00e4: 1; OPEL: ASTRA G CLASSIC Caravan F35,ASTRA G CLASSIC T98,ASTRA CLASSIC Stufenheck; VAUXHALL: ASTRA Mk V H CC; 13157063, 13220100, 13237272, 13321656, 13340394, 522027, 522030, 522034, 522055, 522069, 13157063, 13220100, 13237272, 13321656, 13340394; Jarruvaijeri,Vaijeri, K\u00e4sijarru<\/p>\n","protected":false},"excerpt":{"rendered":"<p>NK K\u00e4sijarruvaijeri 9036121 Jarruvaijeri,Vaijeri, K\u00e4sijarru OPEL,VAUXHALL,ASTRA G CLASSIC Caravan F35,ASTRA G CLASSIC T98,ASTRA CLASSIC Stufenheck<\/p>\n","protected":false},"featured_media":0,"template":"","meta":{"site-sidebar-layout":"default","site-content-layout":"default","ast-global-header-display":"","ast-main-header-display":"","ast-hfb-above-header-display":"","ast-hfb-below-header-display":"","ast-hfb-mobile-header-display":"","site-post-title":"","ast-breadcrumbs-content":"","ast-featured-img":"","footer-sml-layout":"","theme-transparent-header-meta":"","adv-header-id-meta":"","stick-header-meta":"","header-above-stick-meta":"","header-main-stick-meta":"","header-below-stick-meta":""},"pwb-brand":[341],"product_cat":[210],"product_tag":[],"class_list":{"0":"post-79807","1":"product","2":"type-product","3":"status-publish","5":"pwb-brand-nk","6":"product_cat-kasijarruvaijeri","7":"desktop-align-left","8":"tablet-align-left","9":"mobile-align-left","11":"first","12":"instock","13":"product-type-external"},"brands":[{"id":341,"name":"NK","slug":"nk"}],"_links":{"self":[{"href":"https:\/\/www.autonvaraosahaku.fi\/index.php?rest_route=\/wp\/v2\/product\/79807","targetHints":{"allow":["GET"]}}],"collection":[{"href":"https:\/\/www.autonvaraosahaku.fi\/index.php?rest_route=\/wp\/v2\/product"}],"about":[{"href":"https:\/\/www.autonvaraosahaku.fi\/index.php?rest_route=\/wp\/v2\/types\/product"}],"wp:attachment":[{"href":"https:\/\/www.autonvaraosahaku.fi\/index.php?rest_route=%2Fwp%2Fv2%2Fmedia&parent=79807"}],"wp:term":[{"taxonomy":"pwb-brand","embeddable":true,"href":"https:\/\/www.autonvaraosahaku.fi\/index.php?rest_route=%2Fwp%2Fv2%2Fpwb-brand&post=79807"},{"taxonomy":"product_cat","embeddable":true,"href":"https:\/\/www.autonvaraosahaku.fi\/index.php?rest_route=%2Fwp%2Fv2%2Fproduct_cat&post=79807"},{"taxonomy":"product_tag","embeddable":true,"href":"https:\/\/www.autonvaraosahaku.fi\/index.php?rest_route=%2Fwp%2Fv2%2Fproduct_tag&post=79807"}],"curies":[{"name":"wp","href":"https:\/\/api.w.org\/{rel}","templated":true}]}}