{"id":79824,"date":"2021-02-21T20:06:41","date_gmt":"2021-02-21T20:06:41","guid":{"rendered":"https:\/\/www.autonvaraosahaku.fi\/?product=meyle-014-027-2106-automaattivaihteiston-suodatin"},"modified":"2021-02-21T20:06:46","modified_gmt":"2021-02-21T20:06:46","slug":"meyle-014-027-2106-automaattivaihteiston-suodatin","status":"publish","type":"product","link":"https:\/\/www.autonvaraosahaku.fi\/?product=meyle-014-027-2106-automaattivaihteiston-suodatin","title":{"rendered":"MEYLE 014 027 2106 Automaattivaihteiston suodatin"},"content":{"rendered":"<p>Vaihteistomalli: Automaattivaihteisto, 4-vaiht., Automaattivaihteisto, 5-vaiht.; Lis\u00e4tarvike\/lis\u00e4tieto: Tiivisteill\u00e4; Valmistaja rajaus: MERCEDES-BENZ; M\u00e4\u00e4r\u00e4yksikk\u00f6: Sarja; Vaihteistomalli: W5A 030, 722.5, W4A 055, W4A 040, 722.3; lis\u00e4tieto: ORIGINAL Quality; Vaihteistonumero: 722.5; MERCEDES-BENZ: E-CLASS W210,Stufenheck W124,SL R129,SL R107,S-CLASS W126,KOMBI Kombi S124,E-CLASS W124,COUPE C124,S-CLASS W140,E-CLASS Kombi S124,E-CLASS Coupe C124,S-CLASS Coupe C140; 1262770895, 1292770095, 1292770195; Hydrauliikkasuodatinsarja, Automaattivaihteisto<\/p>\n","protected":false},"excerpt":{"rendered":"<p>MEYLE Automaattivaihteiston Suodatin 014 027 2106 Hydrauliikkasuodatinsarja, Automaattivaihteisto MERCEDES-BENZ,E-CLASS W210,Stufenheck W124,SL R129<\/p>\n","protected":false},"featured_media":0,"template":"","meta":{"site-sidebar-layout":"default","site-content-layout":"default","ast-global-header-display":"","ast-main-header-display":"","ast-hfb-above-header-display":"","ast-hfb-below-header-display":"","ast-hfb-mobile-header-display":"","site-post-title":"","ast-breadcrumbs-content":"","ast-featured-img":"","footer-sml-layout":"","theme-transparent-header-meta":"","adv-header-id-meta":"","stick-header-meta":"","header-above-stick-meta":"","header-main-stick-meta":"","header-below-stick-meta":""},"pwb-brand":[84],"product_cat":[141],"product_tag":[],"class_list":{"0":"post-79824","1":"product","2":"type-product","3":"status-publish","5":"pwb-brand-meyle","6":"product_cat-automaattivaihteiston-suodatin","7":"desktop-align-left","8":"tablet-align-left","9":"mobile-align-left","11":"first","12":"instock","13":"product-type-external"},"brands":[{"id":84,"name":"MEYLE","slug":"meyle"}],"_links":{"self":[{"href":"https:\/\/www.autonvaraosahaku.fi\/index.php?rest_route=\/wp\/v2\/product\/79824","targetHints":{"allow":["GET"]}}],"collection":[{"href":"https:\/\/www.autonvaraosahaku.fi\/index.php?rest_route=\/wp\/v2\/product"}],"about":[{"href":"https:\/\/www.autonvaraosahaku.fi\/index.php?rest_route=\/wp\/v2\/types\/product"}],"wp:attachment":[{"href":"https:\/\/www.autonvaraosahaku.fi\/index.php?rest_route=%2Fwp%2Fv2%2Fmedia&parent=79824"}],"wp:term":[{"taxonomy":"pwb-brand","embeddable":true,"href":"https:\/\/www.autonvaraosahaku.fi\/index.php?rest_route=%2Fwp%2Fv2%2Fpwb-brand&post=79824"},{"taxonomy":"product_cat","embeddable":true,"href":"https:\/\/www.autonvaraosahaku.fi\/index.php?rest_route=%2Fwp%2Fv2%2Fproduct_cat&post=79824"},{"taxonomy":"product_tag","embeddable":true,"href":"https:\/\/www.autonvaraosahaku.fi\/index.php?rest_route=%2Fwp%2Fv2%2Fproduct_tag&post=79824"}],"curies":[{"name":"wp","href":"https:\/\/api.w.org\/{rel}","templated":true}]}}