{"id":79834,"date":"2021-02-21T20:06:48","date_gmt":"2021-02-21T20:06:48","guid":{"rendered":"https:\/\/www.autonvaraosahaku.fi\/?product=lpr-9925-jarrupaineensaadin"},"modified":"2021-02-21T20:06:50","modified_gmt":"2021-02-21T20:06:50","slug":"lpr-9925-jarrupaineensaadin","status":"publish","type":"product","link":"https:\/\/www.autonvaraosahaku.fi\/?product=lpr-9925-jarrupaineensaadin","title":{"rendered":"LPR 9925 Jarrupaineens\u00e4\u00e4din"},"content":{"rendered":"<p>Kierremitta: 10 x 1 (2), 12 x 1 (2), 10 x 1 (2); Materiaali: Valurauta; Jarruj\u00e4rjestelm\u00e4: Bendix; Valmistusvuoteen: 07\/1990; RENAULT: ESPACE II J\/S63_,ESPACE I J11_,25 B29_; 6025006304, 6025108701, 6025108901, 7700716678, 7701349788<\/p>\n","protected":false},"excerpt":{"rendered":"<p>LPR Jarrupaineens\u00e4\u00e4din 9925  RENAULT,ESPACE II J\/S63_,ESPACE I J11_,25 B29_<\/p>\n","protected":false},"featured_media":0,"template":"","meta":{"site-sidebar-layout":"default","site-content-layout":"default","ast-global-header-display":"","ast-main-header-display":"","ast-hfb-above-header-display":"","ast-hfb-below-header-display":"","ast-hfb-mobile-header-display":"","site-post-title":"","ast-breadcrumbs-content":"","ast-featured-img":"","footer-sml-layout":"","theme-transparent-header-meta":"","adv-header-id-meta":"","stick-header-meta":"","header-above-stick-meta":"","header-main-stick-meta":"","header-below-stick-meta":""},"pwb-brand":[238],"product_cat":[488],"product_tag":[],"class_list":{"0":"post-79834","1":"product","2":"type-product","3":"status-publish","5":"pwb-brand-lpr","6":"product_cat-jarrupaineensaadin","7":"desktop-align-left","8":"tablet-align-left","9":"mobile-align-left","11":"first","12":"instock","13":"product-type-external"},"brands":[{"id":238,"name":"LPR","slug":"lpr"}],"_links":{"self":[{"href":"https:\/\/www.autonvaraosahaku.fi\/index.php?rest_route=\/wp\/v2\/product\/79834","targetHints":{"allow":["GET"]}}],"collection":[{"href":"https:\/\/www.autonvaraosahaku.fi\/index.php?rest_route=\/wp\/v2\/product"}],"about":[{"href":"https:\/\/www.autonvaraosahaku.fi\/index.php?rest_route=\/wp\/v2\/types\/product"}],"wp:attachment":[{"href":"https:\/\/www.autonvaraosahaku.fi\/index.php?rest_route=%2Fwp%2Fv2%2Fmedia&parent=79834"}],"wp:term":[{"taxonomy":"pwb-brand","embeddable":true,"href":"https:\/\/www.autonvaraosahaku.fi\/index.php?rest_route=%2Fwp%2Fv2%2Fpwb-brand&post=79834"},{"taxonomy":"product_cat","embeddable":true,"href":"https:\/\/www.autonvaraosahaku.fi\/index.php?rest_route=%2Fwp%2Fv2%2Fproduct_cat&post=79834"},{"taxonomy":"product_tag","embeddable":true,"href":"https:\/\/www.autonvaraosahaku.fi\/index.php?rest_route=%2Fwp%2Fv2%2Fproduct_tag&post=79834"}],"curies":[{"name":"wp","href":"https:\/\/api.w.org\/{rel}","templated":true}]}}