{"id":79847,"date":"2021-02-21T20:06:48","date_gmt":"2021-02-21T20:06:48","guid":{"rendered":"https:\/\/www.autonvaraosahaku.fi\/?product=trw-pmd188-jarrupaasylinteri"},"modified":"2021-02-21T20:06:54","modified_gmt":"2021-02-21T20:06:54","slug":"trw-pmd188-jarrupaasylinteri","status":"publish","type":"product","link":"https:\/\/www.autonvaraosahaku.fi\/?product=trw-pmd188-jarrupaasylinteri","title":{"rendered":"TRW PMD188 Jarrup\u00e4\u00e4sylinteri"},"content":{"rendered":"<p>L\u00e4pimitta [mm]: 19; Kierre 1: M10x1; Valmistaja rajaus: ATE; Liittimi\u00e4: 4; Valmistusvuosi alkaen: 04\/1985; RENAULT: MEGANE I BA0\/1_,CLIO I B\/C57_, 5\/357_,19 II B\/C53_,19 II Cabriolet D53_, 853_,SUPER 5 B\/C40_,5 122_,RAPID Kasten F40_, G40_,19 I B\/C53_,9 L42_,19 II Chamade L53_,21 Stufenheck L48_,19 I Chamade L53_,19 I Cabriolet D53_,21 Kombi K48_,21 B48_,19 I Kasten S53_,21 Kasten S48_,SUPER 5 Kasten S40_; CITRO\u00cbN: AX ZA-_; PEUGEOT: 106 I 1A, 1C,205 II 20A\/C,205 I Cabriolet 741B, 20D,309 II 3C, 3A,205 I 741A\/C,309 I 10C, 10A,305 II 581M,305 II Break 581E,305 I 581A,205 Kasten,305 I Break 581D; 460197, 4601A2, 91518534, 91518535, 9404601978, 95644348, 460187, 460189, 460192, 460197, 4601A2, 7700724411, 7700726005, 7700787634, 7700804901, 7701205094, 7701349762<\/p>\n","protected":false},"excerpt":{"rendered":"<p>TRW Jarrup\u00e4\u00e4sylinteri PMD188  RENAULT,CITRO\u00cbN,PEUGEOT,MEGANE I BA0\/1_,CLIO I B\/C57_, 5\/357_,19 II B\/C53_,19 II Cabriolet D53_, 853_,SUPER 5 B\/C40_<\/p>\n","protected":false},"featured_media":0,"template":"","meta":{"site-sidebar-layout":"default","site-content-layout":"default","ast-global-header-display":"","ast-main-header-display":"","ast-hfb-above-header-display":"","ast-hfb-below-header-display":"","ast-hfb-mobile-header-display":"","site-post-title":"","ast-breadcrumbs-content":"","ast-featured-img":"","footer-sml-layout":"","theme-transparent-header-meta":"","adv-header-id-meta":"","stick-header-meta":"","header-above-stick-meta":"","header-main-stick-meta":"","header-below-stick-meta":""},"pwb-brand":[332],"product_cat":[276],"product_tag":[],"class_list":{"0":"post-79847","1":"product","2":"type-product","3":"status-publish","5":"pwb-brand-trw","6":"product_cat-jarrupaasylinteri","7":"desktop-align-left","8":"tablet-align-left","9":"mobile-align-left","11":"first","12":"instock","13":"product-type-external"},"brands":[{"id":332,"name":"TRW","slug":"trw"}],"_links":{"self":[{"href":"https:\/\/www.autonvaraosahaku.fi\/index.php?rest_route=\/wp\/v2\/product\/79847","targetHints":{"allow":["GET"]}}],"collection":[{"href":"https:\/\/www.autonvaraosahaku.fi\/index.php?rest_route=\/wp\/v2\/product"}],"about":[{"href":"https:\/\/www.autonvaraosahaku.fi\/index.php?rest_route=\/wp\/v2\/types\/product"}],"wp:attachment":[{"href":"https:\/\/www.autonvaraosahaku.fi\/index.php?rest_route=%2Fwp%2Fv2%2Fmedia&parent=79847"}],"wp:term":[{"taxonomy":"pwb-brand","embeddable":true,"href":"https:\/\/www.autonvaraosahaku.fi\/index.php?rest_route=%2Fwp%2Fv2%2Fpwb-brand&post=79847"},{"taxonomy":"product_cat","embeddable":true,"href":"https:\/\/www.autonvaraosahaku.fi\/index.php?rest_route=%2Fwp%2Fv2%2Fproduct_cat&post=79847"},{"taxonomy":"product_tag","embeddable":true,"href":"https:\/\/www.autonvaraosahaku.fi\/index.php?rest_route=%2Fwp%2Fv2%2Fproduct_tag&post=79847"}],"curies":[{"name":"wp","href":"https:\/\/api.w.org\/{rel}","templated":true}]}}