{"id":79867,"date":"2021-02-21T20:06:55","date_gmt":"2021-02-21T20:06:55","guid":{"rendered":"https:\/\/www.autonvaraosahaku.fi\/?product=lpr-3224-kytkimen-tyosylinteri"},"modified":"2021-02-21T20:07:01","modified_gmt":"2021-02-21T20:07:01","slug":"lpr-3224-kytkimen-tyosylinteri","status":"publish","type":"product","link":"https:\/\/www.autonvaraosahaku.fi\/?product=lpr-3224-kytkimen-tyosylinteri","title":{"rendered":"LPR 3224 Kytkimen ty\u00f6sylinteri"},"content":{"rendered":"<p>Reik\u00e4-\u00d8 [mm]: 25,4; Kierremitta: 12 x 1, 12 x 1; Materiaali: Alumiini; Jarruj\u00e4rjestelm\u00e4: Bendix; Valmistusvuosi alkaen: 01\/1970; ALFA ROMEO: SPIDER 115,SPIDER 105,GIULIA,GT,1750-2000,GIULIA GT,GTA Coupe; 105121205000, 105121205001, 105481205000, 105481205001, 105481205002, 60516270, 60516271, 60716270; Ty\u00f6sylinteri, Kytkin<\/p>\n","protected":false},"excerpt":{"rendered":"<p>LPR Kytkimen Ty\u00f6sylinteri 3224 Ty\u00f6sylinteri, Kytkin ALFA ROMEO,SPIDER 115,SPIDER 105,GIULIA,GT,1750-2000,GIULIA GT,GTA Coupe<\/p>\n","protected":false},"featured_media":0,"template":"","meta":{"site-sidebar-layout":"default","site-content-layout":"default","ast-global-header-display":"","ast-main-header-display":"","ast-hfb-above-header-display":"","ast-hfb-below-header-display":"","ast-hfb-mobile-header-display":"","site-post-title":"","ast-breadcrumbs-content":"","ast-featured-img":"","footer-sml-layout":"","theme-transparent-header-meta":"","adv-header-id-meta":"","stick-header-meta":"","header-above-stick-meta":"","header-main-stick-meta":"","header-below-stick-meta":""},"pwb-brand":[238],"product_cat":[310],"product_tag":[],"class_list":{"0":"post-79867","1":"product","2":"type-product","3":"status-publish","5":"pwb-brand-lpr","6":"product_cat-kytkimen-tyosylinteri","7":"desktop-align-left","8":"tablet-align-left","9":"mobile-align-left","11":"first","12":"instock","13":"product-type-external"},"brands":[{"id":238,"name":"LPR","slug":"lpr"}],"_links":{"self":[{"href":"https:\/\/www.autonvaraosahaku.fi\/index.php?rest_route=\/wp\/v2\/product\/79867","targetHints":{"allow":["GET"]}}],"collection":[{"href":"https:\/\/www.autonvaraosahaku.fi\/index.php?rest_route=\/wp\/v2\/product"}],"about":[{"href":"https:\/\/www.autonvaraosahaku.fi\/index.php?rest_route=\/wp\/v2\/types\/product"}],"wp:attachment":[{"href":"https:\/\/www.autonvaraosahaku.fi\/index.php?rest_route=%2Fwp%2Fv2%2Fmedia&parent=79867"}],"wp:term":[{"taxonomy":"pwb-brand","embeddable":true,"href":"https:\/\/www.autonvaraosahaku.fi\/index.php?rest_route=%2Fwp%2Fv2%2Fpwb-brand&post=79867"},{"taxonomy":"product_cat","embeddable":true,"href":"https:\/\/www.autonvaraosahaku.fi\/index.php?rest_route=%2Fwp%2Fv2%2Fproduct_cat&post=79867"},{"taxonomy":"product_tag","embeddable":true,"href":"https:\/\/www.autonvaraosahaku.fi\/index.php?rest_route=%2Fwp%2Fv2%2Fproduct_tag&post=79867"}],"curies":[{"name":"wp","href":"https:\/\/api.w.org\/{rel}","templated":true}]}}