{"id":79874,"date":"2021-02-21T20:07:03","date_gmt":"2021-02-21T20:07:03","guid":{"rendered":"https:\/\/www.autonvaraosahaku.fi\/?product=febi-bilstein-31642-takaluukun-kaasujousi"},"modified":"2021-02-21T20:07:04","modified_gmt":"2021-02-21T20:07:04","slug":"febi-bilstein-31642-takaluukun-kaasujousi","status":"publish","type":"product","link":"https:\/\/www.autonvaraosahaku.fi\/?product=febi-bilstein-31642-takaluukun-kaasujousi","title":{"rendered":"FEBI BILSTEIN 31642 Takaluukun kaasujousi"},"content":{"rendered":"<p>Pituus (mm): 526; Kopan l\u00e4pimitta (mm): 18; M\u00e4nn\u00e4nvarren l\u00e4pimitta [mm]: 8; Ty\u00f6nt\u00f6voima [N]: 325; Asennuspuoli: Molemminpuolin; Isku (mm): 204; Paino [kg]: 0,251, 0,251; VW: POLO 6R, 6C,POLO Stufenheck,POLO Van 6R; 6R6827550A; Kaasujousi, Tavaratila<\/p>\n","protected":false},"excerpt":{"rendered":"<p>FEBI BILSTEIN Takaluukun Kaasujousi 31642 Kaasujousi, Tavaratila VW,POLO 6R, 6C,POLO Stufenheck,POLO Van 6R<\/p>\n","protected":false},"featured_media":0,"template":"","meta":{"site-sidebar-layout":"default","site-content-layout":"default","ast-global-header-display":"","ast-main-header-display":"","ast-hfb-above-header-display":"","ast-hfb-below-header-display":"","ast-hfb-mobile-header-display":"","site-post-title":"","ast-breadcrumbs-content":"","ast-featured-img":"","footer-sml-layout":"","theme-transparent-header-meta":"","adv-header-id-meta":"","stick-header-meta":"","header-above-stick-meta":"","header-main-stick-meta":"","header-below-stick-meta":""},"pwb-brand":[50],"product_cat":[59],"product_tag":[],"class_list":{"0":"post-79874","1":"product","2":"type-product","3":"status-publish","5":"pwb-brand-febi-bilstein","6":"product_cat-takaluukun-kaasujousi","7":"desktop-align-left","8":"tablet-align-left","9":"mobile-align-left","11":"first","12":"instock","13":"product-type-external"},"brands":[{"id":50,"name":"FEBI BILSTEIN","slug":"febi-bilstein"}],"_links":{"self":[{"href":"https:\/\/www.autonvaraosahaku.fi\/index.php?rest_route=\/wp\/v2\/product\/79874","targetHints":{"allow":["GET"]}}],"collection":[{"href":"https:\/\/www.autonvaraosahaku.fi\/index.php?rest_route=\/wp\/v2\/product"}],"about":[{"href":"https:\/\/www.autonvaraosahaku.fi\/index.php?rest_route=\/wp\/v2\/types\/product"}],"wp:attachment":[{"href":"https:\/\/www.autonvaraosahaku.fi\/index.php?rest_route=%2Fwp%2Fv2%2Fmedia&parent=79874"}],"wp:term":[{"taxonomy":"pwb-brand","embeddable":true,"href":"https:\/\/www.autonvaraosahaku.fi\/index.php?rest_route=%2Fwp%2Fv2%2Fpwb-brand&post=79874"},{"taxonomy":"product_cat","embeddable":true,"href":"https:\/\/www.autonvaraosahaku.fi\/index.php?rest_route=%2Fwp%2Fv2%2Fproduct_cat&post=79874"},{"taxonomy":"product_tag","embeddable":true,"href":"https:\/\/www.autonvaraosahaku.fi\/index.php?rest_route=%2Fwp%2Fv2%2Fproduct_tag&post=79874"}],"curies":[{"name":"wp","href":"https:\/\/api.w.org\/{rel}","templated":true}]}}