{"id":79881,"date":"2021-02-21T20:07:03","date_gmt":"2021-02-21T20:07:03","guid":{"rendered":"https:\/\/www.autonvaraosahaku.fi\/?product=corteco-19030094b-kampiakselin-tiiviste"},"modified":"2021-02-21T20:07:06","modified_gmt":"2021-02-21T20:07:06","slug":"corteco-19030094b-kampiakselin-tiiviste","status":"publish","type":"product","link":"https:\/\/www.autonvaraosahaku.fi\/?product=corteco-19030094b-kampiakselin-tiiviste","title":{"rendered":"CORTECO 19030094B Kampiakselin tiiviste"},"content":{"rendered":"<p>Asennuspuoli: Vaihteiston puoli; Sis\u00e4l\u00e4pimitta 1 [mm]: 80; Ulkol\u00e4pimitta 1 [mm]: 100; Korkeus 1 (mm): 13; Materiaali: MVQ (silikooni\/kautsu); Rihlamalli: Vasen kierre; Suojavaippa: Suojakumilla; Moottorinumero: 742.13; BMW: 3 E36,3 E30,3 Coupe E36,5 E34,02 E10,5 Touring E34,5 E28,6 E24,3 E21,3 Touring E30,7 E23,5 E12,02 Touring E6,02 Cabriolet E10; RENAULT: CLIO I B\/C57_, 5\/357_,LAGUNA I Grandtour K56_,4 112_,19 II B\/C53_,SUPER 5 B\/C40_,5 122_,RAPID Kasten F40_, G40_,19 I B\/C53_,4 Kasten R21_, R23_,TRAFIC Kasten TXX,9 L42_,SAFRANE I B54_,19 II Chamade L53_,12,11 B\/C37_,16 115_,21 Stufenheck L48_,25 B29_,19 I Chamade L53_,TRAFIC Kasten T1, T3, T4,CLIO I Kasten S57_,6 118_,TRAFIC Bus T5, T6, T7,18 134_,11 Kasten S37_,17,18 Variable 135_,5 Kasten 238_,FUEGO 136_,12 Variable 117_,21 B48_,ESTAFETTE 213_,20 127_,TRAFIC Pritsche\/Fahrgestell P6,15 130_,18 Kasten,SUPER 5 Kasten S40_,RODEO 5; SKODA: 105,120 742,100,105,120 744,130,1000,110,RAPID 120G, 130G, 135G,110 Coupe; PEUGEOT: J5 Pritsche\/Fahrgestell 280L,505 551A,504 Coupe,604 561A_,305 II Break 581E; NISSAN: PICK UP D21,TERRANO I WD21,280 ZX,ZXT HGS130,VANETTE Bus C22,PICK UP 720,VANETTE Kasten C22,URVAN Bus E24,VANETTE Bus KC120,URVAN Kasten E24,URVAN Bus E23; VOLVO: 240 P242, P244,760 704, 764,340-360 343, 345,760 Kombi 704, 765,260 P262, P264,260 Coupe P262,340-360 Stufenheck 344,66 Kombi,260 Kombi P265,780; TALBOT: TAGORA; 11141255015, 702672445, 1227921000, 12279R4601, 051420, 7703087035, 7703087080, 953080413, 051420, 7703087035, 12180279, 32672446; Akselitiiviste, Kampiakseli<\/p>\n","protected":false},"excerpt":{"rendered":"<p>CORTECO Kampiakselin Tiiviste 19030094B Akselitiiviste, Kampiakseli BMW,RENAULT,SKODA,3 E36,3 E30,3 Coupe E36,5 E34,02 E10,5 Touring E34,5 E28,6 E24<\/p>\n","protected":false},"featured_media":0,"template":"","meta":{"site-sidebar-layout":"default","site-content-layout":"default","ast-global-header-display":"","ast-main-header-display":"","ast-hfb-above-header-display":"","ast-hfb-below-header-display":"","ast-hfb-mobile-header-display":"","site-post-title":"","ast-breadcrumbs-content":"","ast-featured-img":"","footer-sml-layout":"","theme-transparent-header-meta":"","adv-header-id-meta":"","stick-header-meta":"","header-above-stick-meta":"","header-main-stick-meta":"","header-below-stick-meta":""},"pwb-brand":[53],"product_cat":[88],"product_tag":[],"class_list":{"0":"post-79881","1":"product","2":"type-product","3":"status-publish","5":"pwb-brand-corteco","6":"product_cat-kampiakselin-tiiviste","7":"desktop-align-left","8":"tablet-align-left","9":"mobile-align-left","11":"first","12":"instock","13":"product-type-external"},"brands":[{"id":53,"name":"CORTECO","slug":"corteco"}],"_links":{"self":[{"href":"https:\/\/www.autonvaraosahaku.fi\/index.php?rest_route=\/wp\/v2\/product\/79881","targetHints":{"allow":["GET"]}}],"collection":[{"href":"https:\/\/www.autonvaraosahaku.fi\/index.php?rest_route=\/wp\/v2\/product"}],"about":[{"href":"https:\/\/www.autonvaraosahaku.fi\/index.php?rest_route=\/wp\/v2\/types\/product"}],"wp:attachment":[{"href":"https:\/\/www.autonvaraosahaku.fi\/index.php?rest_route=%2Fwp%2Fv2%2Fmedia&parent=79881"}],"wp:term":[{"taxonomy":"pwb-brand","embeddable":true,"href":"https:\/\/www.autonvaraosahaku.fi\/index.php?rest_route=%2Fwp%2Fv2%2Fpwb-brand&post=79881"},{"taxonomy":"product_cat","embeddable":true,"href":"https:\/\/www.autonvaraosahaku.fi\/index.php?rest_route=%2Fwp%2Fv2%2Fproduct_cat&post=79881"},{"taxonomy":"product_tag","embeddable":true,"href":"https:\/\/www.autonvaraosahaku.fi\/index.php?rest_route=%2Fwp%2Fv2%2Fproduct_tag&post=79881"}],"curies":[{"name":"wp","href":"https:\/\/api.w.org\/{rel}","templated":true}]}}