{"id":79890,"date":"2021-02-21T20:07:10","date_gmt":"2021-02-21T20:07:10","guid":{"rendered":"https:\/\/www.autonvaraosahaku.fi\/?product=vaico-v22-0012-kampiakselin-hihnapyora"},"modified":"2021-02-21T20:07:10","modified_gmt":"2021-02-21T20:07:10","slug":"vaico-v22-0012-kampiakselin-hihnapyora","status":"publish","type":"product","link":"https:\/\/www.autonvaraosahaku.fi\/?product=vaico-v22-0012-kampiakselin-hihnapyora","title":{"rendered":"VAICO V22-0012 Kampiakselin hihnapy\u00f6r\u00e4"},"content":{"rendered":"<p>Korkeus (mm): 34,85; kiiloja: 5; Tunnusluku: 6PK; Hihnapy\u00f6r\u00e4-\u00d8[mm]: 152,9; Paino [kg]: 2,64; Pakkausleveys [cm]: 18,5; Pakkauskorkeus [mm]: 5,3; Pakkaussyvyys [cm]: 17,6; lis\u00e4tieto: CST99; Organisaationumeroon: 10562; MAZDA: 3 BK,2 DY,2 DE,3 BL,3 Stufenheck BK; VOLVO: V50 MW,V70 III BW,C30,S40 II MS,S80 II AS; SUZUKI: LIANA Schr\u00e4gheck,LIANA ER; MINI: MINI R56,MINI CLUBMAN R55; FORD: FIESTA V JH_, JD_,FOCUS II Kombi DA_,FIESTA VI,FOCUS II DA_,FOCUS C-MAX,FUSION JU_,C-MAX DM2,FOCUS II Stufenheck DA_,FIESTA V Van,FIESTA VI Van; CITRO\u00cbN: C1 PM_, PN_,BERLINGO MF,XSARA PICASSO N68,C2 JM_,C3 I FC_,BERLINGO B9,C5 III Break TD_,C4 Picasso I UD_,C4 Grand Picasso I UA_,C4 I LC_,BERLINGO Kasten M_,C5 II Break RE_,C3 Picasso,C5 III RD_,C3 II,XSARA N1,C4 Coupe LA_,C3 Pluriel HB_,C5 II RC_,XSARA Break N2,BERLINGO Kasten B9,XSARA Coupe N0,C4 Stufenheck L,C2 ENTERPRISE; PEUGEOT: 206 Schr\u00e4gheck 2A\/C,206 CC 2D,307 SW 3H,407 SW 6E_,307 3A\/C,107,206 SW 2E\/K,307 Break 3E,407 6D_,1007 KM_,PARTNER Combispace 5F,PARTNER Kasten 5,206 Van; 11237801979, 7801979, 0515P8, 0515R0, 0515T0, 0515V0, 0515V4, 0515V7, 0515V8, 515R0, 515V4, 515V8, 1147683, 1319519, 1369546, 1473366, 1485765, 1517975, 1517976, 2S6Q6B319AA, 2S6Q6B319AB, 2S6Q6B319AC, 2S6Q6B319AD, 2S6QGB319AA, 2S6QGB319AB, 3M5Q6B319CA, 3M5Q6B319CB, 3M5Q6B319CC, Y40111401, Y40111401A, Y40111401B, Y40111401C, Y60311401, 11237801979, 0515P8, 0515R0, 0515T0, 0515V0, 0515V4, 0515V7, 0515V8, 515R0, 515V4, 515V8, 30750083, 31251290, 31272289; Hihnapy\u00f6r\u00e4, Kampiakseli<\/p>\n","protected":false},"excerpt":{"rendered":"<p>VAICO Kampiakselin Hihnapy\u00f6r\u00e4 V22-0012 Hihnapy\u00f6r\u00e4, Kampiakseli MAZDA,VOLVO,SUZUKI,3 BK,2 DY,2 DE,3 BL,3 Stufenheck BK,V50 MW,V70 III BW,C30,S40 II MS<\/p>\n","protected":false},"featured_media":0,"template":"","meta":{"site-sidebar-layout":"default","site-content-layout":"default","ast-global-header-display":"","ast-main-header-display":"","ast-hfb-above-header-display":"","ast-hfb-below-header-display":"","ast-hfb-mobile-header-display":"","site-post-title":"","ast-breadcrumbs-content":"","ast-featured-img":"","footer-sml-layout":"","theme-transparent-header-meta":"","adv-header-id-meta":"","stick-header-meta":"","header-above-stick-meta":"","header-main-stick-meta":"","header-below-stick-meta":""},"pwb-brand":[330],"product_cat":[219],"product_tag":[],"class_list":{"0":"post-79890","1":"product","2":"type-product","3":"status-publish","5":"pwb-brand-vaico","6":"product_cat-kampiakselin-hihnapyora","7":"desktop-align-left","8":"tablet-align-left","9":"mobile-align-left","11":"first","12":"instock","13":"product-type-external"},"brands":[{"id":330,"name":"VAICO","slug":"vaico"}],"_links":{"self":[{"href":"https:\/\/www.autonvaraosahaku.fi\/index.php?rest_route=\/wp\/v2\/product\/79890","targetHints":{"allow":["GET"]}}],"collection":[{"href":"https:\/\/www.autonvaraosahaku.fi\/index.php?rest_route=\/wp\/v2\/product"}],"about":[{"href":"https:\/\/www.autonvaraosahaku.fi\/index.php?rest_route=\/wp\/v2\/types\/product"}],"wp:attachment":[{"href":"https:\/\/www.autonvaraosahaku.fi\/index.php?rest_route=%2Fwp%2Fv2%2Fmedia&parent=79890"}],"wp:term":[{"taxonomy":"pwb-brand","embeddable":true,"href":"https:\/\/www.autonvaraosahaku.fi\/index.php?rest_route=%2Fwp%2Fv2%2Fpwb-brand&post=79890"},{"taxonomy":"product_cat","embeddable":true,"href":"https:\/\/www.autonvaraosahaku.fi\/index.php?rest_route=%2Fwp%2Fv2%2Fproduct_cat&post=79890"},{"taxonomy":"product_tag","embeddable":true,"href":"https:\/\/www.autonvaraosahaku.fi\/index.php?rest_route=%2Fwp%2Fv2%2Fproduct_tag&post=79890"}],"curies":[{"name":"wp","href":"https:\/\/api.w.org\/{rel}","templated":true}]}}