{"id":7990,"date":"2021-02-21T14:01:45","date_gmt":"2021-02-21T14:01:45","guid":{"rendered":"https:\/\/www.autonvaraosahaku.fi\/?product=nrf-34043-lammityslaitteen-puhallin"},"modified":"2021-02-21T14:01:46","modified_gmt":"2021-02-21T14:01:46","slug":"nrf-34043-lammityslaitteen-puhallin","status":"publish","type":"product","link":"https:\/\/www.autonvaraosahaku.fi\/?product=nrf-34043-lammityslaitteen-puhallin","title":{"rendered":"NRF 34043 L\u00e4mmityslaitteen puhallin"},"content":{"rendered":"<p>Valmistaja rajaus: VALEO; Py\u00f6rimissuunta: Py\u00f6rimissuunta vastap\u00e4iv\u00e4\u00e4n; J\u00e4nnite (V): 12; L\u00e4pimitta 1\/l\u00e4pimitta 2 [mm]: 150; Puhallinsiipen lukum\u00e4\u00e4r\u00e4: 41; Lis\u00e4tarvike\/lis\u00e4tieto: ilman integroitua s\u00e4\u00e4dint\u00e4; Muoto: Soikea; Napojen m\u00e4\u00e4r\u00e4: 2; Varusteet: f\u00fcr Fahrzeuge ohne Klimaanlage; MERCEDES-BENZ: A-CLASS W169,B-CLASS W245; 1698200642, A1698200642; Sis\u00e4tilan Puhallin,Sis\u00e4tilapuhallin<\/p>\n","protected":false},"excerpt":{"rendered":"<p>NRF L\u00e4mmityslaitteen Puhallin 34043 Sis\u00e4tilan Puhallin,Sis\u00e4tilapuhallin MERCEDES-BENZ,A-CLASS W169,B-CLASS W245<\/p>\n","protected":false},"featured_media":0,"template":"","meta":{"site-sidebar-layout":"default","site-content-layout":"default","ast-global-header-display":"","ast-main-header-display":"","ast-hfb-above-header-display":"","ast-hfb-below-header-display":"","ast-hfb-mobile-header-display":"","site-post-title":"","ast-breadcrumbs-content":"","ast-featured-img":"","footer-sml-layout":"","theme-transparent-header-meta":"","adv-header-id-meta":"","stick-header-meta":"","header-above-stick-meta":"","header-main-stick-meta":"","header-below-stick-meta":""},"pwb-brand":[85],"product_cat":[86],"product_tag":[],"class_list":{"0":"post-7990","1":"product","2":"type-product","3":"status-publish","5":"pwb-brand-nrf","6":"product_cat-lammityslaitteen-puhallin","7":"desktop-align-left","8":"tablet-align-left","9":"mobile-align-left","11":"first","12":"instock","13":"product-type-external"},"brands":[{"id":85,"name":"NRF","slug":"nrf"}],"_links":{"self":[{"href":"https:\/\/www.autonvaraosahaku.fi\/index.php?rest_route=\/wp\/v2\/product\/7990","targetHints":{"allow":["GET"]}}],"collection":[{"href":"https:\/\/www.autonvaraosahaku.fi\/index.php?rest_route=\/wp\/v2\/product"}],"about":[{"href":"https:\/\/www.autonvaraosahaku.fi\/index.php?rest_route=\/wp\/v2\/types\/product"}],"wp:attachment":[{"href":"https:\/\/www.autonvaraosahaku.fi\/index.php?rest_route=%2Fwp%2Fv2%2Fmedia&parent=7990"}],"wp:term":[{"taxonomy":"pwb-brand","embeddable":true,"href":"https:\/\/www.autonvaraosahaku.fi\/index.php?rest_route=%2Fwp%2Fv2%2Fpwb-brand&post=7990"},{"taxonomy":"product_cat","embeddable":true,"href":"https:\/\/www.autonvaraosahaku.fi\/index.php?rest_route=%2Fwp%2Fv2%2Fproduct_cat&post=7990"},{"taxonomy":"product_tag","embeddable":true,"href":"https:\/\/www.autonvaraosahaku.fi\/index.php?rest_route=%2Fwp%2Fv2%2Fproduct_tag&post=7990"}],"curies":[{"name":"wp","href":"https:\/\/api.w.org\/{rel}","templated":true}]}}