{"id":7995,"date":"2021-02-21T14:01:45","date_gmt":"2021-02-21T14:01:45","guid":{"rendered":"https:\/\/www.autonvaraosahaku.fi\/?product=maxgear-28-0250-muut-luokat"},"modified":"2021-02-21T14:01:46","modified_gmt":"2021-02-21T14:01:46","slug":"maxgear-28-0250-muut-luokat","status":"publish","type":"product","link":"https:\/\/www.autonvaraosahaku.fi\/?product=maxgear-28-0250-muut-luokat","title":{"rendered":"MAXGEAR 28-0250 Muut luokat"},"content":{"rendered":"<p>Tarvittava kappalem\u00e4\u00e4r\u00e4: 1; Paino [kg]: 0,036; Moottorinumero: M102; VW: LT 28-46 II Kasten 2DA, 2DD, 2DH,LT 28-35 II Bus 2DB, 2DE, 2DK,LT 28-46 II Pritsche\/Fahrgestell 2DC, 2DF, 2DG, 2DL, 2DM; MERCEDES-BENZ: C-CLASS W203,E-CLASS W211,C-CLASS W204,A-CLASS W169,A-CLASS W168,B-CLASS W245,C-CLASS T-Model S204,C-CLASS T-Model S203,C-CLASS W202,E-CLASS T-Model S211,190 W201,SLK R170,E-CLASS W210,E-CLASS W212,VIANO W639,M-CLASS W164,C-CLASS Coupe CL203,M-CLASS W163,Stufenheck W124,E-CLASS T-Model S212,GLK-CLASS X204,E-CLASS Kombi S210,VITO Bus W639,SLK R171,CLK C208,SL R129,CLK C209,SL R107,C-CLASS Kombi S202,Stufenheck W123,S-CLASS W220,VITO \/ MIXTO Kasten W639,SPRINTER 3,5-t Kasten 906,S-CLASS W126,S-CLASS W221,CLS C219,VANEO 414,SL R230,KOMBI Kombi S124,E-CLASS W124,R-CLASS W251, V251,G-CLASS W463,VITO Bus 638,CLK Cabriolet A208,COUPE C124,CLK Cabriolet A209,G-CLASS W460,S-CLASS W140,E-CLASS Kombi S124,COUPE C123,S-CLASS W108, W109,SPRINTER 3-t Kasten 903,SPRINTER 3,5-t Bus 906,SPRINTER 2-t Bus 901, 902,SPRINTER 3-t Kasten 906,S-CLASS W116,COUPE W111,V-CLASS 638\/2,S-CLASS Coupe C126,GL-CLASS X164,G-CLASS W461,SPRINTER 2-t Kasten 901, 902,SPRINTER 3-t Bus 9,ACTROS,ACTROS MP2 \/ MP3,ATEGO,ATEGO 2,CITARO (O 530),CONECTO (O 345),INTEGRO (O 550),INTOURO,LP,NG,OH,TOURINO (O 510),TOURISMO (O 350),TOURO (O 500),TRAVEGO (O 580),UNIMOG,ZETROS; SMART: FORTWO Coupe 451,FORTWO Cabrio 451; JEEP: GRAND CHEROKEE II WJ, WG; SSANGYONG: MUSSO FJ; SETRA: Series 400; NEOPLAN: Cityliner,Jetliner,Megaliner,Skyliner,Starliner,Transliner; Korkki<\/p>\n","protected":false},"excerpt":{"rendered":"<p>MAXGEAR \u00d6ljykorkki 28-0250 Korkki VW,MERCEDES-BENZ,SMART,LT 28-46 II Kasten 2DA, 2DD, 2DH,LT 28-35 II Bus 2DB, 2DE, 2DK<\/p>\n","protected":false},"featured_media":0,"template":"","meta":{"site-sidebar-layout":"default","site-content-layout":"default","ast-global-header-display":"","ast-main-header-display":"","ast-hfb-above-header-display":"","ast-hfb-below-header-display":"","ast-hfb-mobile-header-display":"","site-post-title":"","ast-breadcrumbs-content":"","ast-featured-img":"","footer-sml-layout":"","theme-transparent-header-meta":"","adv-header-id-meta":"","stick-header-meta":"","header-above-stick-meta":"","header-main-stick-meta":"","header-below-stick-meta":""},"pwb-brand":[48],"product_cat":[37],"product_tag":[],"class_list":{"0":"post-7995","1":"product","2":"type-product","3":"status-publish","5":"pwb-brand-maxgear","6":"product_cat-muut-luokat","7":"desktop-align-left","8":"tablet-align-left","9":"mobile-align-left","11":"first","12":"instock","13":"product-type-external"},"brands":[{"id":48,"name":"MAXGEAR","slug":"maxgear"}],"_links":{"self":[{"href":"https:\/\/www.autonvaraosahaku.fi\/index.php?rest_route=\/wp\/v2\/product\/7995","targetHints":{"allow":["GET"]}}],"collection":[{"href":"https:\/\/www.autonvaraosahaku.fi\/index.php?rest_route=\/wp\/v2\/product"}],"about":[{"href":"https:\/\/www.autonvaraosahaku.fi\/index.php?rest_route=\/wp\/v2\/types\/product"}],"wp:attachment":[{"href":"https:\/\/www.autonvaraosahaku.fi\/index.php?rest_route=%2Fwp%2Fv2%2Fmedia&parent=7995"}],"wp:term":[{"taxonomy":"pwb-brand","embeddable":true,"href":"https:\/\/www.autonvaraosahaku.fi\/index.php?rest_route=%2Fwp%2Fv2%2Fpwb-brand&post=7995"},{"taxonomy":"product_cat","embeddable":true,"href":"https:\/\/www.autonvaraosahaku.fi\/index.php?rest_route=%2Fwp%2Fv2%2Fproduct_cat&post=7995"},{"taxonomy":"product_tag","embeddable":true,"href":"https:\/\/www.autonvaraosahaku.fi\/index.php?rest_route=%2Fwp%2Fv2%2Fproduct_tag&post=7995"}],"curies":[{"name":"wp","href":"https:\/\/api.w.org\/{rel}","templated":true}]}}