{"id":7996,"date":"2021-02-21T14:01:45","date_gmt":"2021-02-21T14:01:45","guid":{"rendered":"https:\/\/www.autonvaraosahaku.fi\/?product=topran-114-416-jaahdytysnesteen-laippa"},"modified":"2021-02-21T14:01:47","modified_gmt":"2021-02-21T14:01:47","slug":"topran-114-416-jaahdytysnesteen-laippa","status":"publish","type":"product","link":"https:\/\/www.autonvaraosahaku.fi\/?product=topran-114-416-jaahdytysnesteen-laippa","title":{"rendered":"TOPRAN 114 416 J\u00e4\u00e4hdytysnesteen laippa"},"content":{"rendered":"<p>Sis\u00e4\u00e4n\/ulosmeno aukkojen lukum\u00e4\u00e4r\u00e4: 4; Materiaali: Lasikuitu-muovi, Polyamidi 6.6; Johtol\u00e4pimitalle [mm]: 32, 25, 8; OE-numerolle: 1K0 121 087H; TECDOC-moottorinumero: 22469; VW: GOLF V 1K1,GOLF VI 5K1,PASSAT Variant 3C5,PASSAT 3C2,POLO 6R, 6C,GOLF V Variant 1K5,EOS 1F7, 1F8,SCIROCCO 137, 138,JETTA III 1K2; AUDI: A3 8P1,A3 Sportback 8PA,TT 8J3,A1 8X1, 8XF,TT Roadster 8J9; SKODA: OCTAVIA Combi 1Z5,OCTAVIA 1Z3; SEAT: LEON 1P1,ALTEA 5P1,ALTEA XL 5P5, 5P8,TOLEDO III 5P2; 1K0121087H, 1K0121087H, 1K0121087H, 1K0121087H<\/p>\n","protected":false},"excerpt":{"rendered":"<p>TOPRAN J\u00e4\u00e4hdytysnesteen Laippa 114 416  VW,AUDI,SKODA,GOLF V 1K1,GOLF VI 5K1,PASSAT Variant 3C5,PASSAT 3C2,POLO 6R, 6C,GOLF V Variant 1K5,EOS 1F7, 1F8<\/p>\n","protected":false},"featured_media":0,"template":"","meta":{"site-sidebar-layout":"default","site-content-layout":"default","ast-global-header-display":"","ast-main-header-display":"","ast-hfb-above-header-display":"","ast-hfb-below-header-display":"","ast-hfb-mobile-header-display":"","site-post-title":"","ast-breadcrumbs-content":"","ast-featured-img":"","footer-sml-layout":"","theme-transparent-header-meta":"","adv-header-id-meta":"","stick-header-meta":"","header-above-stick-meta":"","header-main-stick-meta":"","header-below-stick-meta":""},"pwb-brand":[18],"product_cat":[207],"product_tag":[],"class_list":{"0":"post-7996","1":"product","2":"type-product","3":"status-publish","5":"pwb-brand-topran","6":"product_cat-jaahdytysnesteen-laippa","7":"desktop-align-left","8":"tablet-align-left","9":"mobile-align-left","11":"first","12":"instock","13":"product-type-external"},"brands":[{"id":18,"name":"TOPRAN","slug":"topran"}],"_links":{"self":[{"href":"https:\/\/www.autonvaraosahaku.fi\/index.php?rest_route=\/wp\/v2\/product\/7996","targetHints":{"allow":["GET"]}}],"collection":[{"href":"https:\/\/www.autonvaraosahaku.fi\/index.php?rest_route=\/wp\/v2\/product"}],"about":[{"href":"https:\/\/www.autonvaraosahaku.fi\/index.php?rest_route=\/wp\/v2\/types\/product"}],"wp:attachment":[{"href":"https:\/\/www.autonvaraosahaku.fi\/index.php?rest_route=%2Fwp%2Fv2%2Fmedia&parent=7996"}],"wp:term":[{"taxonomy":"pwb-brand","embeddable":true,"href":"https:\/\/www.autonvaraosahaku.fi\/index.php?rest_route=%2Fwp%2Fv2%2Fpwb-brand&post=7996"},{"taxonomy":"product_cat","embeddable":true,"href":"https:\/\/www.autonvaraosahaku.fi\/index.php?rest_route=%2Fwp%2Fv2%2Fproduct_cat&post=7996"},{"taxonomy":"product_tag","embeddable":true,"href":"https:\/\/www.autonvaraosahaku.fi\/index.php?rest_route=%2Fwp%2Fv2%2Fproduct_tag&post=7996"}],"curies":[{"name":"wp","href":"https:\/\/api.w.org\/{rel}","templated":true}]}}