{"id":79963,"date":"2021-02-21T20:07:33","date_gmt":"2021-02-21T20:07:33","guid":{"rendered":"https:\/\/www.autonvaraosahaku.fi\/?product=trw-jbe207-hammastangon-suojakumi"},"modified":"2021-02-21T20:07:37","modified_gmt":"2021-02-21T20:07:37","slug":"trw-jbe207-hammastangon-suojakumi","status":"publish","type":"product","link":"https:\/\/www.autonvaraosahaku.fi\/?product=trw-jbe207-hammastangon-suojakumi","title":{"rendered":"TRW JBE207 Hammastangon suojakumi"},"content":{"rendered":"<p>Sis\u00e4l\u00e4pimitta 1 [mm]: 12,5; Sis\u00e4l\u00e4pimitta 2 [mm]: 54,6; Korkeus (mm): 202,3; Lis\u00e4tarvike\/lis\u00e4tieto: Tarvikkeilla; Asennuspuoli: Etuakseli, Molemminpuolin, Ulompi; Valmistusvuosi alkaen: 04\/2009; OPEL: CORSA D,ADAM,CORSA D Van,CORSA E,CORSA E Van; FORD: FIESTA VI; FIAT: GRANDE PUNTO 199,PUNTO EVO 199,PUNTO 199,QUBO 225,FIORINO Kasten\/Kombi 225,LINEA 323,PUNTO Van 199; PEUGEOT: BIPPER AA_,BIPPER Tepee; CITRO\u00cbN: NEMO Kasten AA_,NEMO Kombi; MAZDA: 2 DE; ALFA ROMEO: MITO 955; ABARTH: PUNTO 199_,PUNTO EVO 199_; VAUXHALL: CORSA Mk III D L_8,ADAM,CORSAVAN Mk III D,CORSA Mk IV E; 77363828, 77363828, 406695, 77363828, 77364571, D6513212X, 1609347, 93189041, 406695, 1609347, 93189041<\/p>\n","protected":false},"excerpt":{"rendered":"<p>TRW Paljekumisarja, Ohjaus JBE207  OPEL,FORD,FIAT,CORSA D,ADAM,CORSA D Van,CORSA E,CORSA E Van,FIESTA VI,GRANDE PUNTO 199,PUNTO EVO 199,PUNTO 199<\/p>\n","protected":false},"featured_media":0,"template":"","meta":{"site-sidebar-layout":"default","site-content-layout":"default","ast-global-header-display":"","ast-main-header-display":"","ast-hfb-above-header-display":"","ast-hfb-below-header-display":"","ast-hfb-mobile-header-display":"","site-post-title":"","ast-breadcrumbs-content":"","ast-featured-img":"","footer-sml-layout":"","theme-transparent-header-meta":"","adv-header-id-meta":"","stick-header-meta":"","header-above-stick-meta":"","header-main-stick-meta":"","header-below-stick-meta":""},"pwb-brand":[332],"product_cat":[81],"product_tag":[],"class_list":{"0":"post-79963","1":"product","2":"type-product","3":"status-publish","5":"pwb-brand-trw","6":"product_cat-hammastangon-suojakumi","7":"desktop-align-left","8":"tablet-align-left","9":"mobile-align-left","11":"first","12":"instock","13":"product-type-external"},"brands":[{"id":332,"name":"TRW","slug":"trw"}],"_links":{"self":[{"href":"https:\/\/www.autonvaraosahaku.fi\/index.php?rest_route=\/wp\/v2\/product\/79963","targetHints":{"allow":["GET"]}}],"collection":[{"href":"https:\/\/www.autonvaraosahaku.fi\/index.php?rest_route=\/wp\/v2\/product"}],"about":[{"href":"https:\/\/www.autonvaraosahaku.fi\/index.php?rest_route=\/wp\/v2\/types\/product"}],"wp:attachment":[{"href":"https:\/\/www.autonvaraosahaku.fi\/index.php?rest_route=%2Fwp%2Fv2%2Fmedia&parent=79963"}],"wp:term":[{"taxonomy":"pwb-brand","embeddable":true,"href":"https:\/\/www.autonvaraosahaku.fi\/index.php?rest_route=%2Fwp%2Fv2%2Fpwb-brand&post=79963"},{"taxonomy":"product_cat","embeddable":true,"href":"https:\/\/www.autonvaraosahaku.fi\/index.php?rest_route=%2Fwp%2Fv2%2Fproduct_cat&post=79963"},{"taxonomy":"product_tag","embeddable":true,"href":"https:\/\/www.autonvaraosahaku.fi\/index.php?rest_route=%2Fwp%2Fv2%2Fproduct_tag&post=79963"}],"curies":[{"name":"wp","href":"https:\/\/api.w.org\/{rel}","templated":true}]}}