{"id":79971,"date":"2021-02-21T20:07:40","date_gmt":"2021-02-21T20:07:40","guid":{"rendered":"https:\/\/www.autonvaraosahaku.fi\/?product=vemo-v10-73-0099-1-jarruvalokytkin"},"modified":"2021-02-21T20:07:41","modified_gmt":"2021-02-21T20:07:41","slug":"vemo-v10-73-0099-1-jarruvalokytkin","status":"publish","type":"product","link":"https:\/\/www.autonvaraosahaku.fi\/?product=vemo-v10-73-0099-1-jarruvalokytkin","title":{"rendered":"VEMO V10-73-0099-1 Jarruvalokytkin"},"content":{"rendered":"<p>Pituus (mm): 33,3; Leveys (mm): 28,9; Korkeus (mm): 95,85; Tarvittava kappalem\u00e4\u00e4r\u00e4: 1; K\u00e4ytt\u00f6: S\u00e4hk\u00f6inen, Manuaalinen (jalkak\u00e4ytt\u00f6), Mekaaninen; Muoto: Kulmikas; Materiaali: Muovi; Asennusmalli: Bajonetti; Vaihtoehtoisesti: ; Napojen m\u00e4\u00e4r\u00e4: 4; Yhdistelm\u00e4kytkintoiminto: Vuorovaihtokatkaisija; Nimellisj\u00e4nnite (V): 12; Pistokkeen kotelon muoto: Kulmikas; Huomioi ajoneuvovalmistajan vaatimukset: ; Paino [kg]: 0,03763; Pakkausleveys [cm]: 4; Pakkauskorkeus [mm]: 6,7; Pakkaussyvyys [cm]: 6,8; Tuotelinja: Original Quality; VW: GOLF IV 1J1,POLO 9N_,TRANSPORTER IV Bus 70XB, 70XC, 7DB, 7DW,LUPO 6X1, 6E1,GOLF IV Variant 1J5,SHARAN 7M8, 7M9, 7M6,POLO 6N2,POLO 6N1,TRANSPORTER V Bus 7HB, 7HJ, 7EB, 7EJ, 7EF,FOX 5Z1, 5Z3,TOUAREG 7LA, 7L6, 7L7,MULTIVAN V 7HM, 7HN, 7HF, 7EF, 7EM, 7EN,BORA 1J2,TRANSPORTER IV Kasten 70XA,TRANSPORTER V Kasten 7HA, 7HH, 7EA, 7EH,NEW BEETLE 9C1, 1C1,GOLF Mk III Cabriolet 1E7,BORA Kombi 1J6,NEW BEETLE Cabriolet 1Y7,CADDY II Kasten 9K9A,TRANSPORTER IV Pritsche\/Fahrgestell 70XD,TRANSPORTER V Pritsche\/Fahrgestell 7JD, 7JE, 7JL, 7JY, 7JZ,,POLO Stufenheck 9A4,CADDY II Kombi 9K9B,GOLF IV Van 1J1; AUDI: A3 8L1,A2 8Z0,TT 8N3,TT Roadster 8N9; SKODA: OCTAVIA Combi 1Z5,FABIA Combi 6Y5,FABIA 6Y2,OCTAVIA Combi 1U5,OCTAVIA 1Z3,OCTAVIA 1U2,FABIA Stufenheck 6Y3,FABIA Praktik; SEAT: IBIZA IV 6L1,LEON 1M1,AROSA 6H,ALHAMBRA 7V8, 7V9,TOLEDO II 1M2,CORDOBA 6K1, 6K2,CORDOBA Vario 6K1,CORDOBA 6L2,INCA 6K9; FORD: GALAXY WGR; PORSCHE: CAYENNE 955; 1J0945511, 1J0945511A, 1J0945515, 8E0945515, 8Z0945511, 1070613, 1451281, 1495877, 98VW13480AA, 6M2113480AA, 98VW1380AA, 1C0945511ANAR, 1C0945511ARDW, 1J0945511, 1J0945511A, 1J0945515, 8E0945515, 1C0945511ANAR, 1C0945511ARDW, 1J0945511, 1J0945511A, 1J0945515, 8E0945515, 1J0945511, 1J0945511A, 1J0945515, 8E0945515, 8Z0945511; Jarruvalokatkaisin<\/p>\n","protected":false},"excerpt":{"rendered":"<p>VEMO Jarruvalokytkin V10-73-0099-1 Jarruvalokatkaisin VW,AUDI,SKODA,GOLF IV 1J1,POLO 9N_,TRANSPORTER IV Bus 70XB, 70XC, 7DB, 7DW,LUPO 6X1, 6E1<\/p>\n","protected":false},"featured_media":0,"template":"","meta":{"site-sidebar-layout":"default","site-content-layout":"default","ast-global-header-display":"","ast-main-header-display":"","ast-hfb-above-header-display":"","ast-hfb-below-header-display":"","ast-hfb-mobile-header-display":"","site-post-title":"","ast-breadcrumbs-content":"","ast-featured-img":"","footer-sml-layout":"","theme-transparent-header-meta":"","adv-header-id-meta":"","stick-header-meta":"","header-above-stick-meta":"","header-main-stick-meta":"","header-below-stick-meta":""},"pwb-brand":[168],"product_cat":[117],"product_tag":[],"class_list":{"0":"post-79971","1":"product","2":"type-product","3":"status-publish","5":"pwb-brand-vemo","6":"product_cat-jarruvalokytkin","7":"desktop-align-left","8":"tablet-align-left","9":"mobile-align-left","11":"first","12":"instock","13":"product-type-external"},"brands":[{"id":168,"name":"VEMO","slug":"vemo"}],"_links":{"self":[{"href":"https:\/\/www.autonvaraosahaku.fi\/index.php?rest_route=\/wp\/v2\/product\/79971","targetHints":{"allow":["GET"]}}],"collection":[{"href":"https:\/\/www.autonvaraosahaku.fi\/index.php?rest_route=\/wp\/v2\/product"}],"about":[{"href":"https:\/\/www.autonvaraosahaku.fi\/index.php?rest_route=\/wp\/v2\/types\/product"}],"wp:attachment":[{"href":"https:\/\/www.autonvaraosahaku.fi\/index.php?rest_route=%2Fwp%2Fv2%2Fmedia&parent=79971"}],"wp:term":[{"taxonomy":"pwb-brand","embeddable":true,"href":"https:\/\/www.autonvaraosahaku.fi\/index.php?rest_route=%2Fwp%2Fv2%2Fpwb-brand&post=79971"},{"taxonomy":"product_cat","embeddable":true,"href":"https:\/\/www.autonvaraosahaku.fi\/index.php?rest_route=%2Fwp%2Fv2%2Fproduct_cat&post=79971"},{"taxonomy":"product_tag","embeddable":true,"href":"https:\/\/www.autonvaraosahaku.fi\/index.php?rest_route=%2Fwp%2Fv2%2Fproduct_tag&post=79971"}],"curies":[{"name":"wp","href":"https:\/\/api.w.org\/{rel}","templated":true}]}}