{"id":80003,"date":"2021-02-21T20:07:47","date_gmt":"2021-02-21T20:07:47","guid":{"rendered":"https:\/\/www.autonvaraosahaku.fi\/?product=swag-30-91-4700-paisuntasailion-korkki"},"modified":"2021-02-21T20:07:52","modified_gmt":"2021-02-21T20:07:52","slug":"swag-30-91-4700-paisuntasailion-korkki","status":"publish","type":"product","link":"https:\/\/www.autonvaraosahaku.fi\/?product=swag-30-91-4700-paisuntasailion-korkki","title":{"rendered":"SWAG 30 91 4700 Paisuntas\u00e4ili\u00f6n korkki"},"content":{"rendered":"<p>Kytkent\u00e4piste alkaen [bar]: 1,4; Vaihtopiste enint. [bar]: 1,6; Ulkokierre [mm]: M63 x 3; V\u00e4ri: Sininen; Materiaali: Muovi; Paino [kg]: 0,16, 0,16; Huomioi tekniset tiedot: ; VW: GOLF IV 1J1,POLO 9N_,PASSAT Variant 3B6,GOLF IV Variant 1J5,PASSAT Variant 3B5,TOUAREG 7LA, 7L6, 7L7,BORA 1J2,PASSAT 3B2,NEW BEETLE 9C1, 1C1,PASSAT 3B3,BORA Kombi 1J6,NEW BEETLE Cabriolet 1Y7,POLO Stufenheck 9A4,POLO Stufenheck 9N4,GOLF IV Van 1J1; AUDI: A4 8D2, B5,A4 Avant 8E5, B6,A6 Avant 4B5, C5,A4 Avant 8D5, B5,A4 8E2, B6,A2 8Z0,A6 4B2, C5,Q7 4L,TT 8N3,TT Roadster 8N9,A6 Avant 4A, C4,A6 4A, C4,ALLROAD 4BH, C5; PORSCHE: CAYENNE 955,PANAMERA; 1J0121321, 1J0121321A, 1J0121321B, 8D0121403C, 95510644720, 1J0121321, 1J0121321B, 8D0121403C; Korkki, Paisuntas\u00e4ili\u00f6<\/p>\n","protected":false},"excerpt":{"rendered":"<p>SWAG Paisuntas\u00e4ili\u00f6n Korkki 30 91 4700 Korkki, Paisuntas\u00e4ili\u00f6 VW,AUDI,PORSCHE,GOLF IV 1J1,POLO 9N_,PASSAT Variant 3B6,GOLF IV Variant 1J5<\/p>\n","protected":false},"featured_media":0,"template":"","meta":{"site-sidebar-layout":"default","site-content-layout":"default","ast-global-header-display":"","ast-main-header-display":"","ast-hfb-above-header-display":"","ast-hfb-below-header-display":"","ast-hfb-mobile-header-display":"","site-post-title":"","ast-breadcrumbs-content":"","ast-featured-img":"","footer-sml-layout":"","theme-transparent-header-meta":"","adv-header-id-meta":"","stick-header-meta":"","header-above-stick-meta":"","header-main-stick-meta":"","header-below-stick-meta":""},"pwb-brand":[103],"product_cat":[99],"product_tag":[],"class_list":{"0":"post-80003","1":"product","2":"type-product","3":"status-publish","5":"pwb-brand-swag","6":"product_cat-paisuntasailion-korkki","7":"desktop-align-left","8":"tablet-align-left","9":"mobile-align-left","11":"first","12":"instock","13":"product-type-external"},"brands":[{"id":103,"name":"SWAG","slug":"swag"}],"_links":{"self":[{"href":"https:\/\/www.autonvaraosahaku.fi\/index.php?rest_route=\/wp\/v2\/product\/80003","targetHints":{"allow":["GET"]}}],"collection":[{"href":"https:\/\/www.autonvaraosahaku.fi\/index.php?rest_route=\/wp\/v2\/product"}],"about":[{"href":"https:\/\/www.autonvaraosahaku.fi\/index.php?rest_route=\/wp\/v2\/types\/product"}],"wp:attachment":[{"href":"https:\/\/www.autonvaraosahaku.fi\/index.php?rest_route=%2Fwp%2Fv2%2Fmedia&parent=80003"}],"wp:term":[{"taxonomy":"pwb-brand","embeddable":true,"href":"https:\/\/www.autonvaraosahaku.fi\/index.php?rest_route=%2Fwp%2Fv2%2Fpwb-brand&post=80003"},{"taxonomy":"product_cat","embeddable":true,"href":"https:\/\/www.autonvaraosahaku.fi\/index.php?rest_route=%2Fwp%2Fv2%2Fproduct_cat&post=80003"},{"taxonomy":"product_tag","embeddable":true,"href":"https:\/\/www.autonvaraosahaku.fi\/index.php?rest_route=%2Fwp%2Fv2%2Fproduct_tag&post=80003"}],"curies":[{"name":"wp","href":"https:\/\/api.w.org\/{rel}","templated":true}]}}