{"id":80037,"date":"2021-02-21T20:08:02","date_gmt":"2021-02-21T20:08:02","guid":{"rendered":"https:\/\/www.autonvaraosahaku.fi\/?product=febi-bilstein-14714-hihnankiristin"},"modified":"2021-02-21T20:08:04","modified_gmt":"2021-02-21T20:08:04","slug":"febi-bilstein-14714-hihnankiristin","status":"publish","type":"product","link":"https:\/\/www.autonvaraosahaku.fi\/?product=febi-bilstein-14714-hihnankiristin","title":{"rendered":"FEBI BILSTEIN 14714 Hihnankiristin"},"content":{"rendered":"<p>Leveys (mm): 24,0; Kotelomateriaali: Alumiini; Juoksupy\u00f6r\u00e4-materiaali: Muovi; Ulkol\u00e4pimitta [mm]: 70,0; Materiaali: Muovi; K\u00e4ytt\u00f6: automaattinen; Paino [kg]: 0,79; Huomioi huolto-ohjeet: , ; TECDOC-moottorinumero: 24313; VW: GOLF IV 1J1,GOLF V 1K1,GOLF VI 5K1,GOLF PLUS 5M1, 521,LUPO 6X1, 6E1,GOLF IV Variant 1J5,SHARAN 7M8, 7M9, 7M6,POLO 6N2,CADDY III Kombi 2KB, 2KJ, 2CB, 2CJ,TRANSPORTER V Bus 7HB, 7HJ, 7EB, 7EJ, 7EF,GOLF VI Variant AJ5,GOLF V Variant 1K5,MULTIVAN V 7HM, 7HN, 7HF, 7EF, 7EM, 7EN,CADDY III Kasten 2KA, 2KH, 2CA, 2CH,BORA 1J2,EOS 1F7, 1F8,TRANSPORTER V Kasten 7HA, 7HH, 7EA, 7EH,NEW BEETLE 9C1, 1C1,BORA Kombi 1J6,NEW BEETLE Cabriolet 1Y7,POLO Variant 6KV5,POLO CLASSIC 6KV2,TRANSPORTER V Pritsche\/Fahrgestell 7JD, 7JE, 7JL, 7JY, 7JZ,,BORA; AUDI: A3 8P1,A3 8L1,A3 Sportback 8PA,TT 8N3,TT Roadster 8N9,A3 Cabriolet 8P7; SKODA: OCTAVIA Combi 1Z5,FABIA Combi 6Y5,FABIA 6Y2,OCTAVIA Combi 1U5,OCTAVIA 1Z3,OCTAVIA 1U2,FABIA Stufenheck 6Y3; SEAT: IBIZA IV 6L1,LEON 1M1,ALTEA 5P1,ALHAMBRA 7V8, 7V9,ALTEA XL 5P5, 5P8,TOLEDO II 1M2; 06A903315D, 06A903315E, 06A903315F, 6A903315D, 6A903315E, 6A903315F, 06A903315D, 06A903315E, 6A903315D, 6A903315E, 06A903315D, 06A903315E, 6A903315D, 6A903315E, 06A903315D, 06A903315E, 06A903315F, 6A903315D, 6A903315E, 6A903315F; Hihnankiristin, Moniurahihna<\/p>\n","protected":false},"excerpt":{"rendered":"<p>FEBI BILSTEIN Hihnankiristin 14714 Hihnankiristin, Moniurahihna VW,AUDI,SKODA,GOLF IV 1J1,GOLF V 1K1,GOLF VI 5K1,GOLF PLUS 5M1, 521,LUPO 6X1, 6E1<\/p>\n","protected":false},"featured_media":0,"template":"","meta":{"site-sidebar-layout":"default","site-content-layout":"default","ast-global-header-display":"","ast-main-header-display":"","ast-hfb-above-header-display":"","ast-hfb-below-header-display":"","ast-hfb-mobile-header-display":"","site-post-title":"","ast-breadcrumbs-content":"","ast-featured-img":"","footer-sml-layout":"","theme-transparent-header-meta":"","adv-header-id-meta":"","stick-header-meta":"","header-above-stick-meta":"","header-main-stick-meta":"","header-below-stick-meta":""},"pwb-brand":[50],"product_cat":[186],"product_tag":[],"class_list":{"0":"post-80037","1":"product","2":"type-product","3":"status-publish","5":"pwb-brand-febi-bilstein","6":"product_cat-hihnankiristin","7":"desktop-align-left","8":"tablet-align-left","9":"mobile-align-left","11":"first","12":"instock","13":"product-type-external"},"brands":[{"id":50,"name":"FEBI BILSTEIN","slug":"febi-bilstein"}],"_links":{"self":[{"href":"https:\/\/www.autonvaraosahaku.fi\/index.php?rest_route=\/wp\/v2\/product\/80037","targetHints":{"allow":["GET"]}}],"collection":[{"href":"https:\/\/www.autonvaraosahaku.fi\/index.php?rest_route=\/wp\/v2\/product"}],"about":[{"href":"https:\/\/www.autonvaraosahaku.fi\/index.php?rest_route=\/wp\/v2\/types\/product"}],"wp:attachment":[{"href":"https:\/\/www.autonvaraosahaku.fi\/index.php?rest_route=%2Fwp%2Fv2%2Fmedia&parent=80037"}],"wp:term":[{"taxonomy":"pwb-brand","embeddable":true,"href":"https:\/\/www.autonvaraosahaku.fi\/index.php?rest_route=%2Fwp%2Fv2%2Fpwb-brand&post=80037"},{"taxonomy":"product_cat","embeddable":true,"href":"https:\/\/www.autonvaraosahaku.fi\/index.php?rest_route=%2Fwp%2Fv2%2Fproduct_cat&post=80037"},{"taxonomy":"product_tag","embeddable":true,"href":"https:\/\/www.autonvaraosahaku.fi\/index.php?rest_route=%2Fwp%2Fv2%2Fproduct_tag&post=80037"}],"curies":[{"name":"wp","href":"https:\/\/api.w.org\/{rel}","templated":true}]}}