{"id":80041,"date":"2021-02-21T20:08:02","date_gmt":"2021-02-21T20:08:02","guid":{"rendered":"https:\/\/www.autonvaraosahaku.fi\/?product=meyle-114-890-0007-peruutusvalon-kytkin"},"modified":"2021-02-21T20:08:05","modified_gmt":"2021-02-21T20:08:05","slug":"meyle-114-890-0007-peruutusvalon-kytkin","status":"publish","type":"product","link":"https:\/\/www.autonvaraosahaku.fi\/?product=meyle-114-890-0007-peruutusvalon-kytkin","title":{"rendered":"MEYLE 114 890 0007 Peruutusvalon kytkin"},"content":{"rendered":"<p>Yhdistelm\u00e4kytkintoiminto: Sulkija; Kierremitta: M12 x 1,5; Avainv\u00e4li: 22; Napojen m\u00e4\u00e4r\u00e4: 2; lis\u00e4tieto: ORIGINAL Quality; Vuosimallista: 2011; VW: GOLF IV 1J1,GOLF V 1K1,TOURAN 1T1, 1T2,GOLF VI 5K1,PASSAT Variant 3C5,GOLF PLUS 5M1, 521,LUPO 6X1, 6E1,PASSAT 3C2,TIGUAN 5N_,PASSAT Variant 365,GOLF IV Variant 1J5,GOLF VII 5G1, BE1,SHARAN 7M8, 7M9, 7M6,CADDY III Kombi 2KB, 2KJ, 2CB, 2CJ,TRANSPORTER V Bus 7HB, 7HJ, 7EB, 7EJ, 7EF,TOURAN 1T3,FOX 5Z1, 5Z3,GOLF VI Variant AJ5,GOLF V Variant 1K5,MULTIVAN V 7HM, 7HN, 7HF, 7EF, 7EM, 7EN,UP,CADDY III Kasten 2KA, 2KH, 2CA, 2CH,BORA 1J2,GOLF VII Kombi BA5,EOS 1F7, 1F8,SCIROCCO 137, 138,TRANSPORTER V Kasten 7HA, 7HH, 7EA, 7EH,PASSAT CC 357,NEW BEETLE 9C1, 1C1,SHARAN 7N1, 7N2,BORA Kombi 1J6,JETTA III 1K2,PASSAT 362,CC 358,GOLF VI Cabriolet 517,BEETLE 5C1,JETTA IV 162, 163,TRANSPORTER V Pritsche\/Fahrgestell 7JD, 7JE, 7JL, 7JY, 7JZ,,BEETLE Cabriolet 5C7,GOLF SPORTSVAN AM1; AUDI: A3 8P1,A3 Sportback 8PA,A2 8Z0,TT 8N3,A3 Sportback 8VA,TT 8J3,A1 8X1, 8XF,TT Roadster 8N9,A1 Sportback 8XA, 8XK,A3 Limousine 8VS,TT Roadster 8J9,A3 8V1,A3 Cabriolet 8P7,A3 Cabriolet 8V7; SKODA: OCTAVIA Combi 1Z5,FABIA Combi 6Y5,FABIA,FABIA 6Y2,OCTAVIA Combi 1U5,OCTAVIA Combi 5E5,FABIA Combi,ROOMSTER 5J,YETI 5L,SUPERB Kombi 3T5,OCTAVIA 1Z3,OCTAVIA 1U2,CITIGO,SUPERB 3T4,RAPID Spaceback NH1,FABIA Stufenheck 6Y3,OCTAVIA 5E3,ROOMSTER Praktik 5J,RAPID NH3,FABIA Praktik; SEAT: IBIZA IV 6L1,LEON 1P1,IBIZA V 6J5, 6P5,LEON 1M1,ALTEA 5P1,ALHAMBRA 7V8, 7V9,LEON 5F1,ALTEA XL 5P5, 5P8,LEON ST 5F8,IBIZA V ST 6J8, 6P8,ALHAMBRA 710, 711,Mii KF1_,TOLEDO II 1M2,CORDOBA 6L2,LEON SC 5F5,TOLEDO III 5P2,TOLEDO IV KG3; FORD: GALAXY WGR; 02K945415C, 02K945415E, 02T945415, 02T945415D, 02T945415P, 1119746, 1438727, 1439597, 1514133, 1M2115520BA, 6M2115520AA, YM2115520AA, YM2115520BA, 02K945415C, 02K945415E, 02T945415, 02T945415D, 02T945415P, 02K945415C, 02K945415E, 02T945415, 02T945415D, 02T945415P, 02K945415C, 02K945415E, 02T945415, 02T945415D, 02T945415P; Peruutusvalokytkin,Kytkin, Peruutusvalo<\/p>\n","protected":false},"excerpt":{"rendered":"<p>MEYLE Peruutusvalon Kytkin 114 890 0007 Peruutusvalokytkin,Kytkin, Peruutusvalo VW,AUDI,SKODA,GOLF IV 1J1,GOLF V 1K1,TOURAN 1T1, 1T2,GOLF VI 5K1<\/p>\n","protected":false},"featured_media":0,"template":"","meta":{"site-sidebar-layout":"default","site-content-layout":"default","ast-global-header-display":"","ast-main-header-display":"","ast-hfb-above-header-display":"","ast-hfb-below-header-display":"","ast-hfb-mobile-header-display":"","site-post-title":"","ast-breadcrumbs-content":"","ast-featured-img":"","footer-sml-layout":"","theme-transparent-header-meta":"","adv-header-id-meta":"","stick-header-meta":"","header-above-stick-meta":"","header-main-stick-meta":"","header-below-stick-meta":""},"pwb-brand":[84],"product_cat":[116],"product_tag":[],"class_list":{"0":"post-80041","1":"product","2":"type-product","3":"status-publish","5":"pwb-brand-meyle","6":"product_cat-peruutusvalon-kytkin","7":"desktop-align-left","8":"tablet-align-left","9":"mobile-align-left","11":"first","12":"instock","13":"product-type-external"},"brands":[{"id":84,"name":"MEYLE","slug":"meyle"}],"_links":{"self":[{"href":"https:\/\/www.autonvaraosahaku.fi\/index.php?rest_route=\/wp\/v2\/product\/80041","targetHints":{"allow":["GET"]}}],"collection":[{"href":"https:\/\/www.autonvaraosahaku.fi\/index.php?rest_route=\/wp\/v2\/product"}],"about":[{"href":"https:\/\/www.autonvaraosahaku.fi\/index.php?rest_route=\/wp\/v2\/types\/product"}],"wp:attachment":[{"href":"https:\/\/www.autonvaraosahaku.fi\/index.php?rest_route=%2Fwp%2Fv2%2Fmedia&parent=80041"}],"wp:term":[{"taxonomy":"pwb-brand","embeddable":true,"href":"https:\/\/www.autonvaraosahaku.fi\/index.php?rest_route=%2Fwp%2Fv2%2Fpwb-brand&post=80041"},{"taxonomy":"product_cat","embeddable":true,"href":"https:\/\/www.autonvaraosahaku.fi\/index.php?rest_route=%2Fwp%2Fv2%2Fproduct_cat&post=80041"},{"taxonomy":"product_tag","embeddable":true,"href":"https:\/\/www.autonvaraosahaku.fi\/index.php?rest_route=%2Fwp%2Fv2%2Fproduct_tag&post=80041"}],"curies":[{"name":"wp","href":"https:\/\/api.w.org\/{rel}","templated":true}]}}