{"id":80046,"date":"2021-02-21T20:08:02","date_gmt":"2021-02-21T20:08:02","guid":{"rendered":"https:\/\/www.autonvaraosahaku.fi\/?product=meyle-100-945-0001-jarruvalokytkin"},"modified":"2021-02-21T20:08:07","modified_gmt":"2021-02-21T20:08:07","slug":"meyle-100-945-0001-jarruvalokytkin","status":"publish","type":"product","link":"https:\/\/www.autonvaraosahaku.fi\/?product=meyle-100-945-0001-jarruvalokytkin","title":{"rendered":"MEYLE 100 945 0001 Jarruvalokytkin"},"content":{"rendered":"<p>K\u00e4ytt\u00f6: Manuaalinen (jalkak\u00e4ytt\u00f6); Yhdistelm\u00e4kytkintoiminto: Avaaja; Vasen \/ oikea liikenne: Ohjaus vasemmalla; Huomioi ajoneuvovalmistajan vaatimukset: ; Napojen m\u00e4\u00e4r\u00e4: 2; lis\u00e4tieto: ORIGINAL Quality; Vuosimallista: 1984; VW: GOLF IV 1J1,TRANSPORTER IV Bus 70XB, 70XC, 7DB, 7DW,LUPO 6X1, 6E1,GOLF III 1H1,GOLF IV Variant 1J5,SHARAN 7M8, 7M9, 7M6,GOLF II 19E, 1G1,PASSAT Variant 3A5, 35I,BORA 1J2,GOLF I Cabriolet 155,GOLF III Cabriolet 1E7,TRANSPORTER IV Kasten 70XA,NEW BEETLE 9C1, 1C1,GOLF Mk III Cabriolet 1E7,BORA Kombi 1J6,GOLF III Variant 1H5,PASSAT 3A2, 35I,CORRADO 53I,TRANSPORTER IV Pritsche\/Fahrgestell 70XD,SCIROCCO 53B,VENTO 1H2,JETTA II 19E, 1G2, 165,PASSAT Variant 32B,PASSAT 32B; AUDI: A3 8L1; SKODA: OCTAVIA Combi 1U5,OCTAVIA 1U2; SEAT: LEON 1M1,AROSA 6H,ALHAMBRA 7V8, 7V9,TOLEDO II 1M2,TOLEDO I 1L; FORD: GALAXY WGR; 191945515B, 95VW13480BB, 191945515B, 191945515B, 191945515B; Jarruvalokatkaisin<\/p>\n","protected":false},"excerpt":{"rendered":"<p>MEYLE Jarruvalokytkin 100 945 0001 Jarruvalokatkaisin VW,AUDI,SKODA,GOLF IV 1J1,TRANSPORTER IV Bus 70XB, 70XC, 7DB, 7DW,LUPO 6X1, 6E1,GOLF III 1H1<\/p>\n","protected":false},"featured_media":0,"template":"","meta":{"site-sidebar-layout":"default","site-content-layout":"default","ast-global-header-display":"","ast-main-header-display":"","ast-hfb-above-header-display":"","ast-hfb-below-header-display":"","ast-hfb-mobile-header-display":"","site-post-title":"","ast-breadcrumbs-content":"","ast-featured-img":"","footer-sml-layout":"","theme-transparent-header-meta":"","adv-header-id-meta":"","stick-header-meta":"","header-above-stick-meta":"","header-main-stick-meta":"","header-below-stick-meta":""},"pwb-brand":[84],"product_cat":[117],"product_tag":[],"class_list":{"0":"post-80046","1":"product","2":"type-product","3":"status-publish","5":"pwb-brand-meyle","6":"product_cat-jarruvalokytkin","7":"desktop-align-left","8":"tablet-align-left","9":"mobile-align-left","11":"first","12":"instock","13":"product-type-external"},"brands":[{"id":84,"name":"MEYLE","slug":"meyle"}],"_links":{"self":[{"href":"https:\/\/www.autonvaraosahaku.fi\/index.php?rest_route=\/wp\/v2\/product\/80046","targetHints":{"allow":["GET"]}}],"collection":[{"href":"https:\/\/www.autonvaraosahaku.fi\/index.php?rest_route=\/wp\/v2\/product"}],"about":[{"href":"https:\/\/www.autonvaraosahaku.fi\/index.php?rest_route=\/wp\/v2\/types\/product"}],"wp:attachment":[{"href":"https:\/\/www.autonvaraosahaku.fi\/index.php?rest_route=%2Fwp%2Fv2%2Fmedia&parent=80046"}],"wp:term":[{"taxonomy":"pwb-brand","embeddable":true,"href":"https:\/\/www.autonvaraosahaku.fi\/index.php?rest_route=%2Fwp%2Fv2%2Fpwb-brand&post=80046"},{"taxonomy":"product_cat","embeddable":true,"href":"https:\/\/www.autonvaraosahaku.fi\/index.php?rest_route=%2Fwp%2Fv2%2Fproduct_cat&post=80046"},{"taxonomy":"product_tag","embeddable":true,"href":"https:\/\/www.autonvaraosahaku.fi\/index.php?rest_route=%2Fwp%2Fv2%2Fproduct_tag&post=80046"}],"curies":[{"name":"wp","href":"https:\/\/api.w.org\/{rel}","templated":true}]}}