{"id":8005,"date":"2021-02-21T14:01:49","date_gmt":"2021-02-21T14:01:49","guid":{"rendered":"https:\/\/www.autonvaraosahaku.fi\/?product=elring-394-030-kierretulppa"},"modified":"2021-02-21T14:01:49","modified_gmt":"2021-02-21T14:01:49","slug":"elring-394-030-kierretulppa","status":"publish","type":"product","link":"https:\/\/www.autonvaraosahaku.fi\/?product=elring-394-030-kierretulppa","title":{"rendered":"ELRING 394.030 Kierretulppa"},"content":{"rendered":"<p>Sis\u00e4l\u00e4pimitta [mm]: 14; Ulkol\u00e4pimitta [mm]: 19; Paksuus [mm]: 2; Materiaali: Alumiini; Muoto: C-muoto; TECDOC-moottorinumero: 20775; FIAT: FULLBACK Pick-up 502_, 503_; PEUGEOT: 4007 GP_,4008; HYUNDAI: GALLOPER I,PORTER Pritsche\/Fahrgestell; CITRO\u00cbN: C-CROSSER EP_,C4 AIRCROSS,C-CROSSER ENTERPRISE; MAZDA: B-SERIE UF; VOLVO: V40 Kombi VW,S40 I VS; MITSUBISHI: COLT VI Z3_A, Z2_A,SPACE STAR DG_A,ASX GA_W_,OUTLANDER XL II CW_W,CARISMA DA_,OUTLANDER III GG_W, GF_W, ZJ,GRANDIS NA_W,MIRAGE Schr\u00e4gheck,COLT V CJ_, CP_,OUTLANDER I CU_W,LANCER Kombi CS_W,LANCER SPORTBACK CX_A,PAJERO PININ H6_W, H7_W,COLT CZC Cabriolet RG,LANCER Stufenheck CY\/Z_A,CARISMA Stufenheck DA_,PAJERO III V7_W, V6_W,GALANT VI Station Wagon EA_,GALANT VI EA_,PAJERO IV V8_W, V9_W,SPACE WAGON N9_W, N8_W,L 200 K7_T, K6_T,L 200 KB_T, KA_T,PAJERO II V3_W, V2_W, V4_W,LANCER Stufenheck CS_A, CT0,L 300 Bus P0_W, P1_W, P2_W,PAJERO IV Van V90, V80,PAJERO SPORT K90,COLT IV CA_A,ECLIPSE II D3_A,ECLIPSE I D2_A,SPACE RUNNER N6_W,PAJERO I L04_G, L14_G,PAJERO CLASSIC V2_W,SPACE RUNNER N1_W, N2_W,L 400 \/ SPACE GEAR Bus PD_W, PC_W, PA_V, PB_V,COLT III C5_A,GALLOPER JK-01,LANCER VI CJ-CP_,3000 GT Z16A,L 300 Pritsche\/Fahrgestell L03_P,COLT PLUS VII Z2_W,L 300 Kasten L03_P,ASX Van GA_W_,PAJERO II V3_W,SIGMA F2_A, F1_A,LANCER V Station Wagon CB_W, CD_W,GALANT IV E3_A,LANCER ,Canter (FE1, FE2) 4.Generation,Canter (FE3, FE4) 5.Generation,Canter (FE5, FE6) 6.Generation; CHRYSLER: VOYAGER III GS,STRATUS Cabriolet JX,VOYAGER II ES,LE BARON Cabriolet,STRATUS JA,VOYAGER I AS,SEBRING Coupe FJ,LE BARON Coupe,CIRRUS,LE BARON Stufenheck,NEW YORKER Stufenheck US,LE BARON Stufenheck US; DODGE: CARAVAN NS,STRATUS,GRAND CARAVAN Mini Passenger Van US NS; SMD050317, 031341, MD050317, 031341, 30874062; Tiiviste, \u00d6ljynlaskutulppa<\/p>\n","protected":false},"excerpt":{"rendered":"<p>ELRING \u00d6ljytulpan Tiiviste 394.030 Tiiviste, \u00d6ljynlaskutulppa FIAT,PEUGEOT,HYUNDAI,FULLBACK Pick-up 502_, 503_,4007 GP_,4008,GALLOPER I<\/p>\n","protected":false},"featured_media":0,"template":"","meta":{"site-sidebar-layout":"default","site-content-layout":"default","ast-global-header-display":"","ast-main-header-display":"","ast-hfb-above-header-display":"","ast-hfb-below-header-display":"","ast-hfb-mobile-header-display":"","site-post-title":"","ast-breadcrumbs-content":"","ast-featured-img":"","footer-sml-layout":"","theme-transparent-header-meta":"","adv-header-id-meta":"","stick-header-meta":"","header-above-stick-meta":"","header-main-stick-meta":"","header-below-stick-meta":""},"pwb-brand":[26],"product_cat":[40],"product_tag":[],"class_list":{"0":"post-8005","1":"product","2":"type-product","3":"status-publish","5":"pwb-brand-elring","6":"product_cat-kierretulppa","7":"desktop-align-left","8":"tablet-align-left","9":"mobile-align-left","11":"first","12":"instock","13":"product-type-external"},"brands":[{"id":26,"name":"ELRING","slug":"elring"}],"_links":{"self":[{"href":"https:\/\/www.autonvaraosahaku.fi\/index.php?rest_route=\/wp\/v2\/product\/8005","targetHints":{"allow":["GET"]}}],"collection":[{"href":"https:\/\/www.autonvaraosahaku.fi\/index.php?rest_route=\/wp\/v2\/product"}],"about":[{"href":"https:\/\/www.autonvaraosahaku.fi\/index.php?rest_route=\/wp\/v2\/types\/product"}],"wp:attachment":[{"href":"https:\/\/www.autonvaraosahaku.fi\/index.php?rest_route=%2Fwp%2Fv2%2Fmedia&parent=8005"}],"wp:term":[{"taxonomy":"pwb-brand","embeddable":true,"href":"https:\/\/www.autonvaraosahaku.fi\/index.php?rest_route=%2Fwp%2Fv2%2Fpwb-brand&post=8005"},{"taxonomy":"product_cat","embeddable":true,"href":"https:\/\/www.autonvaraosahaku.fi\/index.php?rest_route=%2Fwp%2Fv2%2Fproduct_cat&post=8005"},{"taxonomy":"product_tag","embeddable":true,"href":"https:\/\/www.autonvaraosahaku.fi\/index.php?rest_route=%2Fwp%2Fv2%2Fproduct_tag&post=8005"}],"curies":[{"name":"wp","href":"https:\/\/api.w.org\/{rel}","templated":true}]}}