{"id":80066,"date":"2021-02-21T20:08:09","date_gmt":"2021-02-21T20:08:09","guid":{"rendered":"https:\/\/www.autonvaraosahaku.fi\/?product=lpr-01150-jarrukengat"},"modified":"2021-02-21T20:08:14","modified_gmt":"2021-02-21T20:08:14","slug":"lpr-01150-jarrukengat","status":"publish","type":"product","link":"https:\/\/www.autonvaraosahaku.fi\/?product=lpr-01150-jarrukengat","title":{"rendered":"LPR 01150 Jarrukeng\u00e4t"},"content":{"rendered":"<p>L\u00e4pimitta [mm]: 254; Leveys (mm): 57; Jarruj\u00e4rjestelm\u00e4: TRW, TRW; Asennuspuoli: Hinterachse; MERCEDES-BENZ: 100 Bus 631,100 Kasten 631,100 Pritsche\/Fahrgestell 631; OPEL: ARENA Kasten TB, TF; FORD: GRANADA GU,GRANADA Kombi GNU,GRANADA GGTL, GGFL,GRANADA Coupe GGCL,GRANADA Kombi GGNL,P 100 II; RENAULT: TRAFIC II Bus JL,TRAFIC II Kasten FL,TRAFIC Kasten TXX,TRAFIC Bus TXW,MASTER I Kasten T__,TRAFIC Kasten T1, T3, T4,TRAFIC II Pritsche\/Fahrgestell EL,TRAFIC Bus T5, T6, T7,MASTER I Bus T__,TRAFIC Pritsche\/Fahrgestell P6,MASTER I Pritsche\/Fahrgestell P__,TRAFIC Pritsche\/Fahrgestell PXX; HYUNDAI: H-1 \/ STAREX,SONATA III Y-3,GALLOPER I,H100 Bus P,H100 Kasten,H100 Pick-up,H100 Pritsche\/Fahrgestell,PORTER Pick-up; NISSAN: TRADE Kasten\/Kombi,TRADE Pritsche\/Fahrgestell,TRADE Bus,CABSTAR Pick-up; DAEWOO: MUSSO FJ,KORANDO KJ,REXTON GAB_,KORANDO Cabrio KJ; SSANGYONG: REXTON GAB_,KYRON,MUSSO FJ,RODIUS,ACTYON SPORTS I QJ,ACTYON I,KORANDO KJ,ACTYON SPORTS II,MUSSO SPORTS,KORANDO K4,KORANDO Cabrio KJ; 1551318, 161055, 1610955, 5015675, 5019046, 5020419, 5020556, 6079621, 86GX2200BA, 88GX2200BA, 88GX2200FA, NA272, 5830533B00, 5830544A00, 5831544020S, 6314230007, 6314230107, A6314230007, A6314230107, A6614203019, 069026260, 069026270, 069029200, 089053200, 69006380, 69008430, 69008431, 69022680, 69026260, 69026270, 69028300, 69050890, 69086870, 69086880, 7701201617, 7701201618, 7701201843, 7701202897, 7701203072, 7701205917, 8671020697, H100, 4825001000, 4833005000, 6614203019; Jarrukenk\u00e4sarja<\/p>\n","protected":false},"excerpt":{"rendered":"<p>LPR Jarrukeng\u00e4t 01150 Jarrukenk\u00e4sarja MERCEDES-BENZ,OPEL,FORD,100 Bus 631,100 Kasten 631,100 Pritsche\/Fahrgestell 631,ARENA Kasten TB, TF,GRANADA GU<\/p>\n","protected":false},"featured_media":0,"template":"","meta":{"site-sidebar-layout":"default","site-content-layout":"default","ast-global-header-display":"","ast-main-header-display":"","ast-hfb-above-header-display":"","ast-hfb-below-header-display":"","ast-hfb-mobile-header-display":"","site-post-title":"","ast-breadcrumbs-content":"","ast-featured-img":"","footer-sml-layout":"","theme-transparent-header-meta":"","adv-header-id-meta":"","stick-header-meta":"","header-above-stick-meta":"","header-main-stick-meta":"","header-below-stick-meta":""},"pwb-brand":[238],"product_cat":[176],"product_tag":[],"class_list":{"0":"post-80066","1":"product","2":"type-product","3":"status-publish","5":"pwb-brand-lpr","6":"product_cat-jarrukengat","7":"desktop-align-left","8":"tablet-align-left","9":"mobile-align-left","11":"first","12":"instock","13":"product-type-external"},"brands":[{"id":238,"name":"LPR","slug":"lpr"}],"_links":{"self":[{"href":"https:\/\/www.autonvaraosahaku.fi\/index.php?rest_route=\/wp\/v2\/product\/80066","targetHints":{"allow":["GET"]}}],"collection":[{"href":"https:\/\/www.autonvaraosahaku.fi\/index.php?rest_route=\/wp\/v2\/product"}],"about":[{"href":"https:\/\/www.autonvaraosahaku.fi\/index.php?rest_route=\/wp\/v2\/types\/product"}],"wp:attachment":[{"href":"https:\/\/www.autonvaraosahaku.fi\/index.php?rest_route=%2Fwp%2Fv2%2Fmedia&parent=80066"}],"wp:term":[{"taxonomy":"pwb-brand","embeddable":true,"href":"https:\/\/www.autonvaraosahaku.fi\/index.php?rest_route=%2Fwp%2Fv2%2Fpwb-brand&post=80066"},{"taxonomy":"product_cat","embeddable":true,"href":"https:\/\/www.autonvaraosahaku.fi\/index.php?rest_route=%2Fwp%2Fv2%2Fproduct_cat&post=80066"},{"taxonomy":"product_tag","embeddable":true,"href":"https:\/\/www.autonvaraosahaku.fi\/index.php?rest_route=%2Fwp%2Fv2%2Fproduct_tag&post=80066"}],"curies":[{"name":"wp","href":"https:\/\/api.w.org\/{rel}","templated":true}]}}