{"id":80069,"date":"2021-02-21T20:08:09","date_gmt":"2021-02-21T20:08:09","guid":{"rendered":"https:\/\/www.autonvaraosahaku.fi\/?product=glaser-x55498-01-imusarjan-tiivisteet"},"modified":"2021-02-21T20:08:15","modified_gmt":"2021-02-21T20:08:15","slug":"glaser-x55498-01-imusarjan-tiivisteet","status":"publish","type":"product","link":"https:\/\/www.autonvaraosahaku.fi\/?product=glaser-x55498-01-imusarjan-tiivisteet","title":{"rendered":"GLASER X55498-01 Imusarjan tiivisteet"},"content":{"rendered":"<p>Paksuus [mm]: 1,5; Tarvittava kappalem\u00e4\u00e4r\u00e4: 2; HYUNDAI: LANTRA II Wagon J-2,LANTRA II J-2; SUZUKI: SAMURAI SJ,VITARA ET, TA,VITARA Cabrio ET, TA; FIAT: DUCATO Pritsche\/Fahrgestell 230,DUCATO Bus 230,DUCATO Kasten 230L,SCUDO Kasten 220L,SCUDO Combinato 220P; CITRO\u00cbN: BERLINGO MF,BERLINGO Kasten M_,XSARA N1,XSARA Break N2,ZX N2,BX XB-_,ZX Break N2,BX Break XB-_,C15 VD-_,C15 Kombi; PEUGEOT: 306 Schr\u00e4gheck 7A, 7C, N3, N5,PARTNER Combispace 5F,205 II 20A\/C,PARTNER Kasten 5,306 7B, N3, N5,309 II 3C, 3A,205 I 741A\/C,405 I 15B,405 II 4B,309 I 10C, 10A,405 II Break 4E,405 I Break 15E,305 II 581M,305 II Break 581E,205 Kasten,306 Kasten\/Schr\u00e4gheck; TALBOT: HORIZON; 034899, 9620563480, 2839029000, 034899, 034899; Tiiviste, Imusarja<\/p>\n","protected":false},"excerpt":{"rendered":"<p>GLASER Imusarjan Tiivisteet X55498-01 Tiiviste, Imusarja HYUNDAI,SUZUKI,FIAT,LANTRA II Wagon J-2,LANTRA II J-2,SAMURAI SJ,VITARA ET, TA<\/p>\n","protected":false},"featured_media":0,"template":"","meta":{"site-sidebar-layout":"default","site-content-layout":"default","ast-global-header-display":"","ast-main-header-display":"","ast-hfb-above-header-display":"","ast-hfb-below-header-display":"","ast-hfb-mobile-header-display":"","site-post-title":"","ast-breadcrumbs-content":"","ast-featured-img":"","footer-sml-layout":"","theme-transparent-header-meta":"","adv-header-id-meta":"","stick-header-meta":"","header-above-stick-meta":"","header-main-stick-meta":"","header-below-stick-meta":""},"pwb-brand":[479],"product_cat":[43],"product_tag":[],"class_list":{"0":"post-80069","1":"product","2":"type-product","3":"status-publish","5":"pwb-brand-glaser","6":"product_cat-imusarjan-tiivisteet","7":"desktop-align-left","8":"tablet-align-left","9":"mobile-align-left","11":"first","12":"instock","13":"product-type-external"},"brands":[{"id":479,"name":"GLASER","slug":"glaser"}],"_links":{"self":[{"href":"https:\/\/www.autonvaraosahaku.fi\/index.php?rest_route=\/wp\/v2\/product\/80069","targetHints":{"allow":["GET"]}}],"collection":[{"href":"https:\/\/www.autonvaraosahaku.fi\/index.php?rest_route=\/wp\/v2\/product"}],"about":[{"href":"https:\/\/www.autonvaraosahaku.fi\/index.php?rest_route=\/wp\/v2\/types\/product"}],"wp:attachment":[{"href":"https:\/\/www.autonvaraosahaku.fi\/index.php?rest_route=%2Fwp%2Fv2%2Fmedia&parent=80069"}],"wp:term":[{"taxonomy":"pwb-brand","embeddable":true,"href":"https:\/\/www.autonvaraosahaku.fi\/index.php?rest_route=%2Fwp%2Fv2%2Fpwb-brand&post=80069"},{"taxonomy":"product_cat","embeddable":true,"href":"https:\/\/www.autonvaraosahaku.fi\/index.php?rest_route=%2Fwp%2Fv2%2Fproduct_cat&post=80069"},{"taxonomy":"product_tag","embeddable":true,"href":"https:\/\/www.autonvaraosahaku.fi\/index.php?rest_route=%2Fwp%2Fv2%2Fproduct_tag&post=80069"}],"curies":[{"name":"wp","href":"https:\/\/api.w.org\/{rel}","templated":true}]}}