{"id":80102,"date":"2021-02-21T20:08:25","date_gmt":"2021-02-21T20:08:25","guid":{"rendered":"https:\/\/www.autonvaraosahaku.fi\/?product=vegaz-lg-101-pakoputken-asennussarja"},"modified":"2021-02-21T20:08:29","modified_gmt":"2021-02-21T20:08:29","slug":"vegaz-lg-101-pakoputken-asennussarja","status":"publish","type":"product","link":"https:\/\/www.autonvaraosahaku.fi\/?product=vegaz-lg-101-pakoputken-asennussarja","title":{"rendered":"VEGAZ LG-101 Pakoputken asennussarja"},"content":{"rendered":"<p>Materiaali: EPDM (eteenipropeeni-dieeni-kumi); L\u00e4pimitta [mm]: 12; Akseliv\u00e4li (mm): 50; Muoto: Soikea; VET-numerosta: 0285922; MAZDA: 121 III JASM, JBSM; HYUNDAI: SANTA F\u00c9 I SM; VOLVO: V70 II SW,XC90 I,V70 I LV,S60 I,850 Kombi LW,XC70 CROSS COUNTRY,850 LS,S70 LS; LANCIA: THESIS 841AX,DELTA I 831AB0,KAPPA 838A,THEMA 834,KAPPA SW 838B,KAPPA Coupe 838,THEMA SW 834,PRISMA 831AB0; FORD: FIESTA IV JA_, JB_,PUMA EC_,TRANSIT  MK-5 Bus E_ _,TRANSIT MK-5 Pritsche\/Fahrgestell E_ _,TRANSIT MK-5 Kasten E_ _,FIESTA Kasten JV_,TRANSIT TOURNEO E_; FIAT: BARCHETTA 183,CROMA 154; ALFA ROMEO: 166 936,164 164; MASERATI: 3200 GT Coupe; 60573198, 60807868, 82347855, 6842636, 9179238, 9492157, 82347855, 389000503, 82347855, 82347855, 6842636, 82347855, 9179238, 9492157<\/p>\n","protected":false},"excerpt":{"rendered":"<p>VEGAZ Pidike, Pakoputkisto LG-101  MAZDA,HYUNDAI,VOLVO,121 III JASM, JBSM,SANTA F\u00c9 I SM,V70 II SW,XC90 I,V70 I LV,S60 I,850 Kombi LW<\/p>\n","protected":false},"featured_media":0,"template":"","meta":{"site-sidebar-layout":"default","site-content-layout":"default","ast-global-header-display":"","ast-main-header-display":"","ast-hfb-above-header-display":"","ast-hfb-below-header-display":"","ast-hfb-mobile-header-display":"","site-post-title":"","ast-breadcrumbs-content":"","ast-featured-img":"","footer-sml-layout":"","theme-transparent-header-meta":"","adv-header-id-meta":"","stick-header-meta":"","header-above-stick-meta":"","header-main-stick-meta":"","header-below-stick-meta":""},"pwb-brand":[306],"product_cat":[101],"product_tag":[],"class_list":{"0":"post-80102","1":"product","2":"type-product","3":"status-publish","5":"pwb-brand-vegaz","6":"product_cat-pakoputken-asennussarja","7":"desktop-align-left","8":"tablet-align-left","9":"mobile-align-left","11":"first","12":"instock","13":"product-type-external"},"brands":[{"id":306,"name":"VEGAZ","slug":"vegaz"}],"_links":{"self":[{"href":"https:\/\/www.autonvaraosahaku.fi\/index.php?rest_route=\/wp\/v2\/product\/80102","targetHints":{"allow":["GET"]}}],"collection":[{"href":"https:\/\/www.autonvaraosahaku.fi\/index.php?rest_route=\/wp\/v2\/product"}],"about":[{"href":"https:\/\/www.autonvaraosahaku.fi\/index.php?rest_route=\/wp\/v2\/types\/product"}],"wp:attachment":[{"href":"https:\/\/www.autonvaraosahaku.fi\/index.php?rest_route=%2Fwp%2Fv2%2Fmedia&parent=80102"}],"wp:term":[{"taxonomy":"pwb-brand","embeddable":true,"href":"https:\/\/www.autonvaraosahaku.fi\/index.php?rest_route=%2Fwp%2Fv2%2Fpwb-brand&post=80102"},{"taxonomy":"product_cat","embeddable":true,"href":"https:\/\/www.autonvaraosahaku.fi\/index.php?rest_route=%2Fwp%2Fv2%2Fproduct_cat&post=80102"},{"taxonomy":"product_tag","embeddable":true,"href":"https:\/\/www.autonvaraosahaku.fi\/index.php?rest_route=%2Fwp%2Fv2%2Fproduct_tag&post=80102"}],"curies":[{"name":"wp","href":"https:\/\/api.w.org\/{rel}","templated":true}]}}