{"id":80111,"date":"2021-02-21T20:08:32","date_gmt":"2021-02-21T20:08:32","guid":{"rendered":"https:\/\/www.autonvaraosahaku.fi\/?product=hengst-filter-h97w13-oljynsuodatin"},"modified":"2021-02-21T20:08:33","modified_gmt":"2021-02-21T20:08:33","slug":"hengst-filter-h97w13-oljynsuodatin","status":"publish","type":"product","link":"https:\/\/www.autonvaraosahaku.fi\/?product=hengst-filter-h97w13-oljynsuodatin","title":{"rendered":"HENGST FILTER H97W13 \u00d6ljynsuodatin"},"content":{"rendered":"<p>Suodatintyyppi: Ruuvattava suodatin; Ulkol\u00e4pimitta [mm]: 68,0; Tiivisteen l\u00e4pimitta [mm]: 63,0; Kierremitta: 3\/4-16 UNF; Korkeus (mm): 76,0; Valmistusvuoteen: 12\/2000; NISSAN: PIXO UA0; DAEWOO: KALOS KLAS,MATIZ KLYA,MATIZ Kasten KLA4,TICO KLY3; SUZUKI: SWIFT IV FZ, NZ,WAGON R+ MM,SPLASH,SWIFT II Schr\u00e4gheck EA, MA,ALTO HA25, HA35,ALTO HA24,SX4 S-Cross,WAGON R+ EM,BALENO Kombi EG,BALENO EG,BALENO Schr\u00e4gheck EG,SJ 410 Cabrio,ALTO HA12, HA23,ALTO HA11,X-90 EL,SWIFT I AA,WAGON R,SWIFT Cabriolet SF413,SWIFT II Stufenheck AH, AJ,CARRY Kasten FD,SUPER CARRY Bus ED,CAPPUCINO EA,ALTO,VITARA LY,CARRY Kasten ST90V,SWIFT V AZ,BALENO FW, EW,CARRY Kasten; CHEVROLET: MATIZ M200, M250,AVEO Schr\u00e4gheck T250, T255,AVEO Stufenheck T250, T255,SPARK M200 M250,AVEO Stufenheck T200,AVEO Schr\u00e4gheck T200; HONDA: ACCORD VII CL; SUBARU: JUSTY II JMA, MS; OPEL: AGILA B H08; DAIHATSU: SIRION M3_,CUORE VII L251,CUORE VIII,TERIOS J2_,TREVIS,SIRION M1,YRV M2,TERIOS J1,HIJET Kasten S85,CUORE IV L501,COPEN L880_, L881_,FEROZA Soft Top F300,MOVE L6, L9,SPORTRAK F300,GRAN MOVE G3,MOVE L6_,CHARADE IV G200, G202,CHARADE III G100, G101, G102,CUORE III L201,CUORE II L80, L81,APPLAUSE II A101,APPLAUSE I A101, A111,CHARADE II G11, G30,CUORE I L55, L60,HIJET Bus S85,CHARADE IV Stufenheck G203,CHARADE I G10,HIJET Bus,HIJET Kasten,CHARADE III Stufenheck G102,SPARCAR Bus S7_,SPARCAR Kasten S7_; PIAGGIO: PORTER Pritsche\/Fahrgestell,PORTER Kasten; VAUXHALL: AGILA Mk II B; 25183779, 96565412, 96570765, 25183779, 1560181402000, 1560187106, 1560187106000, 1560187107, 1560187107000, 1560187107LOC, 1560187204, 1560187204000, 1560187700, 1560187703, 1560187703000, 1560187704, 1560187704000, 1560197202, 1560197202000, 152084A00A, 4708878, 4711189, 1560187204000, 1560187703000, 438038, 1651060B00, 1651060B10, 1651060B11, 1651060B11000, 1651081400, 1651081420, 1651081420000, 1651082701, 1651082702, 1651082703, 1651083000, 1651083001, 16510M68K00, 16510M68K00000, 16510M73010, 16510M82703, 16510M82713<\/p>\n","protected":false},"excerpt":{"rendered":"<p>HENGST FILTER \u00d6ljynsuodatin H97W13  NISSAN,DAEWOO,SUZUKI,PIXO UA0,KALOS KLAS,MATIZ KLYA,MATIZ Kasten KLA4,TICO KLY3,SWIFT IV FZ, NZ,WAGON R+ MM,SPLASH<\/p>\n","protected":false},"featured_media":0,"template":"","meta":{"site-sidebar-layout":"default","site-content-layout":"default","ast-global-header-display":"","ast-main-header-display":"","ast-hfb-above-header-display":"","ast-hfb-below-header-display":"","ast-hfb-mobile-header-display":"","site-post-title":"","ast-breadcrumbs-content":"","ast-featured-img":"","footer-sml-layout":"","theme-transparent-header-meta":"","adv-header-id-meta":"","stick-header-meta":"","header-above-stick-meta":"","header-main-stick-meta":"","header-below-stick-meta":""},"pwb-brand":[336],"product_cat":[30],"product_tag":[],"class_list":{"0":"post-80111","1":"product","2":"type-product","3":"status-publish","5":"pwb-brand-hengst-filter","6":"product_cat-oljynsuodatin","7":"desktop-align-left","8":"tablet-align-left","9":"mobile-align-left","11":"first","12":"instock","13":"product-type-external"},"brands":[{"id":336,"name":"HENGST FILTER","slug":"hengst-filter"}],"_links":{"self":[{"href":"https:\/\/www.autonvaraosahaku.fi\/index.php?rest_route=\/wp\/v2\/product\/80111","targetHints":{"allow":["GET"]}}],"collection":[{"href":"https:\/\/www.autonvaraosahaku.fi\/index.php?rest_route=\/wp\/v2\/product"}],"about":[{"href":"https:\/\/www.autonvaraosahaku.fi\/index.php?rest_route=\/wp\/v2\/types\/product"}],"wp:attachment":[{"href":"https:\/\/www.autonvaraosahaku.fi\/index.php?rest_route=%2Fwp%2Fv2%2Fmedia&parent=80111"}],"wp:term":[{"taxonomy":"pwb-brand","embeddable":true,"href":"https:\/\/www.autonvaraosahaku.fi\/index.php?rest_route=%2Fwp%2Fv2%2Fpwb-brand&post=80111"},{"taxonomy":"product_cat","embeddable":true,"href":"https:\/\/www.autonvaraosahaku.fi\/index.php?rest_route=%2Fwp%2Fv2%2Fproduct_cat&post=80111"},{"taxonomy":"product_tag","embeddable":true,"href":"https:\/\/www.autonvaraosahaku.fi\/index.php?rest_route=%2Fwp%2Fv2%2Fproduct_tag&post=80111"}],"curies":[{"name":"wp","href":"https:\/\/api.w.org\/{rel}","templated":true}]}}