{"id":80114,"date":"2021-02-21T20:08:32","date_gmt":"2021-02-21T20:08:32","guid":{"rendered":"https:\/\/www.autonvaraosahaku.fi\/?product=hengst-filter-h14w23-oljynsuodatin"},"modified":"2021-02-21T20:08:34","modified_gmt":"2021-02-21T20:08:34","slug":"hengst-filter-h14w23-oljynsuodatin","status":"publish","type":"product","link":"https:\/\/www.autonvaraosahaku.fi\/?product=hengst-filter-h14w23-oljynsuodatin","title":{"rendered":"HENGST FILTER H14W23 \u00d6ljynsuodatin"},"content":{"rendered":"<p>Suodatintyyppi: Ruuvattava suodatin; Ulkol\u00e4pimitta [mm]: 75,0; Tiivisteen l\u00e4pimitta [mm]: 71,5; Kierremitta: 3\/4-16 UNF; Korkeus (mm): 121,5; Moottorinumero: BAA; MAZDA: 2 DY; JEEP: GRAND CHEROKEE III WH, WK,CHEROKEE KJ,COMMANDER XK,CHEROKEE KK; LAND ROVER: DISCOVERY III TAA; FORD USA: WINDSTAR A3,MUSTANG Coupe C,MUSTANG Convertible C,TAURUS P5_,TAURUS Wagon P5_; CHRYSLER: PT CRUISER PT_,PT CRUISER Cabriolet; FORD: FIESTA V JH_, JD_,FOCUS Kombi DNW,FOCUS DAW, DBW,GALAXY WGR,FIESTA IV JA_, JB_,FUSION JU_,KA RB_,FOCUS Stufenheck DFW,STREET KA RL2,MONDEO II Kombi BNP,FIESTA III GFJ,TRANSIT Kasten FA_ _,TRANSIT CONNECT P65_, P70_, P80_,TRANSIT Bus FD_ _, FB_ _, FS_ _, FZ_ _, FC_ _,COUGAR EC_,MONDEO II BAP,TOURNEO CONNECT,PUMA EC_,TRANSIT Pritsche\/Fahrgestell FM_ _, FN_ _,ESCORT VII GAL, AAL, ABL,MONDEO II Stufenheck BFP,MONDEO I Kombi BNP,MONDEO I GBP,ESCORT VII Kombi GAL, ANL,FIESTA V Van,TRANSIT  MK-5 Bus E_ _,ESCORT VII Cabriolet ALL,ESCORT VI Cabriolet ALL,ESCORT VI GAL,SCORPIO II GFR, GGR,TRANSIT MK-5 Pritsche\/Fahrgestell E_ _,ESCORT V Cabriolet ALL,MONDEO I Stufenheck GBP,TRANSIT MK-5 Kasten E_ _,SCORPIO II Kombi GNR, GGR,ESCORT V GAL,ESCORT VII Stufenheck GAL, AFL,KA Van RB,ESCORT VI Kombi GAL,ESCORT CLASSIC AAL, ABL,ESCORT CLASSIC Turnier ANL,ESCORT VI Stufenheck GAL,TRANSIT TOURNEO E_,ESCORT V Kombi GAL, AVL,ORION III GAL; DODGE: NITRO; MORGAN: PLUS FOUR,FOUR FOUR; 04781452AA, 04781452AB, 04781452BB, 4781452AA, 4781452BB, K04781452AA, K04781452BB, 1043143, 1043147, 1047169, 1097077, 1119421, 1663050, 1663051, 3652059, 4454116, 6937011, 978M6714A2A, 978M6714B4A, E1EE6714AA, E4FZ6731A, XS6E6714B1A, XS6E6714D1A, YN2G6714B2A, YN2G6714B4B, YN2G6714B4C, E4FZ6731AB, XW4E6714EA, C60114302, C601143X2A, CA0214302<\/p>\n","protected":false},"excerpt":{"rendered":"<p>HENGST FILTER \u00d6ljynsuodatin H14W23  MAZDA,JEEP,LAND ROVER,2 DY,GRAND CHEROKEE III WH, WK,CHEROKEE KJ,COMMANDER XK,CHEROKEE KK,DISCOVERY III TAA<\/p>\n","protected":false},"featured_media":0,"template":"","meta":{"site-sidebar-layout":"default","site-content-layout":"default","ast-global-header-display":"","ast-main-header-display":"","ast-hfb-above-header-display":"","ast-hfb-below-header-display":"","ast-hfb-mobile-header-display":"","site-post-title":"","ast-breadcrumbs-content":"","ast-featured-img":"","footer-sml-layout":"","theme-transparent-header-meta":"","adv-header-id-meta":"","stick-header-meta":"","header-above-stick-meta":"","header-main-stick-meta":"","header-below-stick-meta":""},"pwb-brand":[336],"product_cat":[30],"product_tag":[],"class_list":{"0":"post-80114","1":"product","2":"type-product","3":"status-publish","5":"pwb-brand-hengst-filter","6":"product_cat-oljynsuodatin","7":"desktop-align-left","8":"tablet-align-left","9":"mobile-align-left","11":"first","12":"instock","13":"product-type-external"},"brands":[{"id":336,"name":"HENGST FILTER","slug":"hengst-filter"}],"_links":{"self":[{"href":"https:\/\/www.autonvaraosahaku.fi\/index.php?rest_route=\/wp\/v2\/product\/80114","targetHints":{"allow":["GET"]}}],"collection":[{"href":"https:\/\/www.autonvaraosahaku.fi\/index.php?rest_route=\/wp\/v2\/product"}],"about":[{"href":"https:\/\/www.autonvaraosahaku.fi\/index.php?rest_route=\/wp\/v2\/types\/product"}],"wp:attachment":[{"href":"https:\/\/www.autonvaraosahaku.fi\/index.php?rest_route=%2Fwp%2Fv2%2Fmedia&parent=80114"}],"wp:term":[{"taxonomy":"pwb-brand","embeddable":true,"href":"https:\/\/www.autonvaraosahaku.fi\/index.php?rest_route=%2Fwp%2Fv2%2Fpwb-brand&post=80114"},{"taxonomy":"product_cat","embeddable":true,"href":"https:\/\/www.autonvaraosahaku.fi\/index.php?rest_route=%2Fwp%2Fv2%2Fproduct_cat&post=80114"},{"taxonomy":"product_tag","embeddable":true,"href":"https:\/\/www.autonvaraosahaku.fi\/index.php?rest_route=%2Fwp%2Fv2%2Fproduct_tag&post=80114"}],"curies":[{"name":"wp","href":"https:\/\/api.w.org\/{rel}","templated":true}]}}