{"id":80159,"date":"2021-02-21T20:08:47","date_gmt":"2021-02-21T20:08:47","guid":{"rendered":"https:\/\/www.autonvaraosahaku.fi\/?product=japanparts-pa-491af-jarrupalat"},"modified":"2021-02-21T20:08:50","modified_gmt":"2021-02-21T20:08:50","slug":"japanparts-pa-491af-jarrupalat","status":"publish","type":"product","link":"https:\/\/www.autonvaraosahaku.fi\/?product=japanparts-pa-491af-jarrupalat","title":{"rendered":"JAPANPARTS PA-491AF Jarrupalat"},"content":{"rendered":"<p>Asennuspuoli: Etuakseli; Jarrutyyppi: Levyjarru; Pituus (mm): 148,6; Korkeus (mm): 59,7; Paksuus [mm]: 16,3; WVA-numero: 23729; Tarkistuskilpi: ECE R90 APPROVED; M\u00e4\u00e4r\u00e4yksikk\u00f6: Akselisarja; Valmistusvuoteen: 12\/2006; HONDA: CIVIC VII Hatchback EU, EP, EV,FR-V BE,STREAM RN,CIVIC VIII Stufenheck FD, FA; 06450S0KJ00, 06450S0KJ01, 06450S3NJ00, 06450S6EE50, 06450S7AE00, 06450S7AE50, 06450S7AN00, 06450SEAJ00, 06450SEAJ01, 06450SEAJ10, 06450SFEJ20, 06450SJFE00, 06450SNB000, 45022S0AJ20, 45022S0KA00, 45022S0KA01, 45022S0KA11, 45022S3N00, 45022S3N000, 45022S6EE50, 45022S7AD01, 45022S7AE00, 45022S7AE50, 45022S7AN00, 45022SAA003, 45022SEAJ00, 45022SEAJ01, 45022SEAJ11, 45022SFEJ20, 45022SJF305, 45022SJFE00, 45022SJFJ00, 45022SNB000, 45022SNBE00, 45022SNBE01, 45022SNNM00, 45022SZ3A00, 45022SZ3E50, 45022SZ3G00, 45022TA0Y00, 45022TE0A61, 45022TR0E50, 45022TR0E51, 4502S7A901, 4502SEA003, 4502SFE000, 4502SZ3003; Jarrupalasarja,Jarrupala, Levyjarru<\/p>\n","protected":false},"excerpt":{"rendered":"<p>JAPANPARTS Jarrupalat PA-491AF Jarrupalasarja,Jarrupala, Levyjarru HONDA,CIVIC VII Hatchback EU, EP, EV,FR-V BE,STREAM RN,CIVIC VIII Stufenheck FD, FA<\/p>\n","protected":false},"featured_media":0,"template":"","meta":{"site-sidebar-layout":"default","site-content-layout":"default","ast-global-header-display":"","ast-main-header-display":"","ast-hfb-above-header-display":"","ast-hfb-below-header-display":"","ast-hfb-mobile-header-display":"","site-post-title":"","ast-breadcrumbs-content":"","ast-featured-img":"","footer-sml-layout":"","theme-transparent-header-meta":"","adv-header-id-meta":"","stick-header-meta":"","header-above-stick-meta":"","header-main-stick-meta":"","header-below-stick-meta":""},"pwb-brand":[334],"product_cat":[100],"product_tag":[],"class_list":{"0":"post-80159","1":"product","2":"type-product","3":"status-publish","5":"pwb-brand-japanparts","6":"product_cat-jarrupalat","7":"desktop-align-left","8":"tablet-align-left","9":"mobile-align-left","11":"first","12":"instock","13":"product-type-external"},"brands":[{"id":334,"name":"JAPANPARTS","slug":"japanparts"}],"_links":{"self":[{"href":"https:\/\/www.autonvaraosahaku.fi\/index.php?rest_route=\/wp\/v2\/product\/80159","targetHints":{"allow":["GET"]}}],"collection":[{"href":"https:\/\/www.autonvaraosahaku.fi\/index.php?rest_route=\/wp\/v2\/product"}],"about":[{"href":"https:\/\/www.autonvaraosahaku.fi\/index.php?rest_route=\/wp\/v2\/types\/product"}],"wp:attachment":[{"href":"https:\/\/www.autonvaraosahaku.fi\/index.php?rest_route=%2Fwp%2Fv2%2Fmedia&parent=80159"}],"wp:term":[{"taxonomy":"pwb-brand","embeddable":true,"href":"https:\/\/www.autonvaraosahaku.fi\/index.php?rest_route=%2Fwp%2Fv2%2Fpwb-brand&post=80159"},{"taxonomy":"product_cat","embeddable":true,"href":"https:\/\/www.autonvaraosahaku.fi\/index.php?rest_route=%2Fwp%2Fv2%2Fproduct_cat&post=80159"},{"taxonomy":"product_tag","embeddable":true,"href":"https:\/\/www.autonvaraosahaku.fi\/index.php?rest_route=%2Fwp%2Fv2%2Fproduct_tag&post=80159"}],"curies":[{"name":"wp","href":"https:\/\/api.w.org\/{rel}","templated":true}]}}