{"id":80169,"date":"2021-02-21T20:08:47","date_gmt":"2021-02-21T20:08:47","guid":{"rendered":"https:\/\/www.autonvaraosahaku.fi\/?product=hjs-83-13-2806-pakoputken-asennussarja"},"modified":"2021-02-21T20:08:53","modified_gmt":"2021-02-21T20:08:53","slug":"hjs-83-13-2806-pakoputken-asennussarja","status":"publish","type":"product","link":"https:\/\/www.autonvaraosahaku.fi\/?product=hjs-83-13-2806-pakoputken-asennussarja","title":{"rendered":"HJS 83 13 2806 Pakoputken asennussarja"},"content":{"rendered":"<p>Putkiliitokset: Pallo-kytkin; L\u00e4pimitta [mm]: 60; Pakoputkisto: f\u00fcr Endschalld\u00e4mpfer; VW: CRAFTER 30-50 Kasten 2E_,AMAROK 2H_, S1B,CRAFTER 30-35 Bus 2E_,CRAFTER 30-50 Pritsche\/Fahrgestell 2F_; BMW: 7 E65, E66, E67; MERCEDES-BENZ: C-CLASS W203,C-CLASS T-Model S203,C-CLASS W202,VIANO W639,C-CLASS Coupe CL203,E-CLASS Kombi S210,VITO Bus W639,C-CLASS Kombi S202,VITO \/ MIXTO Kasten W639; 18307789197, 7789197, 0004901341, 2024900541, 2034900741, A0004901341, A2024900541, A2034900741, 95811124000, 2E0253725, 2H0253725A; Putkenliitin, Pakoputkisto<\/p>\n","protected":false},"excerpt":{"rendered":"<p>HJS Pakoputken Kiristin 83 13 2806 Putkenliitin, Pakoputkisto VW,BMW,MERCEDES-BENZ,CRAFTER 30-50 Kasten 2E_,AMAROK 2H_, S1B,CRAFTER 30-35 Bus 2E_<\/p>\n","protected":false},"featured_media":0,"template":"","meta":{"site-sidebar-layout":"default","site-content-layout":"default","ast-global-header-display":"","ast-main-header-display":"","ast-hfb-above-header-display":"","ast-hfb-below-header-display":"","ast-hfb-mobile-header-display":"","site-post-title":"","ast-breadcrumbs-content":"","ast-featured-img":"","footer-sml-layout":"","theme-transparent-header-meta":"","adv-header-id-meta":"","stick-header-meta":"","header-above-stick-meta":"","header-main-stick-meta":"","header-below-stick-meta":""},"pwb-brand":[344],"product_cat":[101],"product_tag":[],"class_list":{"0":"post-80169","1":"product","2":"type-product","3":"status-publish","5":"pwb-brand-hjs","6":"product_cat-pakoputken-asennussarja","7":"desktop-align-left","8":"tablet-align-left","9":"mobile-align-left","11":"first","12":"instock","13":"product-type-external"},"brands":[{"id":344,"name":"HJS","slug":"hjs"}],"_links":{"self":[{"href":"https:\/\/www.autonvaraosahaku.fi\/index.php?rest_route=\/wp\/v2\/product\/80169","targetHints":{"allow":["GET"]}}],"collection":[{"href":"https:\/\/www.autonvaraosahaku.fi\/index.php?rest_route=\/wp\/v2\/product"}],"about":[{"href":"https:\/\/www.autonvaraosahaku.fi\/index.php?rest_route=\/wp\/v2\/types\/product"}],"wp:attachment":[{"href":"https:\/\/www.autonvaraosahaku.fi\/index.php?rest_route=%2Fwp%2Fv2%2Fmedia&parent=80169"}],"wp:term":[{"taxonomy":"pwb-brand","embeddable":true,"href":"https:\/\/www.autonvaraosahaku.fi\/index.php?rest_route=%2Fwp%2Fv2%2Fpwb-brand&post=80169"},{"taxonomy":"product_cat","embeddable":true,"href":"https:\/\/www.autonvaraosahaku.fi\/index.php?rest_route=%2Fwp%2Fv2%2Fproduct_cat&post=80169"},{"taxonomy":"product_tag","embeddable":true,"href":"https:\/\/www.autonvaraosahaku.fi\/index.php?rest_route=%2Fwp%2Fv2%2Fproduct_tag&post=80169"}],"curies":[{"name":"wp","href":"https:\/\/api.w.org\/{rel}","templated":true}]}}