{"id":80197,"date":"2021-02-21T20:09:02","date_gmt":"2021-02-21T20:09:02","guid":{"rendered":"https:\/\/www.autonvaraosahaku.fi\/?product=valeo-586019-oljynsuodatin"},"modified":"2021-02-21T20:09:04","modified_gmt":"2021-02-21T20:09:04","slug":"valeo-586019-oljynsuodatin","status":"publish","type":"product","link":"https:\/\/www.autonvaraosahaku.fi\/?product=valeo-586019-oljynsuodatin","title":{"rendered":"VALEO 586019 \u00d6ljynsuodatin"},"content":{"rendered":"<p>Kierremitta: UNF 3\/4; Ulkol\u00e4pimitta [mm]: 93; Sis\u00e4l\u00e4pimitta 1 [mm]: 72; Sis\u00e4l\u00e4pimitta 2 [mm]: 62,5; Korkeus (mm): 96; Avauspaine ohitusventtiili [bar]: 0,8; Suodatintyyppi: Ruuvattava suodatin; Paino [kg]: 0,54; Valmistusvuoteen: 04\/1996; VW: TRANSPORTER III Bus,TRANSPORTER III Kasten,TRANSPORTER II Bus,TRANSPORTER III Pritsche\/Fahrgestell,411412,TRANSPORTER I Bus 22, 24, 25, 28,TRANSPORTER II Kasten,TRANSPORTER I Pritsche\/Fahrgestell 26,TRANSPORTER II Pritsche\/Fahrgestell,TRANSPORTER I Kasten 21, 23; SKODA: 105,120 742,FAVORIT 781,105,120 744,FAVORIT Forman 785,130; SEAT: 127 127A,131,132; JEEP: GRAND CHEROKEE III WH, WK,GRAND CHEROKEE II WJ, WG,GRAND CHEROKEE I ZJ,CHEROKEE XJ,COMMANDER XK,WRANGLER II TJ,WRANGLER I YJ, SJ_,CJ5 &#8211; CJ8; LADA: NIVA 2121,NIVA II 2123,1200-1600,1200-1500 Kombi,SAMARA 2108, 2109, 2115, 2113, 2114,NOVA 2105,TOSCANA 2107,NOVA Kombi 2104,SAMARA Stufenheck 21099, 2115; OPEL: COMMODORE A,COMMODORE A Coupe; CHRYSLER: VOYAGER IV RG, RS,300 C Touring LX,VOYAGER III GS,300 C LX,SEBRING Cabriolet JR,300 M LR,SEBRING JR,VOYAGER II ES,VISION; LANCIA: DELTA I 831AB0,DELTA II 836,DEDRA 835; FIAT: 124 Spider,CROMA 154,125,TEMPRA 159,131,124 Coupe,RITMO I 138A,124,TEMPRA S.W. 159,132,CAMPAGNOLA,REGATA 138,ARGENTA 132A,RITMO Cabriolet,131 Familiare\/Panorama,REGATA Weekend 138; ALFA ROMEO: SPIDER 115,75 162B,164 164,155 167,SPIDER 105,GT,GTV 116,ALFETTA GT 116,1750-2000,ALFETTA 116,GIULIETTA 116,90 162,SZ,RZ; PF13, SF, X19, X35, X522, X64, X72, 116120603000, 116440603000, 510313, 510889, 530388, 534372, 05281090, 2650396, 3549957, 3685741, 5281040, 5281090, X3549957, 1109C0, MLS000144A, MLS000149, 5281090, 4126435, 4158728, 4160703, 4199523, 4286050, 4286052, 4323062, 4335880, 4343591, 4343597, 4353591, 4371582, 4434794, 4446335, 4462675, 4462676, 4462677, 4462678, 446275, 5940899, 60507080, 7300943, 82360558, 82361657, 83986742, 11436936, 5012555, 5018355, 6066096, 6141811, A710X6714C, 1903790, 4371582, 4434794, 5281090, 21011012005, 210110120051, 4323062, 4434794, 82342881, 110929, 110931, 110945, 110946, 110955, 110978, 1109H1, 27701008326, 27701008698, 5000790022, 7700640165, 7701020783, 7701029278, 7701031111, 7701348110, 7701349779, 7701542286, 834940, 8349409, 0003897992, 3897992, 7910246815, 9975161, 71301227<\/p>\n","protected":false},"excerpt":{"rendered":"<p>VALEO \u00d6ljynsuodatin 586019  VW,SKODA,SEAT,TRANSPORTER III Bus,TRANSPORTER III Kasten,TRANSPORTER II Bus,TRANSPORTER III Pritsche\/Fahrgestell,411412<\/p>\n","protected":false},"featured_media":0,"template":"","meta":{"site-sidebar-layout":"default","site-content-layout":"default","ast-global-header-display":"","ast-main-header-display":"","ast-hfb-above-header-display":"","ast-hfb-below-header-display":"","ast-hfb-mobile-header-display":"","site-post-title":"","ast-breadcrumbs-content":"","ast-featured-img":"","footer-sml-layout":"","theme-transparent-header-meta":"","adv-header-id-meta":"","stick-header-meta":"","header-above-stick-meta":"","header-main-stick-meta":"","header-below-stick-meta":""},"pwb-brand":[28],"product_cat":[30],"product_tag":[],"class_list":{"0":"post-80197","1":"product","2":"type-product","3":"status-publish","5":"pwb-brand-valeo","6":"product_cat-oljynsuodatin","7":"desktop-align-left","8":"tablet-align-left","9":"mobile-align-left","11":"first","12":"instock","13":"product-type-external"},"brands":[{"id":28,"name":"VALEO","slug":"valeo"}],"_links":{"self":[{"href":"https:\/\/www.autonvaraosahaku.fi\/index.php?rest_route=\/wp\/v2\/product\/80197","targetHints":{"allow":["GET"]}}],"collection":[{"href":"https:\/\/www.autonvaraosahaku.fi\/index.php?rest_route=\/wp\/v2\/product"}],"about":[{"href":"https:\/\/www.autonvaraosahaku.fi\/index.php?rest_route=\/wp\/v2\/types\/product"}],"wp:attachment":[{"href":"https:\/\/www.autonvaraosahaku.fi\/index.php?rest_route=%2Fwp%2Fv2%2Fmedia&parent=80197"}],"wp:term":[{"taxonomy":"pwb-brand","embeddable":true,"href":"https:\/\/www.autonvaraosahaku.fi\/index.php?rest_route=%2Fwp%2Fv2%2Fpwb-brand&post=80197"},{"taxonomy":"product_cat","embeddable":true,"href":"https:\/\/www.autonvaraosahaku.fi\/index.php?rest_route=%2Fwp%2Fv2%2Fproduct_cat&post=80197"},{"taxonomy":"product_tag","embeddable":true,"href":"https:\/\/www.autonvaraosahaku.fi\/index.php?rest_route=%2Fwp%2Fv2%2Fproduct_tag&post=80197"}],"curies":[{"name":"wp","href":"https:\/\/api.w.org\/{rel}","templated":true}]}}