{"id":80206,"date":"2021-02-21T20:09:02","date_gmt":"2021-02-21T20:09:02","guid":{"rendered":"https:\/\/www.autonvaraosahaku.fi\/?product=valeo-585632-ilmansuodatin"},"modified":"2021-02-21T20:09:07","modified_gmt":"2021-02-21T20:09:07","slug":"valeo-585632-ilmansuodatin","status":"publish","type":"product","link":"https:\/\/www.autonvaraosahaku.fi\/?product=valeo-585632-ilmansuodatin","title":{"rendered":"VALEO 585632 Ilmansuodatin"},"content":{"rendered":"<p>Ulkol\u00e4pimitta [mm]: 232; Sis\u00e4l\u00e4pimitta [mm]: 182; Korkeus (mm): 55; Muoto: Py\u00f6re\u00e4; Paino [kg]: 0,236; Valmistusvuosi alkaen: 04\/1991; FIAT: PANDA 141A_,UNO 146A\/E,PANDA Van 141_,131,RITMO I 138A,FIORINO 147,RITMO Cabriolet,FIORINO 127,131 Familiare\/Panorama,FIORINO Pick up 147; SEAT: MARBELLA 28,IBIZA I 021A,TERRA Kasten 024A,MARBELLA Kasten 028A,TERRA 24,PANDA 141A; ZASTAVA: YUGO; PC268, PC804, 1444N3, 4321698, 4321699, 4361617, 4363560, 4370749, 4371572, 71736156, 1137512, 5003229, 5014774, A770X9601SA, A850X9601RA, 3940253, SE020022203A, XE020022203A, 9974375<\/p>\n","protected":false},"excerpt":{"rendered":"<p>VALEO Ilmansuodatin 585632  FIAT,SEAT,ZASTAVA,PANDA 141A_,UNO 146A\/E,PANDA Van 141_,131,RITMO I 138A,FIORINO 147,RITMO Cabriolet,FIORINO 127<\/p>\n","protected":false},"featured_media":0,"template":"","meta":{"site-sidebar-layout":"default","site-content-layout":"default","ast-global-header-display":"","ast-main-header-display":"","ast-hfb-above-header-display":"","ast-hfb-below-header-display":"","ast-hfb-mobile-header-display":"","site-post-title":"","ast-breadcrumbs-content":"","ast-featured-img":"","footer-sml-layout":"","theme-transparent-header-meta":"","adv-header-id-meta":"","stick-header-meta":"","header-above-stick-meta":"","header-main-stick-meta":"","header-below-stick-meta":""},"pwb-brand":[28],"product_cat":[31],"product_tag":[],"class_list":{"0":"post-80206","1":"product","2":"type-product","3":"status-publish","5":"pwb-brand-valeo","6":"product_cat-ilmansuodatin","7":"desktop-align-left","8":"tablet-align-left","9":"mobile-align-left","11":"first","12":"instock","13":"product-type-external"},"brands":[{"id":28,"name":"VALEO","slug":"valeo"}],"_links":{"self":[{"href":"https:\/\/www.autonvaraosahaku.fi\/index.php?rest_route=\/wp\/v2\/product\/80206","targetHints":{"allow":["GET"]}}],"collection":[{"href":"https:\/\/www.autonvaraosahaku.fi\/index.php?rest_route=\/wp\/v2\/product"}],"about":[{"href":"https:\/\/www.autonvaraosahaku.fi\/index.php?rest_route=\/wp\/v2\/types\/product"}],"wp:attachment":[{"href":"https:\/\/www.autonvaraosahaku.fi\/index.php?rest_route=%2Fwp%2Fv2%2Fmedia&parent=80206"}],"wp:term":[{"taxonomy":"pwb-brand","embeddable":true,"href":"https:\/\/www.autonvaraosahaku.fi\/index.php?rest_route=%2Fwp%2Fv2%2Fpwb-brand&post=80206"},{"taxonomy":"product_cat","embeddable":true,"href":"https:\/\/www.autonvaraosahaku.fi\/index.php?rest_route=%2Fwp%2Fv2%2Fproduct_cat&post=80206"},{"taxonomy":"product_tag","embeddable":true,"href":"https:\/\/www.autonvaraosahaku.fi\/index.php?rest_route=%2Fwp%2Fv2%2Fproduct_tag&post=80206"}],"curies":[{"name":"wp","href":"https:\/\/api.w.org\/{rel}","templated":true}]}}