{"id":80217,"date":"2021-02-21T20:09:09","date_gmt":"2021-02-21T20:09:09","guid":{"rendered":"https:\/\/www.autonvaraosahaku.fi\/?product=swag-99-90-7295-muut-luokat"},"modified":"2021-02-21T20:09:12","modified_gmt":"2021-02-21T20:09:12","slug":"swag-99-90-7295-muut-luokat","status":"publish","type":"product","link":"https:\/\/www.autonvaraosahaku.fi\/?product=swag-99-90-7295-muut-luokat","title":{"rendered":"SWAG 99 90 7295 Muut luokat"},"content":{"rendered":"<p>Paksuus [mm]: 10,0; Ulkol\u00e4pimitta [mm]: 45,0; Materiaali: Ter\u00e4slevy; Paino [kg]: 0,03, 0,03; Katalysaattorimalli: f\u00fcr Fahrzeuge mit Katalysator; BMW: 5 E39,5 Touring E39,3 Coupe E46,3 Compact E36,3 E36,3 E30,3 Cabriolet E46,7 E38,3 Coupe E36,Z3 E36,Z4 E85,5 E34,3 Cabriolet E30,3 Cabriolet E36,3 Touring E36,7 E32,5 Touring E34,5 E28,6 E24,3 E21,3 Touring E30,Z3 Coupe E36,Z4 Coupe E86,7 E23,5 E12,Z1; DAF: 75 CF,85 CF,95,95 XF,CF 75,CF 85,LF 45,LF 55,XF 105,XF 95; 07119937331, 11111276473, 11111714712, 0267438, 267438, 1714712<\/p>\n","protected":false},"excerpt":{"rendered":"<p>SWAG Pakkastulppa SWAG extra 99 90 7295  BMW,DAF,5 E39,5 Touring E39,3 Coupe E46,3 Compact E36,3 E36,3 E30,3 Cabriolet E46,7 E38,3 Coupe E36,Z3 E36<\/p>\n","protected":false},"featured_media":0,"template":"","meta":{"site-sidebar-layout":"default","site-content-layout":"default","ast-global-header-display":"","ast-main-header-display":"","ast-hfb-above-header-display":"","ast-hfb-below-header-display":"","ast-hfb-mobile-header-display":"","site-post-title":"","ast-breadcrumbs-content":"","ast-featured-img":"","footer-sml-layout":"","theme-transparent-header-meta":"","adv-header-id-meta":"","stick-header-meta":"","header-above-stick-meta":"","header-main-stick-meta":"","header-below-stick-meta":""},"pwb-brand":[103],"product_cat":[37],"product_tag":[],"class_list":{"0":"post-80217","1":"product","2":"type-product","3":"status-publish","5":"pwb-brand-swag","6":"product_cat-muut-luokat","7":"desktop-align-left","8":"tablet-align-left","9":"mobile-align-left","11":"first","12":"instock","13":"product-type-external"},"brands":[{"id":103,"name":"SWAG","slug":"swag"}],"_links":{"self":[{"href":"https:\/\/www.autonvaraosahaku.fi\/index.php?rest_route=\/wp\/v2\/product\/80217","targetHints":{"allow":["GET"]}}],"collection":[{"href":"https:\/\/www.autonvaraosahaku.fi\/index.php?rest_route=\/wp\/v2\/product"}],"about":[{"href":"https:\/\/www.autonvaraosahaku.fi\/index.php?rest_route=\/wp\/v2\/types\/product"}],"wp:attachment":[{"href":"https:\/\/www.autonvaraosahaku.fi\/index.php?rest_route=%2Fwp%2Fv2%2Fmedia&parent=80217"}],"wp:term":[{"taxonomy":"pwb-brand","embeddable":true,"href":"https:\/\/www.autonvaraosahaku.fi\/index.php?rest_route=%2Fwp%2Fv2%2Fpwb-brand&post=80217"},{"taxonomy":"product_cat","embeddable":true,"href":"https:\/\/www.autonvaraosahaku.fi\/index.php?rest_route=%2Fwp%2Fv2%2Fproduct_cat&post=80217"},{"taxonomy":"product_tag","embeddable":true,"href":"https:\/\/www.autonvaraosahaku.fi\/index.php?rest_route=%2Fwp%2Fv2%2Fproduct_tag&post=80217"}],"curies":[{"name":"wp","href":"https:\/\/api.w.org\/{rel}","templated":true}]}}