{"id":80220,"date":"2021-02-21T20:09:09","date_gmt":"2021-02-21T20:09:09","guid":{"rendered":"https:\/\/www.autonvaraosahaku.fi\/?product=nrf-38943-painekytkin-ilmastointilaite"},"modified":"2021-02-21T20:09:12","modified_gmt":"2021-02-21T20:09:12","slug":"nrf-38943-painekytkin-ilmastointilaite","status":"publish","type":"product","link":"https:\/\/www.autonvaraosahaku.fi\/?product=nrf-38943-painekytkin-ilmastointilaite","title":{"rendered":"NRF 38943 Painekytkin ilmastointilaite"},"content":{"rendered":"<p>Napojen m\u00e4\u00e4r\u00e4: 3; Kierremitta: M10x1,25 Female; K\u00e4ytt\u00f6j\u00e4nnite [V]: 12; Kylm\u00e4aine: R 134a; Laatu \/ luokka: Easy Fit; Rakennemalli: Sandero; OPEL: CORSA C F08, F68,ZAFIRA B A05,ASTRA H Caravan L35,MERIVA,ZAFIRA A F75_,ASTRA G CC F48_, F08_,ASTRA H L48,ASTRA G Caravan F35_,VECTRA C Caravan,SIGNUM,VECTRA C,AGILA A H00,VECTRA C GTS,TIGRA TwinTop,ASTRA H TwinTop L67,ASTRA G Cabriolet F67,ASTRA G Coupe F07_,ASTRA G Stufenheck F69_,ZAFIRA B Van,CORSA C Kasten F08, W5L,ASTRA H Stufenheck L69,ASTRA G Kasten F70; RENAULT: CLIO II BB0\/1\/2_, CB0\/1\/2_,CLIO III BR0\/1, CR0\/1,SC\u00c9NIC II JM0\/1_,TWINGO II CN0_,MEGANE III Grandtour KZ0\/1,MODUS \/ GRAND MODUS F\/JP0_,LAGUNA II Grandtour KG0\/1_,MEGANE II Kombi KM0\/1_,SC\u00c9NIC I JA0\/1_,MEGANE II Coup\u00e9-Cabriolet EM0\/1_,SC\u00c9NIC III JZ0\/1_,MEGANE III Schr\u00e4gheck BZ0_,LAGUNA II BG0\/1_,MEGANE II BM0\/1_, CM0\/1_,GRAND SC\u00c9NIC III JZ0\/1_,MEGANE III Coupe DZ0\/1_,CLIO Grandtour KR0\/1_,GRAND SC\u00c9NIC II JM0\/1_,MEGANE II Stufenheck LM0\/1_,MEGANE CC EZ0\/1_,VEL SATIS BJ0_,CLIO II Kasten SB0\/1\/2_,WIND E4M_,FLUENCE L30_,CLIO III Kasten SB_, SR_,MEGANE II Hatchback Van KM0\/2_; FIAT: CROMA 194; NISSAN: QASHQAI \/ QASHQAI +2 J10, JJ10,MICRA III K12,KUBISTAR Kasten X80; DACIA: DUSTER,SANDERO,DUSTER Kasten; SAAB: 9-3 YS3F,9-5 Kombi YS3E,9-3 Kombi YS3F,9-3 YS3D,9-5 YS3E,9-3 Cabriolet YS3F,9-3 Cabriolet YS3D; VAUXHALL: ZAFIRA Mk II B M75,ASTRA Mk V H CC,VECTRA Mk II C CC,ZAFIRA Mk I A F75,CORSA Mk II C W5L, F08,ASTRA Mk V H Estate,VECTRA Mk II C Estate,ASTRA Mk V H Convertible,ASTRA Mk IV G CC,VECTRA Mk II C,MERIVA Mk I A,SIGNUM,CORSAVAN Mk II C,ASTRA Mk IV G Sedan,TIGRA Convertible,AGILA Mk I A,ASTRAVAN Mk V H,ASTRAVAN Mk IV G,ASTRA Mk IV G Coupe F67,ASTRA Mk IV G Convertible,ASTRA Mk IV G Estate; 46790717, 51768498, 7700417506, 7701205751, 12799379, 46790717, 51713182, 51768498, 1558929, 9S519E762A, 6E5Z19D594AA, 46790717, 51768498, 92136JD50A, 09131721, 13587668, 6850512, 9131721, 7700417506, 7701205751, 12799379, 9131721, 13587668, 6850512, 9131721<\/p>\n","protected":false},"excerpt":{"rendered":"<p>NRF Painekytkin Ilmastointilaite EASY FIT 38943  OPEL,RENAULT,FIAT,CORSA C F08, F68,ZAFIRA B A05,ASTRA H Caravan L35,MERIVA,ZAFIRA A F75_<\/p>\n","protected":false},"featured_media":0,"template":"","meta":{"site-sidebar-layout":"default","site-content-layout":"default","ast-global-header-display":"","ast-main-header-display":"","ast-hfb-above-header-display":"","ast-hfb-below-header-display":"","ast-hfb-mobile-header-display":"","site-post-title":"","ast-breadcrumbs-content":"","ast-featured-img":"","footer-sml-layout":"","theme-transparent-header-meta":"","adv-header-id-meta":"","stick-header-meta":"","header-above-stick-meta":"","header-main-stick-meta":"","header-below-stick-meta":""},"pwb-brand":[85],"product_cat":[472],"product_tag":[],"class_list":{"0":"post-80220","1":"product","2":"type-product","3":"status-publish","5":"pwb-brand-nrf","6":"product_cat-painekytkin-ilmastointilaite","7":"desktop-align-left","8":"tablet-align-left","9":"mobile-align-left","11":"first","12":"instock","13":"product-type-external"},"brands":[{"id":85,"name":"NRF","slug":"nrf"}],"_links":{"self":[{"href":"https:\/\/www.autonvaraosahaku.fi\/index.php?rest_route=\/wp\/v2\/product\/80220","targetHints":{"allow":["GET"]}}],"collection":[{"href":"https:\/\/www.autonvaraosahaku.fi\/index.php?rest_route=\/wp\/v2\/product"}],"about":[{"href":"https:\/\/www.autonvaraosahaku.fi\/index.php?rest_route=\/wp\/v2\/types\/product"}],"wp:attachment":[{"href":"https:\/\/www.autonvaraosahaku.fi\/index.php?rest_route=%2Fwp%2Fv2%2Fmedia&parent=80220"}],"wp:term":[{"taxonomy":"pwb-brand","embeddable":true,"href":"https:\/\/www.autonvaraosahaku.fi\/index.php?rest_route=%2Fwp%2Fv2%2Fpwb-brand&post=80220"},{"taxonomy":"product_cat","embeddable":true,"href":"https:\/\/www.autonvaraosahaku.fi\/index.php?rest_route=%2Fwp%2Fv2%2Fproduct_cat&post=80220"},{"taxonomy":"product_tag","embeddable":true,"href":"https:\/\/www.autonvaraosahaku.fi\/index.php?rest_route=%2Fwp%2Fv2%2Fproduct_tag&post=80220"}],"curies":[{"name":"wp","href":"https:\/\/api.w.org\/{rel}","templated":true}]}}