{"id":80227,"date":"2021-02-21T20:09:09","date_gmt":"2021-02-21T20:09:09","guid":{"rendered":"https:\/\/www.autonvaraosahaku.fi\/?product=swf-132603-pyyhkijansulat"},"modified":"2021-02-21T20:09:15","modified_gmt":"2021-02-21T20:09:15","slug":"swf-132603-pyyhkijansulat","status":"publish","type":"product","link":"https:\/\/www.autonvaraosahaku.fi\/?product=swf-132603-pyyhkijansulat","title":{"rendered":"SWF 132603 Pyyhkij\u00e4nsulat"},"content":{"rendered":"<p>M\u00e4\u00e4r\u00e4: 1; Pituus (mm): 600; Pituus (tuumaa): 24; Sopiva adapteri: T7; Lis\u00e4adapteri: T8; Paino [kg]: 0,3; Tuotelinja: Original; Pyyhkij\u00e4nsulkatyyppi: Tavallinen; Asennuspuoli: fahrerseitig; IVECO: M,MK,P\/PA,P\/PA-Haubenfahrzeuge,TURBOCITY,TURBOSTAR,TURBOTECH; NISSAN: ATLEON; VOLVO: F10,F12,F16,F4,F6,F7,FL,FL4,FL6,FLC,FS7; MERCEDES-BENZ: SPRINTER 3-t Kasten 903,SPRINTER 2-t Bus 901, 902,SPRINTER 2-t Kasten 901, 902,SPRINTER 3-t Bus 903,SPRINTER 3-t Pritsche\/Fahrgestell 903,SPRINTER 4-t Pritsche\/Fahrgestell 904,VARIO Kasten\/Kombi,SPRINTER 2-t Pritsche\/Fahrgestell 901, 902,VARIO Pritsche\/Fahrgestell,SPRINTER 4-t Kasten 904,VARIO Kipper,SPRINTER 4-t Bus 904,SPRINTER 5-t Pritsche\/Fahrgestell 905,VARIO Bus,SPRINTER Kipper 905,VARIO Triebkopf,ACCELO,ECONIC,ECONIC 2,LK\/LN2,LP,O 100,O 301,O 304,TOURINO (O 510),UNIMOG; FORD: Cargo; VDL: Futura; VAN HOOL: EOS; SCANIA: 2 &#8211; series,3 &#8211; series,4 &#8211; series; RENAULT TRUCKS: MANAGER,MAXTER,MIDLINER; PLAXTON: BEAVER; 1260954, 02606687, 2606687, 47244074, 81264400046, 81264400053, 81264400057, 81264406034, 81274216007, 0008205045, 0008206045, 0008208245, 0008209345, 0018206845, 18206845, 8205045, 8206045, 8208245, 8209345, 5000550175, 16197740020, 1088425, 1088427, 5860106, 6772680; Tuulilasinpyyhkimet,Pyyhkij\u00e4t,Pyyhkij\u00e4nsulka<\/p>\n","protected":false},"excerpt":{"rendered":"<p>SWF Pyyhkij\u00e4nsulat 132603 Tuulilasinpyyhkimet,Pyyhkij\u00e4t IVECO,NISSAN,VOLVO,M,MK,P\/PA,P\/PA-Haubenfahrzeuge,TURBOCITY,TURBOSTAR,TURBOTECH,ATLEON,F10,F12<\/p>\n","protected":false},"featured_media":0,"template":"","meta":{"site-sidebar-layout":"default","site-content-layout":"default","ast-global-header-display":"","ast-main-header-display":"","ast-hfb-above-header-display":"","ast-hfb-below-header-display":"","ast-hfb-mobile-header-display":"","site-post-title":"","ast-breadcrumbs-content":"","ast-featured-img":"","footer-sml-layout":"","theme-transparent-header-meta":"","adv-header-id-meta":"","stick-header-meta":"","header-above-stick-meta":"","header-main-stick-meta":"","header-below-stick-meta":""},"pwb-brand":[204],"product_cat":[33],"product_tag":[],"class_list":{"0":"post-80227","1":"product","2":"type-product","3":"status-publish","5":"pwb-brand-swf","6":"product_cat-pyyhkijansulat","7":"desktop-align-left","8":"tablet-align-left","9":"mobile-align-left","11":"first","12":"instock","13":"product-type-external"},"brands":[{"id":204,"name":"SWF","slug":"swf"}],"_links":{"self":[{"href":"https:\/\/www.autonvaraosahaku.fi\/index.php?rest_route=\/wp\/v2\/product\/80227","targetHints":{"allow":["GET"]}}],"collection":[{"href":"https:\/\/www.autonvaraosahaku.fi\/index.php?rest_route=\/wp\/v2\/product"}],"about":[{"href":"https:\/\/www.autonvaraosahaku.fi\/index.php?rest_route=\/wp\/v2\/types\/product"}],"wp:attachment":[{"href":"https:\/\/www.autonvaraosahaku.fi\/index.php?rest_route=%2Fwp%2Fv2%2Fmedia&parent=80227"}],"wp:term":[{"taxonomy":"pwb-brand","embeddable":true,"href":"https:\/\/www.autonvaraosahaku.fi\/index.php?rest_route=%2Fwp%2Fv2%2Fpwb-brand&post=80227"},{"taxonomy":"product_cat","embeddable":true,"href":"https:\/\/www.autonvaraosahaku.fi\/index.php?rest_route=%2Fwp%2Fv2%2Fproduct_cat&post=80227"},{"taxonomy":"product_tag","embeddable":true,"href":"https:\/\/www.autonvaraosahaku.fi\/index.php?rest_route=%2Fwp%2Fv2%2Fproduct_tag&post=80227"}],"curies":[{"name":"wp","href":"https:\/\/api.w.org\/{rel}","templated":true}]}}