{"id":80235,"date":"2021-02-21T20:09:16","date_gmt":"2021-02-21T20:09:16","guid":{"rendered":"https:\/\/www.autonvaraosahaku.fi\/?product=hella-8mt-354-773-991-termostaatti"},"modified":"2021-02-21T20:09:18","modified_gmt":"2021-02-21T20:09:18","slug":"hella-8mt-354-773-991-termostaatti","status":"publish","type":"product","link":"https:\/\/www.autonvaraosahaku.fi\/?product=hella-8mt-354-773-991-termostaatti","title":{"rendered":"HELLA 8MT 354 773-991 Termostaatti"},"content":{"rendered":"<p>L\u00e4pimitta 1 [mm]: 53,5; Avausl\u00e4mp\u00f6tila [\u00b0C]: 89; TECDOC-moottorinumero: 3249; OPEL: ARENA Kasten TB, TF; LANCIA: ZETA 220; FIAT: DUCATO Pritsche\/Fahrgestell 230,DUCATO Bus 230,DUCATO Kasten 244,DUCATO Pritsche\/Fahrgestell 244,DUCATO Kasten 230L,DUCATO Bus 244, Z_,ULYSSE 220; CITRO\u00cbN: BERLINGO MF,SAXO S0, S1,BERLINGO Kasten M_,XSARA N1,XSARA Break N2,XSARA Coupe N0,XANTIA X1,AX ZA-_,EVASION 22, U6,ZX N2,BX XB-_,XM Y3,XANTIA Break X1,ZX Break N2,BX Break XB-_,C15 VD-_,XM Break Y3,C15 Kombi; PEUGEOT: 106 II 1,306 Schr\u00e4gheck 7A, 7C, N3, N5,306 Cabriolet 7D, N3, N5,PARTNER Combispace 5F,106 I 1A, 1C,205 II 20A\/C,PARTNER Kasten 5,306 Break 7E, N3, N5,406 8B,806 221,306 7B, N3, N5,205 I Cabriolet 741B, 20D,205 I 741A\/C,405 I 15B,605 6B,405 II 4B,106 Van 1_,405 II Break 4E,405 I Break 15E; RENAULT: CLIO II BB0\/1\/2_, CB0\/1\/2_,KANGOO KC0\/1_,LAGUNA II Grandtour KG0\/1_,ESPACE III JE0_,LAGUNA II BG0\/1_,MEGANE I BA0\/1_,KANGOO Express FC0\/1_,MEGANE I Cabriolet EA0\/1_,LAGUNA I B56_, 556_,CLIO I B\/C57_, 5\/357_,LAGUNA I Grandtour K56_,MEGANE I Coach DA0\/1_,CLIO II Kasten SB0\/1\/2_,19 II B\/C53_,19 II Cabriolet D53_, 853_,SUPER 5 B\/C40_,RAPID Kasten F40_, G40_,19 I B\/C53_,TRAFIC Kasten TXX,TRAFIC Bus TXW,19 II Chamade L53_,21 Stufenheck L48_,19 I Chamade L53_,CLIO I Kasten S57_,19 I Cabriolet D53_,21 Kombi K48_,21 B48_,19 II Kasten S53_,19 I Kasten S53_,TRAFIC Pritsche\/Fahrgestell PXX,21 Kasten S48_,SUPER 5 Kasten S40_; 133727, 133811, 133844, 7910011880, 96050286, 9604915680, 9605028680, 9617178080, 9604915680, 9605028680, 9617178080, 9604915680, 9605028680, 9617178080, 09110719, 4402719, 133727, 133811, 133844, 7700723945, 7700866896, 7700872314, 7701035736, 7701348372, 7701348373, 4402719, 9110719, 3473479, 3474877; Termostaatti, J\u00e4\u00e4hdytysneste<\/p>\n","protected":false},"excerpt":{"rendered":"<p>HELLA Termostaatti 8MT 354 773-991 Termostaatti, J\u00e4\u00e4hdytysneste OPEL,LANCIA,FIAT,ARENA Kasten TB, TF,ZETA 220,DUCATO Pritsche\/Fahrgestell 230<\/p>\n","protected":false},"featured_media":0,"template":"","meta":{"site-sidebar-layout":"default","site-content-layout":"default","ast-global-header-display":"","ast-main-header-display":"","ast-hfb-above-header-display":"","ast-hfb-below-header-display":"","ast-hfb-mobile-header-display":"","site-post-title":"","ast-breadcrumbs-content":"","ast-featured-img":"","footer-sml-layout":"","theme-transparent-header-meta":"","adv-header-id-meta":"","stick-header-meta":"","header-above-stick-meta":"","header-main-stick-meta":"","header-below-stick-meta":""},"pwb-brand":[24],"product_cat":[174],"product_tag":[],"class_list":{"0":"post-80235","1":"product","2":"type-product","3":"status-publish","5":"pwb-brand-hella","6":"product_cat-termostaatti","7":"desktop-align-left","8":"tablet-align-left","9":"mobile-align-left","11":"first","12":"instock","13":"product-type-external"},"brands":[{"id":24,"name":"HELLA","slug":"hella"}],"_links":{"self":[{"href":"https:\/\/www.autonvaraosahaku.fi\/index.php?rest_route=\/wp\/v2\/product\/80235","targetHints":{"allow":["GET"]}}],"collection":[{"href":"https:\/\/www.autonvaraosahaku.fi\/index.php?rest_route=\/wp\/v2\/product"}],"about":[{"href":"https:\/\/www.autonvaraosahaku.fi\/index.php?rest_route=\/wp\/v2\/types\/product"}],"wp:attachment":[{"href":"https:\/\/www.autonvaraosahaku.fi\/index.php?rest_route=%2Fwp%2Fv2%2Fmedia&parent=80235"}],"wp:term":[{"taxonomy":"pwb-brand","embeddable":true,"href":"https:\/\/www.autonvaraosahaku.fi\/index.php?rest_route=%2Fwp%2Fv2%2Fpwb-brand&post=80235"},{"taxonomy":"product_cat","embeddable":true,"href":"https:\/\/www.autonvaraosahaku.fi\/index.php?rest_route=%2Fwp%2Fv2%2Fproduct_cat&post=80235"},{"taxonomy":"product_tag","embeddable":true,"href":"https:\/\/www.autonvaraosahaku.fi\/index.php?rest_route=%2Fwp%2Fv2%2Fproduct_tag&post=80235"}],"curies":[{"name":"wp","href":"https:\/\/api.w.org\/{rel}","templated":true}]}}