{"id":80271,"date":"2021-02-21T20:09:32","date_gmt":"2021-02-21T20:09:32","guid":{"rendered":"https:\/\/www.autonvaraosahaku.fi\/?product=skf-vkjp-2039-hammastangon-suojakumi"},"modified":"2021-02-21T20:09:33","modified_gmt":"2021-02-21T20:09:33","slug":"skf-vkjp-2039-hammastangon-suojakumi","status":"publish","type":"product","link":"https:\/\/www.autonvaraosahaku.fi\/?product=skf-vkjp-2039-hammastangon-suojakumi","title":{"rendered":"SKF VKJP 2039 Hammastangon suojakumi"},"content":{"rendered":"<p>Korkeus (mm): 165; Sis\u00e4l\u00e4pimitta 1 [mm]: 9,5; Sis\u00e4l\u00e4pimitta 2 [mm]: 42; Valmistusvuoteen: 12\/2013; OPEL: MOVANO Kasten F9,MOVANO Combi J9,MOVANO Pritsche\/Fahrgestell U9, E9,MOVANO Kipper H9; RENAULT: ESPACE III JE0_,MASTER II Kasten FD,MASTER II Pritsche\/Fahrgestell ED\/HD\/UD,MASTER II Bus JD,AVANTIME DE0_,SANDERO\/STEPWAY I,LOGAN I LS_,SANDERO\/STEPWAY II,LOGAN II; NISSAN: INTERSTAR Kasten X70,INTERSTAR Bus X70; DACIA: SANDERO,LOGAN MCV KS_,SANDERO II,LOGAN MCV II,LOGAN LS_,LOGAN EXPRESS FS_,LOGAN Pick-up US_,LOGAN II; VAUXHALL: MOVANO Mk I A Van FD,MOVANO Mk I A Combi JD; 6001547607, 4820300QAD, 6025370231, 4501260, 9161560, 6001547607, 6025370231, 7701470361<\/p>\n","protected":false},"excerpt":{"rendered":"<p>SKF Paljekumisarja, Ohjaus VKJP 2039  OPEL,RENAULT,NISSAN,MOVANO Kasten F9,MOVANO Combi J9,MOVANO Pritsche\/Fahrgestell U9, E9,MOVANO Kipper H9<\/p>\n","protected":false},"featured_media":0,"template":"","meta":{"site-sidebar-layout":"default","site-content-layout":"default","ast-global-header-display":"","ast-main-header-display":"","ast-hfb-above-header-display":"","ast-hfb-below-header-display":"","ast-hfb-mobile-header-display":"","site-post-title":"","ast-breadcrumbs-content":"","ast-featured-img":"","footer-sml-layout":"","theme-transparent-header-meta":"","adv-header-id-meta":"","stick-header-meta":"","header-above-stick-meta":"","header-main-stick-meta":"","header-below-stick-meta":""},"pwb-brand":[237],"product_cat":[81],"product_tag":[],"class_list":{"0":"post-80271","1":"product","2":"type-product","3":"status-publish","5":"pwb-brand-skf","6":"product_cat-hammastangon-suojakumi","7":"desktop-align-left","8":"tablet-align-left","9":"mobile-align-left","11":"first","12":"instock","13":"product-type-external"},"brands":[{"id":237,"name":"SKF","slug":"skf"}],"_links":{"self":[{"href":"https:\/\/www.autonvaraosahaku.fi\/index.php?rest_route=\/wp\/v2\/product\/80271","targetHints":{"allow":["GET"]}}],"collection":[{"href":"https:\/\/www.autonvaraosahaku.fi\/index.php?rest_route=\/wp\/v2\/product"}],"about":[{"href":"https:\/\/www.autonvaraosahaku.fi\/index.php?rest_route=\/wp\/v2\/types\/product"}],"wp:attachment":[{"href":"https:\/\/www.autonvaraosahaku.fi\/index.php?rest_route=%2Fwp%2Fv2%2Fmedia&parent=80271"}],"wp:term":[{"taxonomy":"pwb-brand","embeddable":true,"href":"https:\/\/www.autonvaraosahaku.fi\/index.php?rest_route=%2Fwp%2Fv2%2Fpwb-brand&post=80271"},{"taxonomy":"product_cat","embeddable":true,"href":"https:\/\/www.autonvaraosahaku.fi\/index.php?rest_route=%2Fwp%2Fv2%2Fproduct_cat&post=80271"},{"taxonomy":"product_tag","embeddable":true,"href":"https:\/\/www.autonvaraosahaku.fi\/index.php?rest_route=%2Fwp%2Fv2%2Fproduct_tag&post=80271"}],"curies":[{"name":"wp","href":"https:\/\/api.w.org\/{rel}","templated":true}]}}