{"id":80281,"date":"2021-02-21T20:09:32","date_gmt":"2021-02-21T20:09:32","guid":{"rendered":"https:\/\/www.autonvaraosahaku.fi\/?product=trw-gch481-kasijarruvaijeri"},"modified":"2021-02-21T20:09:36","modified_gmt":"2021-02-21T20:09:36","slug":"trw-gch481-kasijarruvaijeri","status":"publish","type":"product","link":"https:\/\/www.autonvaraosahaku.fi\/?product=trw-gch481-kasijarruvaijeri","title":{"rendered":"TRW GCH481 K\u00e4sijarruvaijeri"},"content":{"rendered":"<p>Osa: Taka osa; Pituus 1 \/ pituus 2: 1835\/1250; Jarrutyyppi: Levyjarru; Tarvittava kappalem\u00e4\u00e4r\u00e4: 2; Asennuspuoli: links; VW: PASSAT Variant 3B6,PASSAT Variant 3B5,PASSAT 3B2,PASSAT 3B3; 3B0609721AA, 3B0609721K; Jarruvaijeri,Vaijeri, K\u00e4sijarru<\/p>\n","protected":false},"excerpt":{"rendered":"<p>TRW K\u00e4sijarruvaijeri GCH481 Jarruvaijeri,Vaijeri, K\u00e4sijarru VW,PASSAT Variant 3B6,PASSAT Variant 3B5,PASSAT 3B2,PASSAT 3B3<\/p>\n","protected":false},"featured_media":0,"template":"","meta":{"site-sidebar-layout":"default","site-content-layout":"default","ast-global-header-display":"","ast-main-header-display":"","ast-hfb-above-header-display":"","ast-hfb-below-header-display":"","ast-hfb-mobile-header-display":"","site-post-title":"","ast-breadcrumbs-content":"","ast-featured-img":"","footer-sml-layout":"","theme-transparent-header-meta":"","adv-header-id-meta":"","stick-header-meta":"","header-above-stick-meta":"","header-main-stick-meta":"","header-below-stick-meta":""},"pwb-brand":[332],"product_cat":[210],"product_tag":[],"class_list":{"0":"post-80281","1":"product","2":"type-product","3":"status-publish","5":"pwb-brand-trw","6":"product_cat-kasijarruvaijeri","7":"desktop-align-left","8":"tablet-align-left","9":"mobile-align-left","11":"first","12":"instock","13":"product-type-external"},"brands":[{"id":332,"name":"TRW","slug":"trw"}],"_links":{"self":[{"href":"https:\/\/www.autonvaraosahaku.fi\/index.php?rest_route=\/wp\/v2\/product\/80281","targetHints":{"allow":["GET"]}}],"collection":[{"href":"https:\/\/www.autonvaraosahaku.fi\/index.php?rest_route=\/wp\/v2\/product"}],"about":[{"href":"https:\/\/www.autonvaraosahaku.fi\/index.php?rest_route=\/wp\/v2\/types\/product"}],"wp:attachment":[{"href":"https:\/\/www.autonvaraosahaku.fi\/index.php?rest_route=%2Fwp%2Fv2%2Fmedia&parent=80281"}],"wp:term":[{"taxonomy":"pwb-brand","embeddable":true,"href":"https:\/\/www.autonvaraosahaku.fi\/index.php?rest_route=%2Fwp%2Fv2%2Fpwb-brand&post=80281"},{"taxonomy":"product_cat","embeddable":true,"href":"https:\/\/www.autonvaraosahaku.fi\/index.php?rest_route=%2Fwp%2Fv2%2Fproduct_cat&post=80281"},{"taxonomy":"product_tag","embeddable":true,"href":"https:\/\/www.autonvaraosahaku.fi\/index.php?rest_route=%2Fwp%2Fv2%2Fproduct_tag&post=80281"}],"curies":[{"name":"wp","href":"https:\/\/api.w.org\/{rel}","templated":true}]}}